{"id":203972,"date":"2025-03-23T11:06:16","date_gmt":"2025-03-23T11:06:16","guid":{"rendered":"https:\/\/aromasentia.com\/product\/gemstone-heart-pendants-12-assorted-20x6mm\/"},"modified":"2025-05-31T00:23:37","modified_gmt":"2025-05-31T00:23:37","slug":"edelsten-hjerteanheng-12-assorterte-20x6mm","status":"publish","type":"product","link":"https:\/\/aromasentia.com\/no\/edelsten-hjerteanheng-12-assorterte-20x6mm\/","title":{"rendered":"Edelsten Hjerteanheng (12 Assorterte) 20x6mm"},"content":{"rendered":"<p>Smyk deg med kj\u00e6rlighet og naturlig skj\u00f8nnhet med dette sortimentet av 12 hjerteanheng med edelstener. Hvert anheng m\u00e5ler ca. 20&#215;6 mm og har en rekke forskjellige ekte edelstener, perfekt for \u00e5 skape unike halskjeder eller \u00f8reringer.<\/p>\n","protected":false},"excerpt":{"rendered":"<p>Smyk deg med kj\u00e6rlighet og naturlig skj\u00f8nnhet med dette sortimentet av 12 hjerteanheng med edelstener. Hvert anheng m\u00e5ler ca. 20&#215;6 mm og har en rekke forskjellige ekte edelstener, perfekt for \u00e5 skape unike halskjeder eller \u00f8reringer.<\/p>\n","protected":false},"featured_media":420717,"comment_status":"closed","ping_status":"open","template":"","meta":{"_angie_page":false},"product_brand":[],"product_cat":[25214,8586],"product_tag":[],"class_list":{"0":"post-203972","1":"product","2":"type-product","3":"status-publish","4":"has-post-thumbnail","6":"product_cat-halskjeder-og-anheng","7":"product_cat-smykker-og-tilbehor","8":"pa_collection-gemstone-pendants-no","9":"pa_made-in-kina","11":"first","12":"instock","13":"purchasable","14":"product-type-simple"},"supplier_id":null,"supplier_sku":"GemPD-15","barcode":null,"atum_controlled":true,"out_stock_date":null,"out_stock_threshold":null,"inheritable":false,"inbound_stock":null,"stock_on_hold":0,"sold_today":0,"sales_last_days":0,"reserved_stock":null,"customer_returns":null,"warehouse_damage":null,"lost_in_post":null,"other_logs":null,"out_stock_days":0,"lost_sales":0,"has_location":null,"update_date":"2026-05-08T05:09:40","atum_locations":[],"atum_stock_status":"instock","restock_status":false,"low_stock_amount":"","sales_update_date":"2025-09-03T00:16:52","calc_backorders":null,"_links":{"self":[{"href":"https:\/\/aromasentia.com\/no\/wp-json\/wp\/v2\/product\/203972","targetHints":{"allow":["GET"]}}],"collection":[{"href":"https:\/\/aromasentia.com\/no\/wp-json\/wp\/v2\/product"}],"about":[{"href":"https:\/\/aromasentia.com\/no\/wp-json\/wp\/v2\/types\/product"}],"replies":[{"embeddable":true,"href":"https:\/\/aromasentia.com\/no\/wp-json\/wp\/v2\/comments?post=203972"}],"version-history":[{"count":0,"href":"https:\/\/aromasentia.com\/no\/wp-json\/wp\/v2\/product\/203972\/revisions"}],"wp:featuredmedia":[{"embeddable":true,"href":"https:\/\/aromasentia.com\/no\/wp-json\/wp\/v2\/media\/420717"}],"wp:attachment":[{"href":"https:\/\/aromasentia.com\/no\/wp-json\/wp\/v2\/media?parent=203972"}],"wp:term":[{"taxonomy":"product_brand","embeddable":true,"href":"https:\/\/aromasentia.com\/no\/wp-json\/wp\/v2\/product_brand?post=203972"},{"taxonomy":"product_cat","embeddable":true,"href":"https:\/\/aromasentia.com\/no\/wp-json\/wp\/v2\/product_cat?post=203972"},{"taxonomy":"product_tag","embeddable":true,"href":"https:\/\/aromasentia.com\/no\/wp-json\/wp\/v2\/product_tag?post=203972"}],"curies":[{"name":"wp","href":"https:\/\/api.w.org\/{rel}","templated":true}]}}