{"id":203964,"date":"2025-03-23T11:06:16","date_gmt":"2025-03-23T11:06:16","guid":{"rendered":"https:\/\/aromasentia.com\/product\/gemstone-double-power-bracelets-rose-quartz\/"},"modified":"2025-05-31T00:23:06","modified_gmt":"2025-05-31T00:23:06","slug":"armband-double-power-rosenkvarts","status":"publish","type":"product","link":"https:\/\/aromasentia.com\/no\/armband-double-power-rosenkvarts\/","title":{"rendered":"Armb\u00e5nd Double Power &#8211; Rosenkvarts"},"content":{"rendered":"<p><strong>Introduser kundene dine for den tidl\u00f8se appellen til v\u00e5re Gemstone Double Power-armb\u00e5nd,<\/strong>som er laget av naturlige edelstener av h\u00f8y kvalitet.<\/p>\n<p><strong>Selges i tre forskjellige farger &#8211; m\u00f8rkebrun, svart og r\u00f8d med to fremtredende edelstensperler og et elastisk armb\u00e5nd utsmykket med matchende edelstensperler.<\/strong><\/p>\n<p>Hvert sett leveres pakket med et headcard som fremhever de spesifikke fordelene med edelstenene.<\/p>\n<p><strong>Rosenkvarts er kjent som steinen for ubetinget kj\u00e6rlighet og medf\u00f8lelse.<\/strong> \u00c5 bruke rosenkvarts antas \u00e5 bidra til \u00e5 tiltrekke kj\u00e6rlighet, styrke egenkj\u00e6rlighet og fremme emosjonell helbredelse. Det oppmuntrer til tilgivelse og fremmer f\u00f8lelser av fred, noe som gj\u00f8r det ideelt for de som \u00f8nsker \u00e5 utdype sine forhold eller dyrke indre harmoni.<\/p>\n<p><strong><span style=\"color: rgb(141, 186, 216);\">Vennligst spesifiser i spesielle instruksjoner ved kassen hvilken farge armb\u00e5ndsstreng som foretrekkes. Hvis ingen farge er spesifisert, velger vi tilfeldig.<\/span><\/strong><\/p>\n","protected":false},"excerpt":{"rendered":"<p>Introduser kundene dine for den tidl\u00f8se appellen til v\u00e5re Gemstone Double Power-armb\u00e5nd,som er laget av naturlige edelstener av h\u00f8y kvalitet. Selges i tre forskjellige farger &#8211; m\u00f8rkebrun, svart og r\u00f8d med to fremtredende edelstensperler og et elastisk armb\u00e5nd utsmykket med matchende edelstensperler. Hvert sett leveres pakket med et headcard som fremhever de spesifikke fordelene med [&hellip;]<\/p>\n","protected":false},"featured_media":420517,"comment_status":"closed","ping_status":"open","template":"","meta":{"_angie_page":false},"product_brand":[],"product_cat":[25207,25221,25734,25746,8586],"product_tag":[],"class_list":{"0":"post-203964","1":"product","2":"type-product","3":"status-publish","4":"has-post-thumbnail","6":"product_cat-armband","7":"product_cat-krystaller-edelsteiner","8":"product_cat-kvarts","9":"product_cat-rosenkvarts","10":"product_cat-smykker-og-tilbehor","11":"pa_collection-double-power-bracelets-no","12":"pa_made-in-kina","14":"first","15":"instock","16":"purchasable","17":"product-type-simple"},"supplier_id":null,"supplier_sku":"GDPB-01","barcode":null,"atum_controlled":true,"out_stock_date":null,"out_stock_threshold":null,"inheritable":false,"inbound_stock":null,"stock_on_hold":0,"sold_today":0,"sales_last_days":0,"reserved_stock":null,"customer_returns":null,"warehouse_damage":null,"lost_in_post":null,"other_logs":null,"out_stock_days":0,"lost_sales":0,"has_location":null,"update_date":"2026-04-27T07:05:08","atum_locations":[],"atum_stock_status":"instock","restock_status":false,"low_stock_amount":"","sales_update_date":"2025-09-03T00:16:51","calc_backorders":null,"_links":{"self":[{"href":"https:\/\/aromasentia.com\/no\/wp-json\/wp\/v2\/product\/203964","targetHints":{"allow":["GET"]}}],"collection":[{"href":"https:\/\/aromasentia.com\/no\/wp-json\/wp\/v2\/product"}],"about":[{"href":"https:\/\/aromasentia.com\/no\/wp-json\/wp\/v2\/types\/product"}],"replies":[{"embeddable":true,"href":"https:\/\/aromasentia.com\/no\/wp-json\/wp\/v2\/comments?post=203964"}],"version-history":[{"count":0,"href":"https:\/\/aromasentia.com\/no\/wp-json\/wp\/v2\/product\/203964\/revisions"}],"wp:featuredmedia":[{"embeddable":true,"href":"https:\/\/aromasentia.com\/no\/wp-json\/wp\/v2\/media\/420517"}],"wp:attachment":[{"href":"https:\/\/aromasentia.com\/no\/wp-json\/wp\/v2\/media?parent=203964"}],"wp:term":[{"taxonomy":"product_brand","embeddable":true,"href":"https:\/\/aromasentia.com\/no\/wp-json\/wp\/v2\/product_brand?post=203964"},{"taxonomy":"product_cat","embeddable":true,"href":"https:\/\/aromasentia.com\/no\/wp-json\/wp\/v2\/product_cat?post=203964"},{"taxonomy":"product_tag","embeddable":true,"href":"https:\/\/aromasentia.com\/no\/wp-json\/wp\/v2\/product_tag?post=203964"}],"curies":[{"name":"wp","href":"https:\/\/api.w.org\/{rel}","templated":true}]}}