{"id":203957,"date":"2025-03-23T11:06:16","date_gmt":"2025-03-23T11:06:16","guid":{"rendered":"https:\/\/aromasentia.com\/product\/faceted-gemstone-bracelet-magnetic-rock-quartz\/"},"modified":"2025-05-31T00:22:47","modified_gmt":"2025-05-31T00:22:47","slug":"fasettert-armband-magnetisk-bergkvarts","status":"publish","type":"product","link":"https:\/\/aromasentia.com\/no\/fasettert-armband-magnetisk-bergkvarts\/","title":{"rendered":"Fasettert Armb\u00e5nd &#8211; Magnetisk Bergkvarts"},"content":{"rendered":"<p><span style=\"color: rgb(75, 80, 88);\">V\u00e5re fantastiske <strong>fasetterte edelstensarmb\u00e5nd<\/strong>er et must i butikken din.<\/span><\/p>\n<p><span style=\"color: rgb(75, 80, 88);\">Dette smykket har sm\u00e5 perler av steiner som er slipt og polert til fasetter, som reflekterer lys og gir steinene et glitrende utseende.<\/span><\/p>\n<p><span style=\"color: rgb(75, 80, 88);\">Mange tror at forskjellige edelstener har forskjellige helbredende egenskaper, og \u00e5 bruke et edelstensarmb\u00e5nd kan fremme generell velv\u00e6re.<\/span><\/p>\n<p><strong><span style=\"color: rgb(75, 80, 88);\">Steinkvarts<\/span><\/strong><span style=\"color: rgb(75, 80, 88);\">sies \u00e5 ha helbredende egenskaper, som \u00e5 fremme emosjonell balanse og styrke intuisjonen og beslutningstaking. Den sies ogs\u00e5 \u00e5 v\u00e6re en klarhetsstein, som bidrar til \u00e5 klarne sinnet og forbedre \u00e5ndelig vekst.<\/span> <\/p>\n<p><span style=\"color: rgb(75, 80, 88);\">Med sitt enkle utseende gj\u00f8r det dem til den perfekte gaven eller \u00e5 kombinere dem med andre edelstensarmb\u00e5nd.<\/span><\/p>\n<p><span style=\"color: rgb(141, 186, 216);\"><strong>Tro oss, kundene dine vil ikke kj\u00f8pe bare \u00e9n. &nbsp;<\/strong><\/span><\/p>\n","protected":false},"excerpt":{"rendered":"<p>V\u00e5re fantastiske fasetterte edelstensarmb\u00e5nder et must i butikken din. Dette smykket har sm\u00e5 perler av steiner som er slipt og polert til fasetter, som reflekterer lys og gir steinene et glitrende utseende. Mange tror at forskjellige edelstener har forskjellige helbredende egenskaper, og \u00e5 bruke et edelstensarmb\u00e5nd kan fremme generell velv\u00e6re. Steinkvartssies \u00e5 ha helbredende egenskaper, [&hellip;]<\/p>\n","protected":false},"featured_media":420286,"comment_status":"closed","ping_status":"open","template":"","meta":{"_angie_page":false},"product_brand":[],"product_cat":[25207,25221,25734,8586],"product_tag":[],"class_list":{"0":"post-203957","1":"product","2":"type-product","3":"status-publish","4":"has-post-thumbnail","6":"product_cat-armband","7":"product_cat-krystaller-edelsteiner","8":"product_cat-kvarts","9":"product_cat-smykker-og-tilbehor","10":"pa_collection-faceted-gemstone-bracelets-no","11":"pa_made-in-kina","13":"first","14":"instock","15":"purchasable","16":"product-type-simple"},"supplier_id":null,"supplier_sku":"FGemB-06","barcode":null,"atum_controlled":true,"out_stock_date":null,"out_stock_threshold":null,"inheritable":false,"inbound_stock":null,"stock_on_hold":0,"sold_today":0,"sales_last_days":0,"reserved_stock":null,"customer_returns":null,"warehouse_damage":null,"lost_in_post":null,"other_logs":null,"out_stock_days":0,"lost_sales":0,"has_location":null,"update_date":"2026-04-27T07:03:12","atum_locations":[],"atum_stock_status":"instock","restock_status":false,"low_stock_amount":"","sales_update_date":"2026-02-06T00:01:56","calc_backorders":null,"_links":{"self":[{"href":"https:\/\/aromasentia.com\/no\/wp-json\/wp\/v2\/product\/203957","targetHints":{"allow":["GET"]}}],"collection":[{"href":"https:\/\/aromasentia.com\/no\/wp-json\/wp\/v2\/product"}],"about":[{"href":"https:\/\/aromasentia.com\/no\/wp-json\/wp\/v2\/types\/product"}],"replies":[{"embeddable":true,"href":"https:\/\/aromasentia.com\/no\/wp-json\/wp\/v2\/comments?post=203957"}],"version-history":[{"count":0,"href":"https:\/\/aromasentia.com\/no\/wp-json\/wp\/v2\/product\/203957\/revisions"}],"wp:featuredmedia":[{"embeddable":true,"href":"https:\/\/aromasentia.com\/no\/wp-json\/wp\/v2\/media\/420286"}],"wp:attachment":[{"href":"https:\/\/aromasentia.com\/no\/wp-json\/wp\/v2\/media?parent=203957"}],"wp:term":[{"taxonomy":"product_brand","embeddable":true,"href":"https:\/\/aromasentia.com\/no\/wp-json\/wp\/v2\/product_brand?post=203957"},{"taxonomy":"product_cat","embeddable":true,"href":"https:\/\/aromasentia.com\/no\/wp-json\/wp\/v2\/product_cat?post=203957"},{"taxonomy":"product_tag","embeddable":true,"href":"https:\/\/aromasentia.com\/no\/wp-json\/wp\/v2\/product_tag?post=203957"}],"curies":[{"name":"wp","href":"https:\/\/api.w.org\/{rel}","templated":true}]}}