{"id":203944,"date":"2025-03-23T11:06:16","date_gmt":"2025-03-23T11:06:16","guid":{"rendered":"https:\/\/aromasentia.com\/product\/set-of-2-gemstones-friendship-bracelets-loyalty-amazonite-yellow-jasper\/"},"modified":"2025-05-31T00:22:04","modified_gmt":"2025-05-31T00:22:04","slug":"vennskaps-armband-lojalitet-amazonitt-og-gul-jaspis-2stk","status":"publish","type":"product","link":"https:\/\/aromasentia.com\/no\/vennskaps-armband-lojalitet-amazonitt-og-gul-jaspis-2stk\/","title":{"rendered":"Vennskaps Armb\u00e5nd &#8211; Lojalitet &#8211; Amazonitt Og Gul Jaspis 2Stk."},"content":{"rendered":"<p>Gi \u00e9n og behold \u00e9n for \u00e5 feire et spesielt vennskapsb\u00e5nd + = symbol p\u00e5 forbindelse.<\/p>\n<p>Vennskapsarmb\u00e5nd med edelstener. Hvert for \u00e5 erkl\u00e6re et vennskap &#8211; hver blanding av edelstener et forhold.<\/p>\n<p>S\u00e5 disse vennskapsarmb\u00e5ndene med edelstener finnes i 8 design, slik at du kan finne det perfekte paret.<\/p>\n<p>Hvert sett har en merkelapp som viser typen vennskap som gjenspeiles av den edelstenen. S\u00e5 kult, s\u00e5 fantastisk &#8230; Du kan gi \u00e9n og beholde \u00e9n for \u00e5 feire et spesielt vennskapsb\u00e5nd + = symbol p\u00e5 forbindelse.<\/p>\n<p><\/p>\n<p>Ikke bekymre deg for om de passer deg, siden de strekker seg &#8211; \u00e9n st\u00f8rrelse passer alle.<\/p>\n","protected":false},"excerpt":{"rendered":"<p>Gi \u00e9n og behold \u00e9n for \u00e5 feire et spesielt vennskapsb\u00e5nd + = symbol p\u00e5 forbindelse. Vennskapsarmb\u00e5nd med edelstener. Hvert for \u00e5 erkl\u00e6re et vennskap &#8211; hver blanding av edelstener et forhold. S\u00e5 disse vennskapsarmb\u00e5ndene med edelstener finnes i 8 design, slik at du kan finne det perfekte paret. Hvert sett har en merkelapp som [&hellip;]<\/p>\n","protected":false},"featured_media":419705,"comment_status":"closed","ping_status":"open","template":"","meta":{"_angie_page":false},"product_brand":[],"product_cat":[25207,25647,25221,8586],"product_tag":[],"class_list":{"0":"post-203944","1":"product","2":"type-product","3":"status-publish","4":"has-post-thumbnail","6":"product_cat-armband","7":"product_cat-jaspis","8":"product_cat-krystaller-edelsteiner","9":"product_cat-smykker-og-tilbehor","10":"pa_collection-set-of-2-friendship-bracelets-no","11":"pa_made-in-kina","13":"first","14":"instock","15":"purchasable","16":"product-type-simple"},"supplier_id":null,"supplier_sku":"FGB-01","barcode":null,"atum_controlled":true,"out_stock_date":null,"out_stock_threshold":null,"inheritable":false,"inbound_stock":null,"stock_on_hold":0,"sold_today":0,"sales_last_days":0,"reserved_stock":null,"customer_returns":null,"warehouse_damage":null,"lost_in_post":null,"other_logs":null,"out_stock_days":0,"lost_sales":0,"has_location":null,"update_date":"2026-04-27T07:03:05","atum_locations":[],"atum_stock_status":"instock","restock_status":false,"low_stock_amount":"","sales_update_date":"2025-09-03T00:16:47","calc_backorders":null,"_links":{"self":[{"href":"https:\/\/aromasentia.com\/no\/wp-json\/wp\/v2\/product\/203944","targetHints":{"allow":["GET"]}}],"collection":[{"href":"https:\/\/aromasentia.com\/no\/wp-json\/wp\/v2\/product"}],"about":[{"href":"https:\/\/aromasentia.com\/no\/wp-json\/wp\/v2\/types\/product"}],"replies":[{"embeddable":true,"href":"https:\/\/aromasentia.com\/no\/wp-json\/wp\/v2\/comments?post=203944"}],"version-history":[{"count":0,"href":"https:\/\/aromasentia.com\/no\/wp-json\/wp\/v2\/product\/203944\/revisions"}],"wp:featuredmedia":[{"embeddable":true,"href":"https:\/\/aromasentia.com\/no\/wp-json\/wp\/v2\/media\/419705"}],"wp:attachment":[{"href":"https:\/\/aromasentia.com\/no\/wp-json\/wp\/v2\/media?parent=203944"}],"wp:term":[{"taxonomy":"product_brand","embeddable":true,"href":"https:\/\/aromasentia.com\/no\/wp-json\/wp\/v2\/product_brand?post=203944"},{"taxonomy":"product_cat","embeddable":true,"href":"https:\/\/aromasentia.com\/no\/wp-json\/wp\/v2\/product_cat?post=203944"},{"taxonomy":"product_tag","embeddable":true,"href":"https:\/\/aromasentia.com\/no\/wp-json\/wp\/v2\/product_tag?post=203944"}],"curies":[{"name":"wp","href":"https:\/\/api.w.org\/{rel}","templated":true}]}}