{"id":203943,"date":"2025-03-23T11:06:24","date_gmt":"2025-03-23T11:06:24","guid":{"rendered":"https:\/\/aromasentia.com\/product\/gemstone-guardian-angel-pendant-tiger-eye\/"},"modified":"2025-05-31T00:22:01","modified_gmt":"2025-05-31T00:22:01","slug":"skytsengelanheng-av-edelstener-tigeroye","status":"publish","type":"product","link":"https:\/\/aromasentia.com\/no\/skytsengelanheng-av-edelstener-tigeroye\/","title":{"rendered":"Skytsengelanheng Av Edelstener &#8211; Tiger\u00f8ye"},"content":{"rendered":"<p>Det uts\u00f8kte <strong>Gemstone Guardian Angel-anhenget i Tiger\u00f8ye<\/strong> er et fengslende og spirituelt betydningsfullt smykke som symboliserer styrke, beskyttelse og guddommelig veiledning. Dette anhenget er designet for \u00e5 styrke motet, skape balanse og gi en f\u00f8lelse av styrke.nbsp;<\/p>\n<p>Gemstone Guardian Angel-anhenget har en polert Tiger Eye-edelsten i form av en delikat engel. Tiger\u00f8ye er kjent for sine jordingsegenskaper og evne til \u00e5 fremme styrke, mot og selvtillit. Den antas \u00e5 gi beskyttelse, styrke viljestyrken og gi en f\u00f8lelse av stabilitet og balanse. Dette anhenget er ikke bare et vakkert smykke, men har ogs\u00e5 en dyp symbolsk betydning. Det fungerer som en konstant p\u00e5minnelse om englenes tilstedev\u00e6relse i livene v\u00e5re, og gir veiledning og st\u00f8tte i utfordrende tider.nbsp;<\/p>\n<p>Dette anhenget er et allsidig tilbeh\u00f8r som uten problemer kan brukes fra dag til kveld, noe som gj\u00f8r det egnet til enhver anledning.<\/p>\n<p>Leveres med et s\u00f8lvbelagt kjede, ca. 45 cm langt. Pakket i et nydelig header card.&nbsp;<\/p>\n<p><em>St\u00f8rrelsene og formene p\u00e5 krystallene kan variere noe ettersom hvert enkelt anheng er h\u00e5ndlaget.<\/em><\/p>\n<p>Overrask kundene dine med dette s\u00f8te og unike smykket med edelstener, kj\u00e6rlig laget i India. Passer til b\u00e5de menn og kvinner, og er en perfekt gave til enhver anledning. Bestill i dag<\/strong><\/p><\/p>\n","protected":false},"excerpt":{"rendered":"<p>Det uts\u00f8kte Gemstone Guardian Angel-anhenget i Tiger\u00f8ye er et fengslende og spirituelt betydningsfullt smykke som symboliserer styrke, beskyttelse og guddommelig veiledning. Dette anhenget er designet for \u00e5 styrke motet, skape balanse og gi en f\u00f8lelse av styrke.nbsp; Gemstone Guardian Angel-anhenget har en polert Tiger Eye-edelsten i form av en delikat engel. Tiger\u00f8ye er kjent for [&hellip;]<\/p>\n","protected":false},"featured_media":422201,"comment_status":"closed","ping_status":"open","template":"","meta":{"_angie_page":false},"product_brand":[],"product_cat":[25214,25221,8586,25783],"product_tag":[],"class_list":{"0":"post-203943","1":"product","2":"type-product","3":"status-publish","4":"has-post-thumbnail","6":"product_cat-halskjeder-og-anheng","7":"product_cat-krystaller-edelsteiner","8":"product_cat-smykker-og-tilbehor","9":"product_cat-tigeroye","10":"pa_collection-indian-gemstone-pendant-jewellery-no","11":"pa_made-in-india","13":"first","14":"instock","15":"purchasable","16":"product-type-simple"},"supplier_id":null,"supplier_sku":"GPJ-19","barcode":null,"atum_controlled":true,"out_stock_date":null,"out_stock_threshold":null,"inheritable":false,"inbound_stock":null,"stock_on_hold":0,"sold_today":0,"sales_last_days":0,"reserved_stock":null,"customer_returns":null,"warehouse_damage":null,"lost_in_post":null,"other_logs":null,"out_stock_days":0,"lost_sales":0,"has_location":null,"update_date":"2026-04-29T06:53:35","atum_locations":[],"atum_stock_status":"instock","restock_status":false,"low_stock_amount":"","sales_update_date":"2026-01-20T05:13:30","calc_backorders":null,"_links":{"self":[{"href":"https:\/\/aromasentia.com\/no\/wp-json\/wp\/v2\/product\/203943","targetHints":{"allow":["GET"]}}],"collection":[{"href":"https:\/\/aromasentia.com\/no\/wp-json\/wp\/v2\/product"}],"about":[{"href":"https:\/\/aromasentia.com\/no\/wp-json\/wp\/v2\/types\/product"}],"replies":[{"embeddable":true,"href":"https:\/\/aromasentia.com\/no\/wp-json\/wp\/v2\/comments?post=203943"}],"version-history":[{"count":0,"href":"https:\/\/aromasentia.com\/no\/wp-json\/wp\/v2\/product\/203943\/revisions"}],"wp:featuredmedia":[{"embeddable":true,"href":"https:\/\/aromasentia.com\/no\/wp-json\/wp\/v2\/media\/422201"}],"wp:attachment":[{"href":"https:\/\/aromasentia.com\/no\/wp-json\/wp\/v2\/media?parent=203943"}],"wp:term":[{"taxonomy":"product_brand","embeddable":true,"href":"https:\/\/aromasentia.com\/no\/wp-json\/wp\/v2\/product_brand?post=203943"},{"taxonomy":"product_cat","embeddable":true,"href":"https:\/\/aromasentia.com\/no\/wp-json\/wp\/v2\/product_cat?post=203943"},{"taxonomy":"product_tag","embeddable":true,"href":"https:\/\/aromasentia.com\/no\/wp-json\/wp\/v2\/product_tag?post=203943"}],"curies":[{"name":"wp","href":"https:\/\/api.w.org\/{rel}","templated":true}]}}