{"id":203942,"date":"2025-03-23T11:06:24","date_gmt":"2025-03-23T11:06:24","guid":{"rendered":"https:\/\/aromasentia.com\/product\/gemstone-guardian-angel-pendant-amethyst\/"},"modified":"2025-05-31T00:21:57","modified_gmt":"2025-05-31T00:21:57","slug":"skytsengelanheng-av-edelstener-ametyst","status":"publish","type":"product","link":"https:\/\/aromasentia.com\/no\/skytsengelanheng-av-edelstener-ametyst\/","title":{"rendered":"Skytsengelanheng Av Edelstener &#8211; Ametyst"},"content":{"rendered":"<p>Det uts\u00f8kte <strong>Gemstone Guardian Angel-anhenget i ametyst<\/strong> er et uts\u00f8kt og spirituelt betydningsfullt smykke som symboliserer guddommelig veiledning, beskyttelse og \u00e5ndelig vekst. Dette anhenget er designet for \u00e5 styrke intuisjonen, fremme \u00e5ndelig kontakt og gi b\u00e6reren en f\u00f8lelse av fred og harmoni.nbsp;<\/p>\n<p>Premstone Guardian Angel-anhenget har en blankpolert ametyst-edelsten i form av en delikat engel. Den er kjent for sine \u00e5ndelige egenskaper og forbindes ofte med klarhet, intuisjon og \u00f8kt \u00e5ndelig bevissthet. Den antas \u00e5 gi beskyttelse, styrke meditasjonspraksis og fremme \u00e5ndelig vekst. Dette anhenget er ikke bare et fantastisk smykke, men har ogs\u00e5 en dyp symbolsk betydning. Det fungerer som en konstant p\u00e5minnelse om englenes n\u00e6rv\u00e6r og den veiledningen de gir p\u00e5 v\u00e5r \u00e5ndelige reise.nbsp;<\/p>\n<p>Dette anhenget er et allsidig tilbeh\u00f8r som enkelt kan brukes fra dag til kveld, noe som gj\u00f8r det egnet til enhver anledning.<\/p>\n<p>Leveres med et s\u00f8lvbelagt kjede, ca. 45 cm langt. Pakket i et nydelig header card.&nbsp;<\/p>\n<p><em>St\u00f8rrelsene og formene p\u00e5 krystallene kan variere noe ettersom hvert enkelt anheng er h\u00e5ndlaget.<\/em><\/p>\n<p>Overrask kundene dine med dette s\u00f8te og unike smykket med edelstener, som er laget med kj\u00e6rlighet i India. Passer til b\u00e5de menn og kvinner, og er en perfekt gave til enhver anledning. Bestill i dag<\/strong><\/p><\/p>\n","protected":false},"excerpt":{"rendered":"<p>Det uts\u00f8kte Gemstone Guardian Angel-anhenget i ametyst er et uts\u00f8kt og spirituelt betydningsfullt smykke som symboliserer guddommelig veiledning, beskyttelse og \u00e5ndelig vekst. Dette anhenget er designet for \u00e5 styrke intuisjonen, fremme \u00e5ndelig kontakt og gi b\u00e6reren en f\u00f8lelse av fred og harmoni.nbsp; Premstone Guardian Angel-anhenget har en blankpolert ametyst-edelsten i form av en delikat engel. [&hellip;]<\/p>\n","protected":false},"featured_media":422144,"comment_status":"closed","ping_status":"open","template":"","meta":{"_angie_page":false},"product_brand":[],"product_cat":[25548,25214,25221,8586],"product_tag":[],"class_list":{"0":"post-203942","1":"product","2":"type-product","3":"status-publish","4":"has-post-thumbnail","6":"product_cat-ametyst","7":"product_cat-halskjeder-og-anheng","8":"product_cat-krystaller-edelsteiner","9":"product_cat-smykker-og-tilbehor","10":"pa_collection-indian-gemstone-pendant-jewellery-no","11":"pa_made-in-india","13":"first","14":"instock","15":"purchasable","16":"product-type-simple"},"supplier_id":null,"supplier_sku":"GPJ-18","barcode":null,"atum_controlled":true,"out_stock_date":null,"out_stock_threshold":null,"inheritable":false,"inbound_stock":null,"stock_on_hold":0,"sold_today":0,"sales_last_days":0,"reserved_stock":null,"customer_returns":null,"warehouse_damage":null,"lost_in_post":null,"other_logs":null,"out_stock_days":0,"lost_sales":0,"has_location":null,"update_date":"2026-05-08T05:09:41","atum_locations":[],"atum_stock_status":"instock","restock_status":false,"low_stock_amount":"","sales_update_date":"2025-09-03T00:16:47","calc_backorders":null,"_links":{"self":[{"href":"https:\/\/aromasentia.com\/no\/wp-json\/wp\/v2\/product\/203942","targetHints":{"allow":["GET"]}}],"collection":[{"href":"https:\/\/aromasentia.com\/no\/wp-json\/wp\/v2\/product"}],"about":[{"href":"https:\/\/aromasentia.com\/no\/wp-json\/wp\/v2\/types\/product"}],"replies":[{"embeddable":true,"href":"https:\/\/aromasentia.com\/no\/wp-json\/wp\/v2\/comments?post=203942"}],"version-history":[{"count":0,"href":"https:\/\/aromasentia.com\/no\/wp-json\/wp\/v2\/product\/203942\/revisions"}],"wp:featuredmedia":[{"embeddable":true,"href":"https:\/\/aromasentia.com\/no\/wp-json\/wp\/v2\/media\/422144"}],"wp:attachment":[{"href":"https:\/\/aromasentia.com\/no\/wp-json\/wp\/v2\/media?parent=203942"}],"wp:term":[{"taxonomy":"product_brand","embeddable":true,"href":"https:\/\/aromasentia.com\/no\/wp-json\/wp\/v2\/product_brand?post=203942"},{"taxonomy":"product_cat","embeddable":true,"href":"https:\/\/aromasentia.com\/no\/wp-json\/wp\/v2\/product_cat?post=203942"},{"taxonomy":"product_tag","embeddable":true,"href":"https:\/\/aromasentia.com\/no\/wp-json\/wp\/v2\/product_tag?post=203942"}],"curies":[{"name":"wp","href":"https:\/\/api.w.org\/{rel}","templated":true}]}}