{"id":203931,"date":"2025-03-23T11:06:24","date_gmt":"2025-03-23T11:06:24","guid":{"rendered":"https:\/\/aromasentia.com\/product\/gemstone-flat-pencil-pendant-rose-quartz\/"},"modified":"2025-05-31T00:21:28","modified_gmt":"2025-05-31T00:21:28","slug":"edelsten-flat-pencil-anheng-rosenkvarts","status":"publish","type":"product","link":"https:\/\/aromasentia.com\/no\/edelsten-flat-pencil-anheng-rosenkvarts\/","title":{"rendered":"Edelsten Flat Pencil Anheng &#8211; Rosenkvarts"},"content":{"rendered":"<p>Det uts\u00f8kte <strong>Gemstone Flat Pencil-anhenget i rosakvarts<\/strong> er et praktfullt smykke som legemliggj\u00f8r essensen av kj\u00e6rlighet, skj\u00f8nnhet og harmoni. Dette anhenget er designet for \u00e5 fremheve ethvert antrekk og utstr\u00e5le en aura av eleganse og ynde.nbsp;<\/p>\n<p>Gemstone Flat Pencil Anheng har en blankpusset edelsten i rosakvarts i en slank og slank blyantform. Rose Quartz er kjent som den ubetingede kj\u00e6rlighetens stein, og utstr\u00e5ler en mild rosa fargetone som symboliserer medf\u00f8lelse, harmoni og emosjonell helbredelse. Den delikate fargen og gjennomskinnelige naturen gj\u00f8r den til en virkelig fengslende edelsten som utstr\u00e5ler en f\u00f8lelse av \u00f8mhet og ro. Dette anhenget er et allsidig tilbeh\u00f8r som enkelt kan brukes fra dag til kveld, noe som gj\u00f8r det egnet til enhver anledning.nbsp;<\/p>\n<p>Leveres med et s\u00f8lvbelagt kjede, ca. 45 cm langt. Pakket i et nydelig header card.&nbsp;<\/p>\n<p><em>St\u00f8rrelsene og formene p\u00e5 krystallene kan variere noe ettersom hvert enkelt anheng er h\u00e5ndlaget.<\/em><\/p>\n<p>Overrask kundene dine med dette s\u00f8te og unike smykket med edelstener, som er laget med kj\u00e6rlighet i India. Passer til b\u00e5de menn og kvinner, og er en perfekt gave til enhver anledning. Bestill i dag<\/strong><\/p><\/p>\n","protected":false},"excerpt":{"rendered":"<p>Det uts\u00f8kte Gemstone Flat Pencil-anhenget i rosakvarts er et praktfullt smykke som legemliggj\u00f8r essensen av kj\u00e6rlighet, skj\u00f8nnhet og harmoni. Dette anhenget er designet for \u00e5 fremheve ethvert antrekk og utstr\u00e5le en aura av eleganse og ynde.nbsp; Gemstone Flat Pencil Anheng har en blankpusset edelsten i rosakvarts i en slank og slank blyantform. Rose Quartz er [&hellip;]<\/p>\n","protected":false},"featured_media":421541,"comment_status":"closed","ping_status":"open","template":"","meta":{"_angie_page":false},"product_brand":[],"product_cat":[25214,25221,25734,25746,8586],"product_tag":[],"class_list":{"0":"post-203931","1":"product","2":"type-product","3":"status-publish","4":"has-post-thumbnail","6":"product_cat-halskjeder-og-anheng","7":"product_cat-krystaller-edelsteiner","8":"product_cat-kvarts","9":"product_cat-rosenkvarts","10":"product_cat-smykker-og-tilbehor","11":"pa_collection-indian-gemstone-pendant-jewellery-no","12":"pa_made-in-india","14":"first","15":"instock","16":"purchasable","17":"product-type-simple"},"supplier_id":null,"supplier_sku":"GPJ-07","barcode":null,"atum_controlled":true,"out_stock_date":null,"out_stock_threshold":null,"inheritable":false,"inbound_stock":null,"stock_on_hold":0,"sold_today":0,"sales_last_days":0,"reserved_stock":null,"customer_returns":null,"warehouse_damage":null,"lost_in_post":null,"other_logs":null,"out_stock_days":0,"lost_sales":0,"has_location":null,"update_date":"2026-05-08T05:09:40","atum_locations":[],"atum_stock_status":"instock","restock_status":false,"low_stock_amount":"","sales_update_date":"2026-01-30T01:25:50","calc_backorders":null,"_links":{"self":[{"href":"https:\/\/aromasentia.com\/no\/wp-json\/wp\/v2\/product\/203931","targetHints":{"allow":["GET"]}}],"collection":[{"href":"https:\/\/aromasentia.com\/no\/wp-json\/wp\/v2\/product"}],"about":[{"href":"https:\/\/aromasentia.com\/no\/wp-json\/wp\/v2\/types\/product"}],"replies":[{"embeddable":true,"href":"https:\/\/aromasentia.com\/no\/wp-json\/wp\/v2\/comments?post=203931"}],"version-history":[{"count":0,"href":"https:\/\/aromasentia.com\/no\/wp-json\/wp\/v2\/product\/203931\/revisions"}],"wp:featuredmedia":[{"embeddable":true,"href":"https:\/\/aromasentia.com\/no\/wp-json\/wp\/v2\/media\/421541"}],"wp:attachment":[{"href":"https:\/\/aromasentia.com\/no\/wp-json\/wp\/v2\/media?parent=203931"}],"wp:term":[{"taxonomy":"product_brand","embeddable":true,"href":"https:\/\/aromasentia.com\/no\/wp-json\/wp\/v2\/product_brand?post=203931"},{"taxonomy":"product_cat","embeddable":true,"href":"https:\/\/aromasentia.com\/no\/wp-json\/wp\/v2\/product_cat?post=203931"},{"taxonomy":"product_tag","embeddable":true,"href":"https:\/\/aromasentia.com\/no\/wp-json\/wp\/v2\/product_tag?post=203931"}],"curies":[{"name":"wp","href":"https:\/\/api.w.org\/{rel}","templated":true}]}}