{"id":203930,"date":"2025-03-23T11:06:24","date_gmt":"2025-03-23T11:06:24","guid":{"rendered":"https:\/\/aromasentia.com\/product\/gemstone-flat-pencil-pendant-rock-quartz\/"},"modified":"2025-05-31T00:21:25","modified_gmt":"2025-05-31T00:21:25","slug":"edelsten-flat-pencil-anheng-bergkvarts","status":"publish","type":"product","link":"https:\/\/aromasentia.com\/no\/edelsten-flat-pencil-anheng-bergkvarts\/","title":{"rendered":"Edelsten Flat Pencil Anheng &#8211; Bergkvarts"},"content":{"rendered":"<p>Det uts\u00f8kte <strong>Gemstone Flat Pencil-anhenget i bergkvarts <\/strong>er et fantastisk smykke som kombinerer naturlig skj\u00f8nnhet med tidl\u00f8s eleganse. Dette anhenget er designet for \u00e5 fengsle sansene og fremheve ethvert antrekk med sin str\u00e5lende tilstedev\u00e6relse.<\/p>\n<p>Gemstone Flat Pencil-anhenget har en blankpusset edelsten i bergkvarts i en slank og slank blyantform. Bergkvarts er kjent for sin klarhet og renhet, og antas \u00e5 ha helbredende egenskaper og fremme positiv energiflyt. Dette anhenget er et allsidig tilbeh\u00f8r som enkelt kan brukes fra dag til kveld, noe som gj\u00f8r det egnet til enhver anledning.nbsp;<\/p>\n<p>Leveres med et s\u00f8lvbelagt kjede, ca. 45 cm langt. Pakket i et nydelig header card.&nbsp;<\/p>\n<p><em>St\u00f8rrelsene og formene p\u00e5 krystallene kan variere noe ettersom hvert enkelt anheng er h\u00e5ndlaget.<\/em><\/p>\n<p>Overrask kundene dine med dette s\u00f8te og unike smykket med edelstener, som er laget med kj\u00e6rlighet i India. Passer til b\u00e5de menn og kvinner, og er en perfekt gave til enhver anledning. Bestill i dag<\/strong><\/p><\/p>\n","protected":false},"excerpt":{"rendered":"<p>Det uts\u00f8kte Gemstone Flat Pencil-anhenget i bergkvarts er et fantastisk smykke som kombinerer naturlig skj\u00f8nnhet med tidl\u00f8s eleganse. Dette anhenget er designet for \u00e5 fengsle sansene og fremheve ethvert antrekk med sin str\u00e5lende tilstedev\u00e6relse. Gemstone Flat Pencil-anhenget har en blankpusset edelsten i bergkvarts i en slank og slank blyantform. Bergkvarts er kjent for sin klarhet [&hellip;]<\/p>\n","protected":false},"featured_media":421492,"comment_status":"closed","ping_status":"open","template":"","meta":{"_angie_page":false},"product_brand":[],"product_cat":[25214,25221,25734,8586],"product_tag":[],"class_list":{"0":"post-203930","1":"product","2":"type-product","3":"status-publish","4":"has-post-thumbnail","6":"product_cat-halskjeder-og-anheng","7":"product_cat-krystaller-edelsteiner","8":"product_cat-kvarts","9":"product_cat-smykker-og-tilbehor","10":"pa_collection-indian-gemstone-pendant-jewellery-no","11":"pa_made-in-india","13":"first","14":"instock","15":"purchasable","16":"product-type-simple"},"supplier_id":null,"supplier_sku":"GPJ-06","barcode":null,"atum_controlled":true,"out_stock_date":null,"out_stock_threshold":null,"inheritable":false,"inbound_stock":null,"stock_on_hold":0,"sold_today":0,"sales_last_days":0,"reserved_stock":null,"customer_returns":null,"warehouse_damage":null,"lost_in_post":null,"other_logs":null,"out_stock_days":0,"lost_sales":0,"has_location":null,"update_date":"2026-05-08T05:09:40","atum_locations":[],"atum_stock_status":"instock","restock_status":false,"low_stock_amount":"","sales_update_date":"2026-01-20T05:14:27","calc_backorders":null,"_links":{"self":[{"href":"https:\/\/aromasentia.com\/no\/wp-json\/wp\/v2\/product\/203930","targetHints":{"allow":["GET"]}}],"collection":[{"href":"https:\/\/aromasentia.com\/no\/wp-json\/wp\/v2\/product"}],"about":[{"href":"https:\/\/aromasentia.com\/no\/wp-json\/wp\/v2\/types\/product"}],"replies":[{"embeddable":true,"href":"https:\/\/aromasentia.com\/no\/wp-json\/wp\/v2\/comments?post=203930"}],"version-history":[{"count":0,"href":"https:\/\/aromasentia.com\/no\/wp-json\/wp\/v2\/product\/203930\/revisions"}],"wp:featuredmedia":[{"embeddable":true,"href":"https:\/\/aromasentia.com\/no\/wp-json\/wp\/v2\/media\/421492"}],"wp:attachment":[{"href":"https:\/\/aromasentia.com\/no\/wp-json\/wp\/v2\/media?parent=203930"}],"wp:term":[{"taxonomy":"product_brand","embeddable":true,"href":"https:\/\/aromasentia.com\/no\/wp-json\/wp\/v2\/product_brand?post=203930"},{"taxonomy":"product_cat","embeddable":true,"href":"https:\/\/aromasentia.com\/no\/wp-json\/wp\/v2\/product_cat?post=203930"},{"taxonomy":"product_tag","embeddable":true,"href":"https:\/\/aromasentia.com\/no\/wp-json\/wp\/v2\/product_tag?post=203930"}],"curies":[{"name":"wp","href":"https:\/\/api.w.org\/{rel}","templated":true}]}}