{"id":203920,"date":"2025-03-23T11:06:24","date_gmt":"2025-03-23T11:06:24","guid":{"rendered":"https:\/\/aromasentia.com\/product\/lava-stone-bracelet-buddha-chakra\/"},"modified":"2025-05-31T00:20:56","modified_gmt":"2025-05-31T00:20:56","slug":"armband-av-lavastein-buddha-chakra","status":"publish","type":"product","link":"https:\/\/aromasentia.com\/no\/armband-av-lavastein-buddha-chakra\/","title":{"rendered":"Armb\u00e5nd Av Lavastein &#8211; Buddha Chakra"},"content":{"rendered":"<p>Med en rekke vakre edelstener. Det finnes for \u00f8yeblikket 11 design, slik at du kan finne den perfekte \u2013 selv om moten er \u00e5 bruke tre eller fire.<\/p>\n<p>Lavastensmykker er en ny stor ting. De m\u00f8rke, por\u00f8se perlene laget av lavastein har blitt en motetrend de siste \u00e5rene, men fordelene stopper ikke bare ved \u00e5 legge til litt dimensjon til armb\u00e5ndsbunken din.<\/p>\n<p>Noen bruker dem som diffusersmykker. Bare drypp 1\u20132 dr\u00e5per av dine favoritt essensielle oljer og gni det inn. Deretter kan du nyte aromaterapi hele dagen med disse vakre smykkene.<\/p>\n<p>Hvert design med en annen stein og et overskriftskort. \u2013 \u00e9n st\u00f8rrelse passer alle.<\/p>\n<p>En perfekt gave til enhver anledning \u2013 spesielt hvis den kombineres med en stilig fl\u00f8yelspose.<\/p>\n","protected":false},"excerpt":{"rendered":"<p>Med en rekke vakre edelstener. Det finnes for \u00f8yeblikket 11 design, slik at du kan finne den perfekte \u2013 selv om moten er \u00e5 bruke tre eller fire. Lavastensmykker er en ny stor ting. De m\u00f8rke, por\u00f8se perlene laget av lavastein har blitt en motetrend de siste \u00e5rene, men fordelene stopper ikke bare ved \u00e5 [&hellip;]<\/p>\n","protected":false},"featured_media":423132,"comment_status":"closed","ping_status":"open","template":"","meta":{"_angie_page":false},"product_brand":[],"product_cat":[25207,25221,25665,8586],"product_tag":[],"class_list":{"0":"post-203920","1":"product","2":"type-product","3":"status-publish","4":"has-post-thumbnail","6":"product_cat-armband","7":"product_cat-krystaller-edelsteiner","8":"product_cat-lavastein-basalt","9":"product_cat-smykker-og-tilbehor","10":"pa_collection-lava-stone-bracelets-no","11":"pa_made-in-kina","13":"first","14":"instock","15":"purchasable","16":"product-type-simple"},"supplier_id":null,"supplier_sku":"LavaSB-02","barcode":null,"atum_controlled":true,"out_stock_date":null,"out_stock_threshold":null,"inheritable":false,"inbound_stock":null,"stock_on_hold":0,"sold_today":0,"sales_last_days":0,"reserved_stock":null,"customer_returns":null,"warehouse_damage":null,"lost_in_post":null,"other_logs":null,"out_stock_days":0,"lost_sales":0,"has_location":null,"update_date":"2026-04-27T07:10:28","atum_locations":[],"atum_stock_status":"instock","restock_status":false,"low_stock_amount":"","sales_update_date":"2026-02-06T00:01:37","calc_backorders":null,"_links":{"self":[{"href":"https:\/\/aromasentia.com\/no\/wp-json\/wp\/v2\/product\/203920","targetHints":{"allow":["GET"]}}],"collection":[{"href":"https:\/\/aromasentia.com\/no\/wp-json\/wp\/v2\/product"}],"about":[{"href":"https:\/\/aromasentia.com\/no\/wp-json\/wp\/v2\/types\/product"}],"replies":[{"embeddable":true,"href":"https:\/\/aromasentia.com\/no\/wp-json\/wp\/v2\/comments?post=203920"}],"version-history":[{"count":0,"href":"https:\/\/aromasentia.com\/no\/wp-json\/wp\/v2\/product\/203920\/revisions"}],"wp:featuredmedia":[{"embeddable":true,"href":"https:\/\/aromasentia.com\/no\/wp-json\/wp\/v2\/media\/423132"}],"wp:attachment":[{"href":"https:\/\/aromasentia.com\/no\/wp-json\/wp\/v2\/media?parent=203920"}],"wp:term":[{"taxonomy":"product_brand","embeddable":true,"href":"https:\/\/aromasentia.com\/no\/wp-json\/wp\/v2\/product_brand?post=203920"},{"taxonomy":"product_cat","embeddable":true,"href":"https:\/\/aromasentia.com\/no\/wp-json\/wp\/v2\/product_cat?post=203920"},{"taxonomy":"product_tag","embeddable":true,"href":"https:\/\/aromasentia.com\/no\/wp-json\/wp\/v2\/product_tag?post=203920"}],"curies":[{"name":"wp","href":"https:\/\/api.w.org\/{rel}","templated":true}]}}