{"id":203914,"date":"2025-03-23T11:06:24","date_gmt":"2025-03-23T11:06:24","guid":{"rendered":"https:\/\/aromasentia.com\/product\/bottled-gemstones-necklace-opalite\/"},"modified":"2025-05-31T00:20:41","modified_gmt":"2025-05-31T00:20:41","slug":"halskjede-med-edelstener-pa-flaske-opalitt","status":"publish","type":"product","link":"https:\/\/aromasentia.com\/no\/halskjede-med-edelstener-pa-flaske-opalitt\/","title":{"rendered":"Halskjede med Edelstener P\u00e5 Flaske &#8211; Opalitt"},"content":{"rendered":"<h2> Halskjede med flaske med edelstener &#8211; Opalite<\/h2>\n<p style=\"text-align: justify;\">Anhenget til dette halskjedet er en vakker og original flaske fylt med sm\u00e5 opalitter.<\/p>\n<p style=\"text-align: justify;\">Opalitt er en attraktiv stein p\u00e5 grunn av sin vakre bl\u00e5aktige glans og mystiske gl\u00f8d. Den antas \u00e5 virke oppl\u00f8ftende og romskapende.<\/p>\n<p style=\"text-align: justify;\">Elev\u00e9r smykkesamlingen din med dette uts\u00f8kte smykket som utstr\u00e5ler eleganse og sjarm. Perfekt for <a href=\"https:\/\/aromasentia.com\/wholesale-indian-gemstone-necklaces\" rel=\"noopener noreferrer\" target=\"_blank\"><strong>grossist halskjeder med edelstener<\/strong><\/a>, v\u00e5r kolleksjon tilbyr usl\u00e5elig kvalitet og fantastisk design. Omfavn Opalite&#39;s eteriske gl\u00f8d, og legg til et snev av fortryllelse i dine kunders liv.<\/p>\n<p>&nbsp;<\/p>\n<\/p>\n<p><em>Kjedelengde: ca. 50 cm<\/em><\/p>\n","protected":false},"excerpt":{"rendered":"<p>Halskjede med flaske med edelstener &#8211; Opalite Anhenget til dette halskjedet er en vakker og original flaske fylt med sm\u00e5 opalitter. Opalitt er en attraktiv stein p\u00e5 grunn av sin vakre bl\u00e5aktige glans og mystiske gl\u00f8d. Den antas \u00e5 virke oppl\u00f8ftende og romskapende. Elev\u00e9r smykkesamlingen din med dette uts\u00f8kte smykket som utstr\u00e5ler eleganse og sjarm. [&hellip;]<\/p>\n","protected":false},"featured_media":422726,"comment_status":"closed","ping_status":"open","template":"","meta":{"_angie_page":false},"product_brand":[],"product_cat":[25214,25221,25709,8586],"product_tag":[],"class_list":{"0":"post-203914","1":"product","2":"type-product","3":"status-publish","4":"has-post-thumbnail","6":"product_cat-halskjeder-og-anheng","7":"product_cat-krystaller-edelsteiner","8":"product_cat-opalitt","9":"product_cat-smykker-og-tilbehor","10":"pa_collection-indian-gemstone-necklaces-no","11":"pa_made-in-india","13":"first","14":"instock","15":"purchasable","16":"product-type-simple"},"supplier_id":null,"supplier_sku":"IGJ-20","barcode":null,"atum_controlled":true,"out_stock_date":null,"out_stock_threshold":null,"inheritable":false,"inbound_stock":null,"stock_on_hold":0,"sold_today":0,"sales_last_days":0,"reserved_stock":null,"customer_returns":null,"warehouse_damage":null,"lost_in_post":null,"other_logs":null,"out_stock_days":0,"lost_sales":0,"has_location":null,"update_date":"2026-04-27T07:08:45","atum_locations":[],"atum_stock_status":"instock","restock_status":false,"low_stock_amount":"","sales_update_date":"2026-01-30T01:25:54","calc_backorders":null,"_links":{"self":[{"href":"https:\/\/aromasentia.com\/no\/wp-json\/wp\/v2\/product\/203914","targetHints":{"allow":["GET"]}}],"collection":[{"href":"https:\/\/aromasentia.com\/no\/wp-json\/wp\/v2\/product"}],"about":[{"href":"https:\/\/aromasentia.com\/no\/wp-json\/wp\/v2\/types\/product"}],"replies":[{"embeddable":true,"href":"https:\/\/aromasentia.com\/no\/wp-json\/wp\/v2\/comments?post=203914"}],"version-history":[{"count":0,"href":"https:\/\/aromasentia.com\/no\/wp-json\/wp\/v2\/product\/203914\/revisions"}],"wp:featuredmedia":[{"embeddable":true,"href":"https:\/\/aromasentia.com\/no\/wp-json\/wp\/v2\/media\/422726"}],"wp:attachment":[{"href":"https:\/\/aromasentia.com\/no\/wp-json\/wp\/v2\/media?parent=203914"}],"wp:term":[{"taxonomy":"product_brand","embeddable":true,"href":"https:\/\/aromasentia.com\/no\/wp-json\/wp\/v2\/product_brand?post=203914"},{"taxonomy":"product_cat","embeddable":true,"href":"https:\/\/aromasentia.com\/no\/wp-json\/wp\/v2\/product_cat?post=203914"},{"taxonomy":"product_tag","embeddable":true,"href":"https:\/\/aromasentia.com\/no\/wp-json\/wp\/v2\/product_tag?post=203914"}],"curies":[{"name":"wp","href":"https:\/\/api.w.org\/{rel}","templated":true}]}}