{"id":203913,"date":"2025-03-23T11:06:24","date_gmt":"2025-03-23T11:06:24","guid":{"rendered":"https:\/\/aromasentia.com\/product\/bottled-gemstones-necklace-black-onyx\/"},"modified":"2025-05-31T00:20:39","modified_gmt":"2025-05-31T00:20:39","slug":"halskjede-med-edelstener-pa-flaske-svart-onyks","status":"publish","type":"product","link":"https:\/\/aromasentia.com\/no\/halskjede-med-edelstener-pa-flaske-svart-onyks\/","title":{"rendered":"Halskjede med Edelstener P\u00e5 Flaske &#8211; Svart Onyks"},"content":{"rendered":"<h2> Engros flaskehalskjede med edelstener &#8211; Black Onyx<\/h2>\n<p style=\"text-align: justify;\">Elegant og veldig effektivt flaskehalskjede fylt med onyx-steiner. Dekorert med en fin og delikat hette.<\/p>\n<p style=\"text-align: justify;\">Black Onyx er dedikert til mennesker som er &quot;travle &quot; og stadig p\u00e5 farten. Det passer til livsstilen til idrettsut\u00f8vere s\u00e5 vel som mennesker som gj\u00f8r veldig stressende arbeid.<\/p>\n<p> p> <\/p>\n<p style=\"text-align: justify;\">G\u00e5 ikke glipp av denne eksklusive muligheten til \u00e5 utvide virksomheten din og im\u00f8tekomme kunder som s\u00f8ker fasjonable tilbeh\u00f8r av h\u00f8y kvalitet. V\u00e5r <a href=\"https:\/\/aromasentia.com\/wholesale-indian-gemstone-necklaces\" rel=\"noopener noreferrer\" target=\"_blank\"><strong>grossist halskjeder med edelstener<\/strong><\/a>-kolleksjon tilbyr et bredt utvalg av edelstener, noe som sikrer at det&#038;# 39; er noe for enhver individuell stil og preferanse. <\/p>\n<p><\/p>\n<p><em>Kjedelengde: ca. 50 cm<\/em><\/p>\n","protected":false},"excerpt":{"rendered":"<p>Engros flaskehalskjede med edelstener &#8211; Black Onyx Elegant og veldig effektivt flaskehalskjede fylt med onyx-steiner. Dekorert med en fin og delikat hette. Black Onyx er dedikert til mennesker som er &quot;travle &quot; og stadig p\u00e5 farten. Det passer til livsstilen til idrettsut\u00f8vere s\u00e5 vel som mennesker som gj\u00f8r veldig stressende arbeid. p> G\u00e5 ikke glipp [&hellip;]<\/p>\n","protected":false},"featured_media":422693,"comment_status":"closed","ping_status":"open","template":"","meta":[],"product_brand":[],"product_cat":[25214,25221,25700,8586],"product_tag":[],"class_list":{"0":"post-203913","1":"product","2":"type-product","3":"status-publish","4":"has-post-thumbnail","6":"product_cat-halskjeder-og-anheng","7":"product_cat-krystaller-edelsteiner","8":"product_cat-onyx","9":"product_cat-smykker-og-tilbehor","10":"pa_collection-indian-gemstone-necklaces-no","11":"pa_made-in-india","13":"first","14":"instock","15":"purchasable","16":"product-type-simple"},"supplier_id":null,"supplier_sku":"IGJ-19","barcode":null,"atum_controlled":true,"out_stock_date":null,"out_stock_threshold":null,"inheritable":false,"inbound_stock":null,"stock_on_hold":0,"sold_today":0,"sales_last_days":0,"reserved_stock":null,"customer_returns":null,"warehouse_damage":null,"lost_in_post":null,"other_logs":null,"out_stock_days":0,"lost_sales":0,"has_location":null,"update_date":"2026-01-30T01:25:44","atum_locations":[],"atum_stock_status":"instock","restock_status":false,"low_stock_amount":"","sales_update_date":"2026-01-30T01:25:44","calc_backorders":null,"_links":{"self":[{"href":"https:\/\/aromasentia.com\/no\/wp-json\/wp\/v2\/product\/203913","targetHints":{"allow":["GET"]}}],"collection":[{"href":"https:\/\/aromasentia.com\/no\/wp-json\/wp\/v2\/product"}],"about":[{"href":"https:\/\/aromasentia.com\/no\/wp-json\/wp\/v2\/types\/product"}],"replies":[{"embeddable":true,"href":"https:\/\/aromasentia.com\/no\/wp-json\/wp\/v2\/comments?post=203913"}],"version-history":[{"count":0,"href":"https:\/\/aromasentia.com\/no\/wp-json\/wp\/v2\/product\/203913\/revisions"}],"wp:featuredmedia":[{"embeddable":true,"href":"https:\/\/aromasentia.com\/no\/wp-json\/wp\/v2\/media\/422693"}],"wp:attachment":[{"href":"https:\/\/aromasentia.com\/no\/wp-json\/wp\/v2\/media?parent=203913"}],"wp:term":[{"taxonomy":"product_brand","embeddable":true,"href":"https:\/\/aromasentia.com\/no\/wp-json\/wp\/v2\/product_brand?post=203913"},{"taxonomy":"product_cat","embeddable":true,"href":"https:\/\/aromasentia.com\/no\/wp-json\/wp\/v2\/product_cat?post=203913"},{"taxonomy":"product_tag","embeddable":true,"href":"https:\/\/aromasentia.com\/no\/wp-json\/wp\/v2\/product_tag?post=203913"}],"curies":[{"name":"wp","href":"https:\/\/api.w.org\/{rel}","templated":true}]}}