{"id":203912,"date":"2025-03-23T11:06:24","date_gmt":"2025-03-23T11:06:24","guid":{"rendered":"https:\/\/aromasentia.com\/product\/bottled-gemstones-necklace-amethyst\/"},"modified":"2025-05-31T00:20:36","modified_gmt":"2025-05-31T00:20:36","slug":"halskjede-med-edelstener-pa-flaske-ametyst","status":"publish","type":"product","link":"https:\/\/aromasentia.com\/no\/halskjede-med-edelstener-pa-flaske-ametyst\/","title":{"rendered":"Halskjede med Edelstener P\u00e5 Flaske &#8211; Ametyst"},"content":{"rendered":"<h2 style=\"text-align: justify;\">Halsb\u00e5nd med edelstener p\u00e5 flaske &#8211; ametyst<\/h2>\n<p style=\"text-align: justify;\">Denne fantastiske flasken med halskjede som inneholder sm\u00e5 ametyststeiner, er en fantastisk m\u00e5te \u00e5 bruke kraften i naturlige steiner p\u00e5 hver dag. Den lille flasken kommer med et fint dekorert skruelokk som gir den ekstra sjarm.<\/p>\n<p style=\"text-align: justify;\">Ametyst er en vidunderlig gunstig naturlig edelsten som sies \u00e5 ha flere helbredende egenskaper. Den hjelper kroppen med \u00e5 rense seg for negativ energi og oppmuntrer til indre styrke, rikdom og klarhet i sinnet.<\/p>\n<p style=\"text-align: justify;\">Kontakt oss i dag for \u00e5 utforske v\u00e5r omfattende samling av halskjeder med edelstener p\u00e5 flaske og sikre din forsyning av <a href=\"https:\/\/aromasentia.com\/wholesale-indiske-edelsten-halskjeder\" rel=\"noopener noreferrer\" target=\"_blank\"><strong>grossist-edelsten-halskjeder<\/strong><\/a>. Med konkurransedyktige priser og p\u00e5litelig frakt gj\u00f8r vi det enkelt for din bedrift \u00e5 tilby disse uts\u00f8kte smykkene til dine verdsatte kunder.<\/p>\n<p><\/p>\n<p><em>Kjedelengde: ca. 50 cm<\/em><\/p>\n","protected":false},"excerpt":{"rendered":"<p>Halsb\u00e5nd med edelstener p\u00e5 flaske &#8211; ametyst Denne fantastiske flasken med halskjede som inneholder sm\u00e5 ametyststeiner, er en fantastisk m\u00e5te \u00e5 bruke kraften i naturlige steiner p\u00e5 hver dag. Den lille flasken kommer med et fint dekorert skruelokk som gir den ekstra sjarm. Ametyst er en vidunderlig gunstig naturlig edelsten som sies \u00e5 ha flere [&hellip;]<\/p>\n","protected":false},"featured_media":422668,"comment_status":"closed","ping_status":"open","template":"","meta":{"_angie_page":false},"product_brand":[],"product_cat":[25548,25214,25221,8586],"product_tag":[],"class_list":{"0":"post-203912","1":"product","2":"type-product","3":"status-publish","4":"has-post-thumbnail","6":"product_cat-ametyst","7":"product_cat-halskjeder-og-anheng","8":"product_cat-krystaller-edelsteiner","9":"product_cat-smykker-og-tilbehor","10":"pa_collection-indian-gemstone-necklaces-no","11":"pa_made-in-india","13":"first","14":"instock","15":"purchasable","16":"product-type-simple"},"supplier_id":null,"supplier_sku":"IGJ-18","barcode":null,"atum_controlled":true,"out_stock_date":null,"out_stock_threshold":null,"inheritable":false,"inbound_stock":null,"stock_on_hold":0,"sold_today":0,"sales_last_days":0,"reserved_stock":null,"customer_returns":null,"warehouse_damage":null,"lost_in_post":null,"other_logs":null,"out_stock_days":0,"lost_sales":0,"has_location":null,"update_date":"2026-04-27T07:08:45","atum_locations":[],"atum_stock_status":"instock","restock_status":false,"low_stock_amount":"","sales_update_date":"2026-02-06T00:02:16","calc_backorders":null,"_links":{"self":[{"href":"https:\/\/aromasentia.com\/no\/wp-json\/wp\/v2\/product\/203912","targetHints":{"allow":["GET"]}}],"collection":[{"href":"https:\/\/aromasentia.com\/no\/wp-json\/wp\/v2\/product"}],"about":[{"href":"https:\/\/aromasentia.com\/no\/wp-json\/wp\/v2\/types\/product"}],"replies":[{"embeddable":true,"href":"https:\/\/aromasentia.com\/no\/wp-json\/wp\/v2\/comments?post=203912"}],"version-history":[{"count":0,"href":"https:\/\/aromasentia.com\/no\/wp-json\/wp\/v2\/product\/203912\/revisions"}],"wp:featuredmedia":[{"embeddable":true,"href":"https:\/\/aromasentia.com\/no\/wp-json\/wp\/v2\/media\/422668"}],"wp:attachment":[{"href":"https:\/\/aromasentia.com\/no\/wp-json\/wp\/v2\/media?parent=203912"}],"wp:term":[{"taxonomy":"product_brand","embeddable":true,"href":"https:\/\/aromasentia.com\/no\/wp-json\/wp\/v2\/product_brand?post=203912"},{"taxonomy":"product_cat","embeddable":true,"href":"https:\/\/aromasentia.com\/no\/wp-json\/wp\/v2\/product_cat?post=203912"},{"taxonomy":"product_tag","embeddable":true,"href":"https:\/\/aromasentia.com\/no\/wp-json\/wp\/v2\/product_tag?post=203912"}],"curies":[{"name":"wp","href":"https:\/\/api.w.org\/{rel}","templated":true}]}}