{"id":203911,"date":"2025-03-23T11:06:24","date_gmt":"2025-03-23T11:06:24","guid":{"rendered":"https:\/\/aromasentia.com\/product\/bottled-gemstones-necklace-tiger-eye\/"},"modified":"2025-05-31T00:20:33","modified_gmt":"2025-05-31T00:20:33","slug":"halskjede-med-edelstener-pa-flaske-tigeroye","status":"publish","type":"product","link":"https:\/\/aromasentia.com\/no\/halskjede-med-edelstener-pa-flaske-tigeroye\/","title":{"rendered":"Halskjede med Edelstener P\u00e5 Flaske &#8211; Tiger\u00f8ye"},"content":{"rendered":"<h2>Halsb\u00e5nd med edelstener p\u00e5 flaske &#8211; Tiger\u00f8ye<\/h2>\n<p style=\"text-align: justify;\">Vil du understreke din unike personlighet med et like unikt smykke? I s\u00e5 fall er v\u00e5rt halskjede med edelstener p\u00e5 flaske sannsynligvis det du leter etter. De raffinerte detaljene p\u00e5 flaskelukkingen er bemerkelsesverdige. Parfymehalskjedet vil se flott ut b\u00e5de til favoritt-T-skjorten og kimonoen din, og til en elegant kjole eller jumpsuit.<\/p>\n<p style=\"text-align: justify;\">Tiger Eye-edelstenen er kjent for sine gyllenbrune fargetoner og chatoyante effekt. Med sitt fengslende lysspill og rike jordfarger symboliserer Tiger Eye mot, styrke og beskyttelse. Edelstenen er vakkert utstilt i en liten glassflaske, noe som skaper en fascinerende visuell visning som fanger essensen av dens naturlige skj\u00f8nnhet.<\/p>\n<p style=\"text-align: justify;\">Elev\u00e9r smykkesamlingen din med v\u00e5r <a href=\"https:\/\/aromasentia.com\/wholesale-indiske-edelsten-halskjeder\" rel=\"noopener noreferrer\" target=\"_blank\"><strong>grossist-edelsten-halskjeder<\/strong><\/a> og gi kundene dine muligheten til \u00e5 eie det ekstraordin\u00e6re Bottled Gemstones-halskjedet med den forlokkende Tiger Eye-edelstenen. Kontakt oss i dag for \u00e5 finne ut hvordan disse uts\u00f8kte smykkene kan forbedre virksomheten din og \u00f8ke salget.<\/p>\n<p><\/p>\n<p><p><em>Kjedelengde: ca. 50 cm<\/em><\/p>\n","protected":false},"excerpt":{"rendered":"<p>Halsb\u00e5nd med edelstener p\u00e5 flaske &#8211; Tiger\u00f8ye Vil du understreke din unike personlighet med et like unikt smykke? I s\u00e5 fall er v\u00e5rt halskjede med edelstener p\u00e5 flaske sannsynligvis det du leter etter. De raffinerte detaljene p\u00e5 flaskelukkingen er bemerkelsesverdige. Parfymehalskjedet vil se flott ut b\u00e5de til favoritt-T-skjorten og kimonoen din, og til en elegant [&hellip;]<\/p>\n","protected":false},"featured_media":422627,"comment_status":"closed","ping_status":"open","template":"","meta":{"_angie_page":false},"product_brand":[],"product_cat":[25214,25221,8586,25783],"product_tag":[],"class_list":{"0":"post-203911","1":"product","2":"type-product","3":"status-publish","4":"has-post-thumbnail","6":"product_cat-halskjeder-og-anheng","7":"product_cat-krystaller-edelsteiner","8":"product_cat-smykker-og-tilbehor","9":"product_cat-tigeroye","10":"pa_collection-indian-gemstone-necklaces-no","11":"pa_made-in-india","13":"first","14":"instock","15":"purchasable","16":"product-type-simple"},"supplier_id":null,"supplier_sku":"IGJ-17","barcode":null,"atum_controlled":true,"out_stock_date":null,"out_stock_threshold":null,"inheritable":false,"inbound_stock":null,"stock_on_hold":0,"sold_today":0,"sales_last_days":0,"reserved_stock":null,"customer_returns":null,"warehouse_damage":null,"lost_in_post":null,"other_logs":null,"out_stock_days":0,"lost_sales":0,"has_location":null,"update_date":"2026-04-27T07:08:45","atum_locations":[],"atum_stock_status":"instock","restock_status":false,"low_stock_amount":"","sales_update_date":"2026-01-30T01:25:29","calc_backorders":null,"_links":{"self":[{"href":"https:\/\/aromasentia.com\/no\/wp-json\/wp\/v2\/product\/203911","targetHints":{"allow":["GET"]}}],"collection":[{"href":"https:\/\/aromasentia.com\/no\/wp-json\/wp\/v2\/product"}],"about":[{"href":"https:\/\/aromasentia.com\/no\/wp-json\/wp\/v2\/types\/product"}],"replies":[{"embeddable":true,"href":"https:\/\/aromasentia.com\/no\/wp-json\/wp\/v2\/comments?post=203911"}],"version-history":[{"count":0,"href":"https:\/\/aromasentia.com\/no\/wp-json\/wp\/v2\/product\/203911\/revisions"}],"wp:featuredmedia":[{"embeddable":true,"href":"https:\/\/aromasentia.com\/no\/wp-json\/wp\/v2\/media\/422627"}],"wp:attachment":[{"href":"https:\/\/aromasentia.com\/no\/wp-json\/wp\/v2\/media?parent=203911"}],"wp:term":[{"taxonomy":"product_brand","embeddable":true,"href":"https:\/\/aromasentia.com\/no\/wp-json\/wp\/v2\/product_brand?post=203911"},{"taxonomy":"product_cat","embeddable":true,"href":"https:\/\/aromasentia.com\/no\/wp-json\/wp\/v2\/product_cat?post=203911"},{"taxonomy":"product_tag","embeddable":true,"href":"https:\/\/aromasentia.com\/no\/wp-json\/wp\/v2\/product_tag?post=203911"}],"curies":[{"name":"wp","href":"https:\/\/api.w.org\/{rel}","templated":true}]}}