{"id":203910,"date":"2025-03-23T11:06:24","date_gmt":"2025-03-23T11:06:24","guid":{"rendered":"https:\/\/aromasentia.com\/product\/bottled-gemstones-necklace-rose-quartz\/"},"modified":"2025-05-31T00:20:28","modified_gmt":"2025-05-31T00:20:28","slug":"halskjede-med-edelstener-pa-flaske-rosenkvarts","status":"publish","type":"product","link":"https:\/\/aromasentia.com\/no\/halskjede-med-edelstener-pa-flaske-rosenkvarts\/","title":{"rendered":"Halskjede med Edelstener P\u00e5 Flaske &#8211; Rosenkvarts"},"content":{"rendered":"<h2>\n<h2>Grosshandel halskjede med edelstener p\u00e5 flaske &#8211; rosenkvarts<\/h2>\n<p style=\"text-align: justify;\">Innf\u00f8rer v\u00e5rt uts\u00f8kte halskjede med edelstener p\u00e5 flaske &#8211; rosenkvarts, en sann legemliggj\u00f8relse av eleganse og ynde. Dette fantastiske halskjedet er laget med den st\u00f8rste oppmerksomhet p\u00e5 detaljer og fanger essensen av skj\u00f8nnhet p\u00e5 en delikat, men fengslende m\u00e5te.<\/p>\n<p style=\"text-align: justify;\">Rosekvarts, kjent som kj\u00e6rlighetens og medf\u00f8lelsens stein, utstr\u00e5ler en myk, mild energi som resonerer med hjertechakraet. De subtile rosa nyansene symboliserer \u00f8mhet og hengivenhet, noe som gj\u00f8r den til et ideelt valg for \u00e5 uttrykke kj\u00e6rlighet og omsorg. Dette halskjedet Bottled Gemstones Necklace &#8211; Rose Quartz er ikke bare en bemerkelsesverdig utsmykning, men har ogs\u00e5 en dyp mening. Det er en legemliggj\u00f8relse av femininitet, og representerer den pleiende og medf\u00f8lende naturen som ofte er forbundet med kvinner. Handle n\u00e5 og sikre deg dette fortryllende halskjedet til varelageret ditt. Ring oss for \u00e5 komme i gang. V\u00e5re dedikerte team er klare til \u00e5 hjelpe deg og gi deg alle detaljer om <a href=\"https:\/\/aromasentia.com\/wholesale-indiske-edelsten-halskjeder\" rel=\"noopener noreferrer\" target=\"_blank\"><strong>grossist-edelsten-halskjeder<\/strong><\/a> du trenger.<\/p>\n<p><em>Kjedelengde: ca. 50 cm<\/em><\/p>\n","protected":false},"excerpt":{"rendered":"<p>Grosshandel halskjede med edelstener p\u00e5 flaske &#8211; rosenkvarts Innf\u00f8rer v\u00e5rt uts\u00f8kte halskjede med edelstener p\u00e5 flaske &#8211; rosenkvarts, en sann legemliggj\u00f8relse av eleganse og ynde. Dette fantastiske halskjedet er laget med den st\u00f8rste oppmerksomhet p\u00e5 detaljer og fanger essensen av skj\u00f8nnhet p\u00e5 en delikat, men fengslende m\u00e5te. Rosekvarts, kjent som kj\u00e6rlighetens og medf\u00f8lelsens stein, utstr\u00e5ler [&hellip;]<\/p>\n","protected":false},"featured_media":422618,"comment_status":"closed","ping_status":"open","template":"","meta":[],"product_brand":[],"product_cat":[25214,25221,25734,25746,8586],"product_tag":[],"class_list":{"0":"post-203910","1":"product","2":"type-product","3":"status-publish","4":"has-post-thumbnail","6":"product_cat-halskjeder-og-anheng","7":"product_cat-krystaller-edelsteiner","8":"product_cat-kvarts","9":"product_cat-rosenkvarts","10":"product_cat-smykker-og-tilbehor","11":"pa_collection-indian-gemstone-necklaces-no","12":"pa_made-in-india","14":"first","15":"instock","16":"purchasable","17":"product-type-simple"},"supplier_id":null,"supplier_sku":"IGJ-16","barcode":null,"atum_controlled":true,"out_stock_date":null,"out_stock_threshold":null,"inheritable":false,"inbound_stock":null,"stock_on_hold":0,"sold_today":0,"sales_last_days":0,"reserved_stock":null,"customer_returns":null,"warehouse_damage":null,"lost_in_post":null,"other_logs":null,"out_stock_days":0,"lost_sales":0,"has_location":null,"update_date":"2026-01-30T01:26:20","atum_locations":[],"atum_stock_status":"instock","restock_status":false,"low_stock_amount":"","sales_update_date":"2026-01-30T01:26:20","calc_backorders":null,"_links":{"self":[{"href":"https:\/\/aromasentia.com\/no\/wp-json\/wp\/v2\/product\/203910","targetHints":{"allow":["GET"]}}],"collection":[{"href":"https:\/\/aromasentia.com\/no\/wp-json\/wp\/v2\/product"}],"about":[{"href":"https:\/\/aromasentia.com\/no\/wp-json\/wp\/v2\/types\/product"}],"replies":[{"embeddable":true,"href":"https:\/\/aromasentia.com\/no\/wp-json\/wp\/v2\/comments?post=203910"}],"version-history":[{"count":0,"href":"https:\/\/aromasentia.com\/no\/wp-json\/wp\/v2\/product\/203910\/revisions"}],"wp:featuredmedia":[{"embeddable":true,"href":"https:\/\/aromasentia.com\/no\/wp-json\/wp\/v2\/media\/422618"}],"wp:attachment":[{"href":"https:\/\/aromasentia.com\/no\/wp-json\/wp\/v2\/media?parent=203910"}],"wp:term":[{"taxonomy":"product_brand","embeddable":true,"href":"https:\/\/aromasentia.com\/no\/wp-json\/wp\/v2\/product_brand?post=203910"},{"taxonomy":"product_cat","embeddable":true,"href":"https:\/\/aromasentia.com\/no\/wp-json\/wp\/v2\/product_cat?post=203910"},{"taxonomy":"product_tag","embeddable":true,"href":"https:\/\/aromasentia.com\/no\/wp-json\/wp\/v2\/product_tag?post=203910"}],"curies":[{"name":"wp","href":"https:\/\/api.w.org\/{rel}","templated":true}]}}