{"id":203907,"date":"2025-03-23T11:06:24","date_gmt":"2025-03-23T11:06:24","guid":{"rendered":"https:\/\/aromasentia.com\/product\/cascade-wrapped-gemstone-necklace-rough-amethyst\/"},"modified":"2025-05-31T00:20:12","modified_gmt":"2025-05-31T00:20:12","slug":"cascade-wrapped-halskjede-med-edelstener-ra-ametyst","status":"publish","type":"product","link":"https:\/\/aromasentia.com\/no\/cascade-wrapped-halskjede-med-edelstener-ra-ametyst\/","title":{"rendered":"Cascade Wrapped Halskjede med Edelstener &#8211; R\u00e5 Ametyst"},"content":{"rendered":"<h2>Grosshandel Cascade Wrapped Gemstone Necklace &#8211; Rough Amethyst<\/h2>\n<p style=\"text-align: justify;\">Elev\u00e9r stilen din med det fortryllende Cascade Wrapped Gemstone Necklace med Rough Amethyst, et tilbeh\u00f8r som kombinerer eleganse og naturlig sjarm p\u00e5 en uanstrengt m\u00e5te. Enten du bruker dette halskjedet som et statement-smykke eller som et hverdagssymbol p\u00e5 indre styrke, er det et bevis p\u00e5 din unike stil og tilknytning til den \u00e5ndelige sf\u00e6ren. Unn deg den fengslende skj\u00f8nnheten i dette halskjedet, og la det bli et verdsatt tilskudd til smykkesamlingen din, som gir deg en f\u00f8lelse av ro og styrke hver gang du b\u00e6rer det.<\/p>\n<p style=\"text-align: justify;\">Den r\u00e5 og uraffinerte ametyst-edelstenen tilf\u00f8rer halskjedet et snev av mystisk tiltrekningskraft. Ametyst er kjent for sine beroligende og beskyttende energier, og er \u00e6ret for sin evne til \u00e5 fremme ro og \u00e5ndelig vekst.&nbsp;<\/p>\n<p style=\"text-align: justify;\">&nbsp;G\u00e5 ikke glipp av sjansen til \u00e5 heve smykkeutvalget ditt med v\u00e5rt Cascade Wrapped Gemstone Halskjede med Rough Tiger Eye edelsten. Kontakt oss n\u00e5 for \u00e5 diskutere priser, tilgjengelighet og all tilleggsinformasjon du m\u00e5tte trenge. Vi er forpliktet til \u00e5 hjelpe virksomheten din med \u00e5 skinne ved \u00e5 tilby eksklusive <a href=\"https:\/\/aromasentia.com\/wholesale-indian-gemstone-necklaces\" rel=\"noopener noreferrer\" target=\"_blank\"><strong> halskjeder med edelstener p\u00e5 engrossalg<\/strong><\/a> som kombinerer eleganse, h\u00e5ndverk og overkommelig pris. <\/p>\n<p><\/p>\n<p><em>Kjedelengde: ca. 50 cm<\/em><\/p>\n","protected":false},"excerpt":{"rendered":"<p>Grosshandel Cascade Wrapped Gemstone Necklace &#8211; Rough Amethyst Elev\u00e9r stilen din med det fortryllende Cascade Wrapped Gemstone Necklace med Rough Amethyst, et tilbeh\u00f8r som kombinerer eleganse og naturlig sjarm p\u00e5 en uanstrengt m\u00e5te. Enten du bruker dette halskjedet som et statement-smykke eller som et hverdagssymbol p\u00e5 indre styrke, er det et bevis p\u00e5 din unike [&hellip;]<\/p>\n","protected":false},"featured_media":422559,"comment_status":"closed","ping_status":"open","template":"","meta":{"_angie_page":false},"product_brand":[],"product_cat":[25548,25214,25221,8586],"product_tag":[],"class_list":{"0":"post-203907","1":"product","2":"type-product","3":"status-publish","4":"has-post-thumbnail","6":"product_cat-ametyst","7":"product_cat-halskjeder-og-anheng","8":"product_cat-krystaller-edelsteiner","9":"product_cat-smykker-og-tilbehor","10":"pa_collection-indian-gemstone-necklaces-no","11":"pa_made-in-india","13":"first","14":"instock","15":"purchasable","16":"product-type-simple"},"supplier_id":null,"supplier_sku":"IGJ-13","barcode":null,"atum_controlled":true,"out_stock_date":null,"out_stock_threshold":null,"inheritable":false,"inbound_stock":null,"stock_on_hold":0,"sold_today":0,"sales_last_days":0,"reserved_stock":null,"customer_returns":null,"warehouse_damage":null,"lost_in_post":null,"other_logs":null,"out_stock_days":0,"lost_sales":0,"has_location":null,"update_date":"2026-05-04T00:03:56","atum_locations":[],"atum_stock_status":"instock","restock_status":false,"low_stock_amount":"","sales_update_date":"2026-02-06T00:02:21","calc_backorders":null,"_links":{"self":[{"href":"https:\/\/aromasentia.com\/no\/wp-json\/wp\/v2\/product\/203907","targetHints":{"allow":["GET"]}}],"collection":[{"href":"https:\/\/aromasentia.com\/no\/wp-json\/wp\/v2\/product"}],"about":[{"href":"https:\/\/aromasentia.com\/no\/wp-json\/wp\/v2\/types\/product"}],"replies":[{"embeddable":true,"href":"https:\/\/aromasentia.com\/no\/wp-json\/wp\/v2\/comments?post=203907"}],"version-history":[{"count":0,"href":"https:\/\/aromasentia.com\/no\/wp-json\/wp\/v2\/product\/203907\/revisions"}],"wp:featuredmedia":[{"embeddable":true,"href":"https:\/\/aromasentia.com\/no\/wp-json\/wp\/v2\/media\/422559"}],"wp:attachment":[{"href":"https:\/\/aromasentia.com\/no\/wp-json\/wp\/v2\/media?parent=203907"}],"wp:term":[{"taxonomy":"product_brand","embeddable":true,"href":"https:\/\/aromasentia.com\/no\/wp-json\/wp\/v2\/product_brand?post=203907"},{"taxonomy":"product_cat","embeddable":true,"href":"https:\/\/aromasentia.com\/no\/wp-json\/wp\/v2\/product_cat?post=203907"},{"taxonomy":"product_tag","embeddable":true,"href":"https:\/\/aromasentia.com\/no\/wp-json\/wp\/v2\/product_tag?post=203907"}],"curies":[{"name":"wp","href":"https:\/\/api.w.org\/{rel}","templated":true}]}}