{"id":203906,"date":"2025-03-23T11:06:24","date_gmt":"2025-03-23T11:06:24","guid":{"rendered":"https:\/\/aromasentia.com\/product\/cascade-wrapped-gemstone-necklace-rough-tiger-eye\/"},"modified":"2025-05-31T00:20:01","modified_gmt":"2025-05-31T00:20:01","slug":"cascade-wrapped-halskjede-med-edelstener-rough-tiger-eye","status":"publish","type":"product","link":"https:\/\/aromasentia.com\/no\/cascade-wrapped-halskjede-med-edelstener-rough-tiger-eye\/","title":{"rendered":"Cascade Wrapped Halskjede med Edelstener &#8211; Rough Tiger Eye"},"content":{"rendered":"<h2> Engros Cascade Wrapped Gemstone Halskjede &#8211; Rough Tiger Eye<\/h2>\n<p style=\"text-align: justify;\">Innf\u00f8rer det fantastiske Cascade Wrapped Gemstone Halskjede prydet med en sl\u00e5ende Rough Tiger Eye edelsten. Dette ekstraordin\u00e6re smykket er en harmonisk sammensmelting av kunstnerisk h\u00e5ndverk og naturens r\u00e5 skj\u00f8nnhet. Kaskadedesignet, som er omhyggelig utformet med den st\u00f8rste presisjon, viser et fascinerende arrangement av delikate wire wraps som grasi\u00f8st faller ned og kulminerer i det fengslende midtpunktet av en Rough Tiger Eye-edelsten.&nbsp;<\/p>\n<p style=\"text-align: justify;\">Rough Tiger Eye-edelstenen, med sin robuste tekstur og gyldenbrune fargetoner, tilf\u00f8rer halskjedet et snev av jordn\u00e6r lokke. Tiger Eye er kjent for sine beskyttende og jordn\u00e6re egenskaper, og antas \u00e5 styrke mot og selvtillit, noe som gj\u00f8r den til en kraftig talisman for personlig styrke og empowerment.<\/p>\n<p style=\"text-align: justify;\">For \u00e5 tilby kundene dine muligheten til \u00e5 eie dette ekstraordin\u00e6re halskjedet, anbefaler jeg p\u00e5 det sterkeste \u00e5 kontakte salgsteamet v\u00e5rt i dag. V\u00e5re <a href=\"https:\/\/aromasentia.com\/wholesale-indian-gemstone-necklaces\" rel=\"noopener noreferrer\" target=\"_blank\"><strong>w<\/strong><strong>grossisthalskjeder med edelstener<\/strong><\/a><a href=\"https:\/\/aromasentia.com\/wholesale-indian-gemstone-necklaces\" rel=\"noopener noreferrer\" target=\"_blank\"><\/a> kolleksjonen viser et bredt utvalg av h\u00e5ndlagde design av h\u00f8y kvalitet som vil l\u00f8fte smykkeutvalget ditt og skille butikken din fra mengden.<\/p>\n<p style=\"text-align: justify;\">&nbsp;<\/p>\n<p><p><em>Kjedelengde: ca. 50 cm<\/em><\/p>\n","protected":false},"excerpt":{"rendered":"<p>Engros Cascade Wrapped Gemstone Halskjede &#8211; Rough Tiger Eye Innf\u00f8rer det fantastiske Cascade Wrapped Gemstone Halskjede prydet med en sl\u00e5ende Rough Tiger Eye edelsten. Dette ekstraordin\u00e6re smykket er en harmonisk sammensmelting av kunstnerisk h\u00e5ndverk og naturens r\u00e5 skj\u00f8nnhet. Kaskadedesignet, som er omhyggelig utformet med den st\u00f8rste presisjon, viser et fascinerende arrangement av delikate wire wraps [&hellip;]<\/p>\n","protected":false},"featured_media":422534,"comment_status":"closed","ping_status":"open","template":"","meta":[],"product_brand":[],"product_cat":[25214,25221,8586,25783],"product_tag":[],"class_list":{"0":"post-203906","1":"product","2":"type-product","3":"status-publish","4":"has-post-thumbnail","6":"product_cat-halskjeder-og-anheng","7":"product_cat-krystaller-edelsteiner","8":"product_cat-smykker-og-tilbehor","9":"product_cat-tigeroye","10":"pa_collection-indian-gemstone-necklaces-no","11":"pa_made-in-india","13":"first","14":"instock","15":"purchasable","16":"product-type-simple"},"supplier_id":null,"supplier_sku":"IGJ-12","barcode":null,"atum_controlled":true,"out_stock_date":null,"out_stock_threshold":null,"inheritable":false,"inbound_stock":null,"stock_on_hold":0,"sold_today":0,"sales_last_days":0,"reserved_stock":null,"customer_returns":null,"warehouse_damage":null,"lost_in_post":null,"other_logs":null,"out_stock_days":0,"lost_sales":0,"has_location":null,"update_date":"2026-02-06T00:02:34","atum_locations":[],"atum_stock_status":"instock","restock_status":false,"low_stock_amount":"","sales_update_date":"2026-02-06T00:02:34","calc_backorders":null,"_links":{"self":[{"href":"https:\/\/aromasentia.com\/no\/wp-json\/wp\/v2\/product\/203906","targetHints":{"allow":["GET"]}}],"collection":[{"href":"https:\/\/aromasentia.com\/no\/wp-json\/wp\/v2\/product"}],"about":[{"href":"https:\/\/aromasentia.com\/no\/wp-json\/wp\/v2\/types\/product"}],"replies":[{"embeddable":true,"href":"https:\/\/aromasentia.com\/no\/wp-json\/wp\/v2\/comments?post=203906"}],"version-history":[{"count":0,"href":"https:\/\/aromasentia.com\/no\/wp-json\/wp\/v2\/product\/203906\/revisions"}],"wp:featuredmedia":[{"embeddable":true,"href":"https:\/\/aromasentia.com\/no\/wp-json\/wp\/v2\/media\/422534"}],"wp:attachment":[{"href":"https:\/\/aromasentia.com\/no\/wp-json\/wp\/v2\/media?parent=203906"}],"wp:term":[{"taxonomy":"product_brand","embeddable":true,"href":"https:\/\/aromasentia.com\/no\/wp-json\/wp\/v2\/product_brand?post=203906"},{"taxonomy":"product_cat","embeddable":true,"href":"https:\/\/aromasentia.com\/no\/wp-json\/wp\/v2\/product_cat?post=203906"},{"taxonomy":"product_tag","embeddable":true,"href":"https:\/\/aromasentia.com\/no\/wp-json\/wp\/v2\/product_tag?post=203906"}],"curies":[{"name":"wp","href":"https:\/\/api.w.org\/{rel}","templated":true}]}}