{"id":203905,"date":"2025-03-23T11:06:24","date_gmt":"2025-03-23T11:06:24","guid":{"rendered":"https:\/\/aromasentia.com\/product\/cascade-wrapped-gemstone-necklace-rough-rose-quartz\/"},"modified":"2025-05-31T00:19:59","modified_gmt":"2025-05-31T00:19:59","slug":"cascade-wrapped-halskjede-med-edelstener-ra-rosakvarts","status":"publish","type":"product","link":"https:\/\/aromasentia.com\/no\/cascade-wrapped-halskjede-med-edelstener-ra-rosakvarts\/","title":{"rendered":"Cascade Wrapped Halskjede med Edelstener &#8211; R\u00e5 Rosakvarts"},"content":{"rendered":"<h2>Grosshandel Cascade Wrapped Edelsten Halskjede &#8211; Rough Rose Quartz<\/h2>\n<p style=\"text-align: justify;\">Innf\u00f8rer det uts\u00f8kte Cascade Wrapped Edelsten Halskjede med den naturlige skj\u00f8nnheten til Rough Rose Quartz. Dette fantastiske halskjedet er et sant bevis p\u00e5 den harmoniske blandingen av eleganse og r\u00e5 tiltrekningskraft. Midtpunktet i dette fengslende smykket er Rough Rose Quartz, som viser sin robuste sjarm og unike formasjoner som tilf\u00f8rer designet et snev av organisk prakt.<\/p>\n<p style=\"text-align: justify;\">Halskjedets Cascade Wrapped-design er et sant kunstverk, som viser det dyktige tr\u00e5darbeidet som delikat omfavner hver Rough Rose Quartz-edelsten. De intrikat vevde tr\u00e5dene skaper en f\u00f8lelse av bevegelse og leder blikket elegant langs halskjedets elegante kurver og konturer. Med kjedet av h\u00f8y kvalitet og den sikre l\u00e5sen er dette halskjedet b\u00e5de holdbart og komfortabelt, b\u00e5de til hverdags og til spesielle anledninger.<\/p>\n<p style=\"text-align: justify;\">Opplev den naturlige skj\u00f8nnheten i Cascade Wrapped Gemstone Necklace with Rough Rose Quartz, som er eksklusivt tilgjengelig hos Ancient Wisdom. Dette uts\u00f8kte anhenget viser den r\u00e5 elegansen til rosenkvarts, og gir et snev av romantikk til enhver smykkesamling. Som en ledende leverand\u00f8r av <a href=\"https:\/\/aromasentia.com\/wholesale-indian-gemstone-necklaces\" rel=\"noopener noreferrer\" target=\"_blank\"><strong>grossist anheng av edelstener<\/strong><\/a>, tilbyr vi konkurransedyktige priser og et variert utvalg av design av h\u00f8y kvalitet.<\/p>\n<p style=\"text-align: justify;\"><\/p>\n<p><p><em>Kjedelengde: ca. 50 cm<\/em><\/p>\n","protected":false},"excerpt":{"rendered":"<p>Grosshandel Cascade Wrapped Edelsten Halskjede &#8211; Rough Rose Quartz Innf\u00f8rer det uts\u00f8kte Cascade Wrapped Edelsten Halskjede med den naturlige skj\u00f8nnheten til Rough Rose Quartz. Dette fantastiske halskjedet er et sant bevis p\u00e5 den harmoniske blandingen av eleganse og r\u00e5 tiltrekningskraft. Midtpunktet i dette fengslende smykket er Rough Rose Quartz, som viser sin robuste sjarm og [&hellip;]<\/p>\n","protected":false},"featured_media":422525,"comment_status":"closed","ping_status":"open","template":"","meta":{"_angie_page":false},"product_brand":[],"product_cat":[25214,25221,25734,25746,8586],"product_tag":[],"class_list":{"0":"post-203905","1":"product","2":"type-product","3":"status-publish","4":"has-post-thumbnail","6":"product_cat-halskjeder-og-anheng","7":"product_cat-krystaller-edelsteiner","8":"product_cat-kvarts","9":"product_cat-rosenkvarts","10":"product_cat-smykker-og-tilbehor","11":"pa_collection-indian-gemstone-necklaces-no","12":"pa_made-in-india","14":"first","15":"instock","16":"purchasable","17":"product-type-simple"},"supplier_id":null,"supplier_sku":"IGJ-11","barcode":null,"atum_controlled":true,"out_stock_date":null,"out_stock_threshold":null,"inheritable":false,"inbound_stock":null,"stock_on_hold":0,"sold_today":0,"sales_last_days":0,"reserved_stock":null,"customer_returns":null,"warehouse_damage":null,"lost_in_post":null,"other_logs":null,"out_stock_days":0,"lost_sales":0,"has_location":null,"update_date":"2026-05-04T00:03:56","atum_locations":[],"atum_stock_status":"instock","restock_status":false,"low_stock_amount":"","sales_update_date":"2026-01-20T05:14:29","calc_backorders":null,"_links":{"self":[{"href":"https:\/\/aromasentia.com\/no\/wp-json\/wp\/v2\/product\/203905","targetHints":{"allow":["GET"]}}],"collection":[{"href":"https:\/\/aromasentia.com\/no\/wp-json\/wp\/v2\/product"}],"about":[{"href":"https:\/\/aromasentia.com\/no\/wp-json\/wp\/v2\/types\/product"}],"replies":[{"embeddable":true,"href":"https:\/\/aromasentia.com\/no\/wp-json\/wp\/v2\/comments?post=203905"}],"version-history":[{"count":0,"href":"https:\/\/aromasentia.com\/no\/wp-json\/wp\/v2\/product\/203905\/revisions"}],"wp:featuredmedia":[{"embeddable":true,"href":"https:\/\/aromasentia.com\/no\/wp-json\/wp\/v2\/media\/422525"}],"wp:attachment":[{"href":"https:\/\/aromasentia.com\/no\/wp-json\/wp\/v2\/media?parent=203905"}],"wp:term":[{"taxonomy":"product_brand","embeddable":true,"href":"https:\/\/aromasentia.com\/no\/wp-json\/wp\/v2\/product_brand?post=203905"},{"taxonomy":"product_cat","embeddable":true,"href":"https:\/\/aromasentia.com\/no\/wp-json\/wp\/v2\/product_cat?post=203905"},{"taxonomy":"product_tag","embeddable":true,"href":"https:\/\/aromasentia.com\/no\/wp-json\/wp\/v2\/product_tag?post=203905"}],"curies":[{"name":"wp","href":"https:\/\/api.w.org\/{rel}","templated":true}]}}