{"id":203904,"date":"2025-03-23T11:06:24","date_gmt":"2025-03-23T11:06:24","guid":{"rendered":"https:\/\/aromasentia.com\/product\/swirl-wrapped-gemstone-necklace-opalite\/"},"modified":"2025-05-31T00:19:56","modified_gmt":"2025-05-31T00:19:56","slug":"halskjede-med-virvler-av-edelstener-opalitt","status":"publish","type":"product","link":"https:\/\/aromasentia.com\/no\/halskjede-med-virvler-av-edelstener-opalitt\/","title":{"rendered":"Halskjede med Virvler Av Edelstener &#8211; Opalitt"},"content":{"rendered":"<h2> Engros Swirl Wrapped Gemstone Halskjede &#8211; Opalite<\/h2>\n<p style=\"text-align: justify;\">Innf\u00f8rer det fengslende Swirl Wrapped Gemstone Halskjede med Opalite edelsten, en sann legemliggj\u00f8ring av skj\u00f8nnhet og fortryllelse. Dette uts\u00f8kte halskjedet er en mesterlig blanding av kunst og natur, designet for \u00e5 fange hjerter og vekke beundring. Midtpunktet i dette halskjedet er edelstenen Opalite, kjent for sin eteriske skj\u00f8nnhet og fengslende fargespill.nbsp;<\/p>\n<p style=\"text-align: justify;\">The Swirl Wrapped design legger til et snev av eleganse og raffinement til dette allerede fantastiske halskjedet. Det intrikate tr\u00e5darbeidet er h\u00e5ndlaget med stor dyktighet og danner delikate virvler som elegant omfavner Opalite-edelstenen og skaper en harmonisk forening av eleganse og fortryllelse. Halskjedet er fagmessig utformet med sans for detaljer og har et kjede av h\u00f8y kvalitet, noe som sikrer holdbarhet og komfort under bruk.<\/p>\n<p style=\"text-align: justify;\">Oppdag fortryllelsen i Swirl Wrapped Gemstone Necklace med Opalite-edelsten, som er eksklusivt tilgjengelig hos Ancient Wisdom. Dette uts\u00f8kte smykket kombinerer tidl\u00f8s eleganse med opalittens fengslende skj\u00f8nnhet. Som en p\u00e5litelig leverand\u00f8r av <a href=\"https:\/\/aromasentia.com\/wholesale-indian-gemstone-necklaces\" rel=\"noopener noreferrer\" target=\"_blank\"><strong>grossist halskjeder med edelstener<\/strong><\/a>, tilbyr vi konkurransedyktige priser og et bredt utvalg av design av h\u00f8y kvalitet.<\/p>\n<p><\/p>\n<p><em>Kjedelengde: ca. 50 cm<\/em><\/p>\n","protected":false},"excerpt":{"rendered":"<p>Engros Swirl Wrapped Gemstone Halskjede &#8211; Opalite Innf\u00f8rer det fengslende Swirl Wrapped Gemstone Halskjede med Opalite edelsten, en sann legemliggj\u00f8ring av skj\u00f8nnhet og fortryllelse. Dette uts\u00f8kte halskjedet er en mesterlig blanding av kunst og natur, designet for \u00e5 fange hjerter og vekke beundring. Midtpunktet i dette halskjedet er edelstenen Opalite, kjent for sin eteriske skj\u00f8nnhet [&hellip;]<\/p>\n","protected":false},"featured_media":422508,"comment_status":"closed","ping_status":"open","template":"","meta":{"_angie_page":false},"product_brand":[],"product_cat":[25214,25221,25709,8586],"product_tag":[],"class_list":{"0":"post-203904","1":"product","2":"type-product","3":"status-publish","4":"has-post-thumbnail","6":"product_cat-halskjeder-og-anheng","7":"product_cat-krystaller-edelsteiner","8":"product_cat-opalitt","9":"product_cat-smykker-og-tilbehor","10":"pa_collection-indian-gemstone-necklaces-no","11":"pa_made-in-india","13":"first","14":"instock","15":"purchasable","16":"product-type-simple"},"supplier_id":null,"supplier_sku":"IGJ-10","barcode":null,"atum_controlled":true,"out_stock_date":null,"out_stock_threshold":null,"inheritable":false,"inbound_stock":null,"stock_on_hold":0,"sold_today":0,"sales_last_days":0,"reserved_stock":null,"customer_returns":null,"warehouse_damage":null,"lost_in_post":null,"other_logs":null,"out_stock_days":0,"lost_sales":0,"has_location":null,"update_date":"2026-04-27T19:08:53","atum_locations":[],"atum_stock_status":"instock","restock_status":false,"low_stock_amount":"","sales_update_date":"2026-02-06T00:02:16","calc_backorders":null,"_links":{"self":[{"href":"https:\/\/aromasentia.com\/no\/wp-json\/wp\/v2\/product\/203904","targetHints":{"allow":["GET"]}}],"collection":[{"href":"https:\/\/aromasentia.com\/no\/wp-json\/wp\/v2\/product"}],"about":[{"href":"https:\/\/aromasentia.com\/no\/wp-json\/wp\/v2\/types\/product"}],"replies":[{"embeddable":true,"href":"https:\/\/aromasentia.com\/no\/wp-json\/wp\/v2\/comments?post=203904"}],"version-history":[{"count":0,"href":"https:\/\/aromasentia.com\/no\/wp-json\/wp\/v2\/product\/203904\/revisions"}],"wp:featuredmedia":[{"embeddable":true,"href":"https:\/\/aromasentia.com\/no\/wp-json\/wp\/v2\/media\/422508"}],"wp:attachment":[{"href":"https:\/\/aromasentia.com\/no\/wp-json\/wp\/v2\/media?parent=203904"}],"wp:term":[{"taxonomy":"product_brand","embeddable":true,"href":"https:\/\/aromasentia.com\/no\/wp-json\/wp\/v2\/product_brand?post=203904"},{"taxonomy":"product_cat","embeddable":true,"href":"https:\/\/aromasentia.com\/no\/wp-json\/wp\/v2\/product_cat?post=203904"},{"taxonomy":"product_tag","embeddable":true,"href":"https:\/\/aromasentia.com\/no\/wp-json\/wp\/v2\/product_tag?post=203904"}],"curies":[{"name":"wp","href":"https:\/\/api.w.org\/{rel}","templated":true}]}}