{"id":203903,"date":"2025-03-23T11:06:24","date_gmt":"2025-03-23T11:06:24","guid":{"rendered":"https:\/\/aromasentia.com\/product\/swirl-wrapped-gemstone-necklace-black-onyx\/"},"modified":"2025-05-31T00:19:54","modified_gmt":"2025-05-31T00:19:54","slug":"halskjede-med-virvler-av-edelstener-svart-onyks","status":"publish","type":"product","link":"https:\/\/aromasentia.com\/no\/halskjede-med-virvler-av-edelstener-svart-onyks\/","title":{"rendered":"Halskjede med Virvler Av Edelstener &#8211; Svart Onyks"},"content":{"rendered":"<h2>Wholesale Swirl Wrapped Gemstone Necklace &#8211; Black Onyx<\/h2>\n<p style=\"text-align: justify;\">Anhenget p\u00e5 dette halskjedet har et unikt virvelinnpakket design som gir smykket et snev av kunstnerisk stil. Det fagmessig utformede metallarbeidet omkranser elegant Black Onyx-edelstenen og skaper et intrikat m\u00f8nster som symboliserer energiflyten og balansen.<\/p>\n<p style=\"text-align: justify;\">Black Onyx er \u00e6ret for sine kraftige beskyttende egenskaper og jordingsenergi. Den antas \u00e5 absorbere og transmutere negative energier, og gir et skjold av styrke og indre harmoni. Med dette halskjedet kan du utnytte de styrkende egenskapene til Black Onyx, noe som fremmer selvtillit og emosjonell stabilitet.<\/p>\n<p style=\"text-align: justify;\">Opplev forlokkelsen til Swirl Wrapped Gemstone Necklace med Black Onyx edelsten, eksklusivt tilgjengelig hos Ancient Wisdom. L\u00f8ft smykkesamlingen din med dette fantastiske smykket som utstr\u00e5ler eleganse og raffinement. Som en ledende <a href=\"https:\/\/aromasentia.com\/wholesale-indian-gemstone-necklaces\" rel=\"noopener noreferrer\" target=\"_blank\"><strong>leverand\u00f8r av halskjeder med edelstener p\u00e5 grossistbasis<\/strong><\/a>, tilbyr vi konkurransedyktige priser og eksepsjonell kvalitet. Bes\u00f8k nettstedet v\u00e5rt eller kontakt oss i dag for \u00e5 diskutere engrosalternativer og legge inn bestillingen din. Utvid varelageret ditt med v\u00e5re uts\u00f8kte halskjeder med edelstener<\/p>\n<p><\/p>\n<p><em>Kjedelengde: ca. 50 cm<\/em><\/p>\n","protected":false},"excerpt":{"rendered":"<p>Wholesale Swirl Wrapped Gemstone Necklace &#8211; Black Onyx Anhenget p\u00e5 dette halskjedet har et unikt virvelinnpakket design som gir smykket et snev av kunstnerisk stil. Det fagmessig utformede metallarbeidet omkranser elegant Black Onyx-edelstenen og skaper et intrikat m\u00f8nster som symboliserer energiflyten og balansen. Black Onyx er \u00e6ret for sine kraftige beskyttende egenskaper og jordingsenergi. Den [&hellip;]<\/p>\n","protected":false},"featured_media":422499,"comment_status":"closed","ping_status":"open","template":"","meta":{"_angie_page":false},"product_brand":[],"product_cat":[25214,25221,25700,8586],"product_tag":[],"class_list":{"0":"post-203903","1":"product","2":"type-product","3":"status-publish","4":"has-post-thumbnail","6":"product_cat-halskjeder-og-anheng","7":"product_cat-krystaller-edelsteiner","8":"product_cat-onyx","9":"product_cat-smykker-og-tilbehor","10":"pa_collection-indian-gemstone-necklaces-no","11":"pa_made-in-india","13":"first","14":"instock","15":"purchasable","16":"product-type-simple"},"supplier_id":null,"supplier_sku":"IGJ-09","barcode":null,"atum_controlled":true,"out_stock_date":null,"out_stock_threshold":null,"inheritable":false,"inbound_stock":null,"stock_on_hold":0,"sold_today":0,"sales_last_days":0,"reserved_stock":null,"customer_returns":null,"warehouse_damage":null,"lost_in_post":null,"other_logs":null,"out_stock_days":0,"lost_sales":0,"has_location":null,"update_date":"2026-04-27T07:08:39","atum_locations":[],"atum_stock_status":"instock","restock_status":false,"low_stock_amount":"","sales_update_date":"2026-02-06T00:02:45","calc_backorders":null,"_links":{"self":[{"href":"https:\/\/aromasentia.com\/no\/wp-json\/wp\/v2\/product\/203903","targetHints":{"allow":["GET"]}}],"collection":[{"href":"https:\/\/aromasentia.com\/no\/wp-json\/wp\/v2\/product"}],"about":[{"href":"https:\/\/aromasentia.com\/no\/wp-json\/wp\/v2\/types\/product"}],"replies":[{"embeddable":true,"href":"https:\/\/aromasentia.com\/no\/wp-json\/wp\/v2\/comments?post=203903"}],"version-history":[{"count":0,"href":"https:\/\/aromasentia.com\/no\/wp-json\/wp\/v2\/product\/203903\/revisions"}],"wp:featuredmedia":[{"embeddable":true,"href":"https:\/\/aromasentia.com\/no\/wp-json\/wp\/v2\/media\/422499"}],"wp:attachment":[{"href":"https:\/\/aromasentia.com\/no\/wp-json\/wp\/v2\/media?parent=203903"}],"wp:term":[{"taxonomy":"product_brand","embeddable":true,"href":"https:\/\/aromasentia.com\/no\/wp-json\/wp\/v2\/product_brand?post=203903"},{"taxonomy":"product_cat","embeddable":true,"href":"https:\/\/aromasentia.com\/no\/wp-json\/wp\/v2\/product_cat?post=203903"},{"taxonomy":"product_tag","embeddable":true,"href":"https:\/\/aromasentia.com\/no\/wp-json\/wp\/v2\/product_tag?post=203903"}],"curies":[{"name":"wp","href":"https:\/\/api.w.org\/{rel}","templated":true}]}}