{"id":203901,"date":"2025-03-23T11:06:24","date_gmt":"2025-03-23T11:06:24","guid":{"rendered":"https:\/\/aromasentia.com\/product\/swirl-wrapped-gemstone-necklace-tiger-eye\/"},"modified":"2025-05-31T00:19:48","modified_gmt":"2025-05-31T00:19:48","slug":"halskjede-med-virvler-av-edelstener-tigeroye","status":"publish","type":"product","link":"https:\/\/aromasentia.com\/no\/halskjede-med-virvler-av-edelstener-tigeroye\/","title":{"rendered":"Halskjede med Virvler Av Edelstener &#8211; Tiger\u00f8ye"},"content":{"rendered":"<h2> Engros Swirl Wrapped Gemstone Halskjede &#8211; Tiger Eye<\/h2>\n<p style=\"text-align: justify;\">Innf\u00f8rer det uts\u00f8kte Swirl Wrapped Gemstone Halskjede med en fengslende Tiger Eye edelsten. Dette fantastiske smykket viser eksepsjonelt h\u00e5ndverk og kombinerer lokket av intrikat virvelinnpakning med den fortryllende skj\u00f8nnheten til Tiger Eye, noe som resulterer i et virkelig fascinerende tilbeh\u00f8r som utstr\u00e5ler b\u00e5de raffinement og intriger.&nbsp;<\/p>\n<p style=\"text-align: justify;\">Denne intrikate innpakningsteknikken viser kunstferdighet og oppmerksomhet p\u00e5 detaljer, noe som skaper en f\u00f8lelse av eleganse og raffinement. I midten av anhenget ligger en fengslende Tiger Eye-edelsten, kjent for sine karakteristiske gyllenbrune fargetoner og chatoyante effekt. Edelstenens lysspill tilf\u00f8rer dybde og mystikk, noe som gj\u00f8r den til et fokuspunkt i dette eksepsjonelle halskjedet. Med sine beskyttende og jordforbindende egenskaper gir Tiger Eye en f\u00f8lelse av balanse og styrke til den som b\u00e6rer smykket.<br \/>Takk for din interesse for halskjeder med edelstener. I v\u00e5r <a href=\"https:\/\/aromasentia.com\/wholesale-indian-gemstone-necklaces\" rel=\"noopener noreferrer\" target=\"_blank\"><strong>kolleksjon av smykkesteinsanheng<\/strong><\/a> tilbyr vi et fantastisk utvalg av smykkesteinshalskjeder av h\u00f8y kvalitet som garantert vil fengsle kundene dine. Disse uts\u00f8kte smykkene er laget med presisjon og er designet for \u00e5 fremheve ethvert antrekk. &nbsp;<\/p>\n<p><\/p>\n<\/p>\n<p><em>Kjedelengde: ca. 50 cm<\/em><\/p>\n","protected":false},"excerpt":{"rendered":"<p>Engros Swirl Wrapped Gemstone Halskjede &#8211; Tiger Eye Innf\u00f8rer det uts\u00f8kte Swirl Wrapped Gemstone Halskjede med en fengslende Tiger Eye edelsten. Dette fantastiske smykket viser eksepsjonelt h\u00e5ndverk og kombinerer lokket av intrikat virvelinnpakning med den fortryllende skj\u00f8nnheten til Tiger Eye, noe som resulterer i et virkelig fascinerende tilbeh\u00f8r som utstr\u00e5ler b\u00e5de raffinement og intriger.&nbsp; Denne [&hellip;]<\/p>\n","protected":false},"featured_media":422441,"comment_status":"closed","ping_status":"open","template":"","meta":{"_angie_page":false},"product_brand":[],"product_cat":[25214,25221,8586,25783],"product_tag":[],"class_list":{"0":"post-203901","1":"product","2":"type-product","3":"status-publish","4":"has-post-thumbnail","6":"product_cat-halskjeder-og-anheng","7":"product_cat-krystaller-edelsteiner","8":"product_cat-smykker-og-tilbehor","9":"product_cat-tigeroye","10":"pa_collection-indian-gemstone-necklaces-no","11":"pa_made-in-india","13":"first","14":"instock","15":"purchasable","16":"product-type-simple"},"supplier_id":null,"supplier_sku":"IGJ-07","barcode":null,"atum_controlled":true,"out_stock_date":null,"out_stock_threshold":null,"inheritable":false,"inbound_stock":null,"stock_on_hold":0,"sold_today":0,"sales_last_days":0,"reserved_stock":null,"customer_returns":null,"warehouse_damage":null,"lost_in_post":null,"other_logs":null,"out_stock_days":0,"lost_sales":0,"has_location":null,"update_date":"2026-04-27T07:08:39","atum_locations":[],"atum_stock_status":"instock","restock_status":false,"low_stock_amount":"","sales_update_date":"2026-02-06T00:02:45","calc_backorders":null,"_links":{"self":[{"href":"https:\/\/aromasentia.com\/no\/wp-json\/wp\/v2\/product\/203901","targetHints":{"allow":["GET"]}}],"collection":[{"href":"https:\/\/aromasentia.com\/no\/wp-json\/wp\/v2\/product"}],"about":[{"href":"https:\/\/aromasentia.com\/no\/wp-json\/wp\/v2\/types\/product"}],"replies":[{"embeddable":true,"href":"https:\/\/aromasentia.com\/no\/wp-json\/wp\/v2\/comments?post=203901"}],"version-history":[{"count":0,"href":"https:\/\/aromasentia.com\/no\/wp-json\/wp\/v2\/product\/203901\/revisions"}],"wp:featuredmedia":[{"embeddable":true,"href":"https:\/\/aromasentia.com\/no\/wp-json\/wp\/v2\/media\/422441"}],"wp:attachment":[{"href":"https:\/\/aromasentia.com\/no\/wp-json\/wp\/v2\/media?parent=203901"}],"wp:term":[{"taxonomy":"product_brand","embeddable":true,"href":"https:\/\/aromasentia.com\/no\/wp-json\/wp\/v2\/product_brand?post=203901"},{"taxonomy":"product_cat","embeddable":true,"href":"https:\/\/aromasentia.com\/no\/wp-json\/wp\/v2\/product_cat?post=203901"},{"taxonomy":"product_tag","embeddable":true,"href":"https:\/\/aromasentia.com\/no\/wp-json\/wp\/v2\/product_tag?post=203901"}],"curies":[{"name":"wp","href":"https:\/\/api.w.org\/{rel}","templated":true}]}}