{"id":203899,"date":"2025-03-23T11:06:24","date_gmt":"2025-03-23T11:06:24","guid":{"rendered":"https:\/\/aromasentia.com\/product\/tree-of-life-gemstone-necklace-opalite\/"},"modified":"2025-05-31T00:19:43","modified_gmt":"2025-05-31T00:19:43","slug":"halskjede-med-livets-tre-opalitt","status":"publish","type":"product","link":"https:\/\/aromasentia.com\/no\/halskjede-med-livets-tre-opalitt\/","title":{"rendered":"Halskjede med Livets Tre &#8211; Opalitt"},"content":{"rendered":"<h2>Grosshandel Livets tre av edelstener halskjede &#8211; Opalite<\/h2>\n<p style=\"text-align: justify;\">Innf\u00f8rer det fortryllende Livets tre av edelstener halskjede med en fengslende Opalite edelstein. Dette uts\u00f8kte smykket forener den tidl\u00f8se symbolikken til Livets tre med den uimotst\u00e5elige sjarmen til Opalite, noe som resulterer i et fengslende tilbeh\u00f8r som utstr\u00e5ler b\u00e5de n\u00e5de og ro.<\/p>\n<p style=\"text-align: justify;\">I de intrikat utformede grenene ligger en fantastisk Opalite-edelsten, kjent for sin eteriske skj\u00f8nnhet og \u00e5ndelige egenskaper. Opalittens glitrende, opaliserende fargetoner tilf\u00f8rer halskjedet en overjordisk tiltrekningskraft, samtidig som dens beroligende energi gir en f\u00f8lelse av ro og \u00e5ndelig opplysning. Omfavn den fengslende lokken til Livets tre halskjede med opalitt, og la det gjenspeile din indre styrke og forbindelse til det mystiske riket.<\/p>\n<p style=\"text-align: justify;\">Ved \u00e5 tilby v\u00e5r <a href=\"https:\/\/aromasentia.com\/wholesale-indian-gemstone-halskjeder\" rel=\"noopener noreferrer\" target=\"_blank\"><strong>grossist-halskjeder<\/strong><\/a>, gir du kundene dine et bredt utvalg av alternativer som passer deres individuelle stil og preferanser. Enten de er ute etter et statement-smykke med livlige edelstener eller et delikat halskjede med en enkelt edelsten, har kolleksjonen v\u00e5r noe for enhver smak.<\/p>\n<p>&nbsp;<\/p>\n<\/p>\n<p><em>Kjedelengde: ca. 50 cm<\/em><\/p>\n","protected":false},"excerpt":{"rendered":"<p>Grosshandel Livets tre av edelstener halskjede &#8211; Opalite Innf\u00f8rer det fortryllende Livets tre av edelstener halskjede med en fengslende Opalite edelstein. Dette uts\u00f8kte smykket forener den tidl\u00f8se symbolikken til Livets tre med den uimotst\u00e5elige sjarmen til Opalite, noe som resulterer i et fengslende tilbeh\u00f8r som utstr\u00e5ler b\u00e5de n\u00e5de og ro. I de intrikat utformede grenene [&hellip;]<\/p>\n","protected":false},"featured_media":422415,"comment_status":"closed","ping_status":"open","template":"","meta":{"_angie_page":false},"product_brand":[],"product_cat":[25214,25221,25709,8586],"product_tag":[],"class_list":{"0":"post-203899","1":"product","2":"type-product","3":"status-publish","4":"has-post-thumbnail","6":"product_cat-halskjeder-og-anheng","7":"product_cat-krystaller-edelsteiner","8":"product_cat-opalitt","9":"product_cat-smykker-og-tilbehor","10":"pa_collection-indian-gemstone-necklaces-no","11":"pa_made-in-india","13":"first","14":"instock","15":"purchasable","16":"product-type-simple"},"supplier_id":null,"supplier_sku":"IGJ-05","barcode":null,"atum_controlled":true,"out_stock_date":null,"out_stock_threshold":null,"inheritable":false,"inbound_stock":null,"stock_on_hold":0,"sold_today":0,"sales_last_days":0,"reserved_stock":null,"customer_returns":null,"warehouse_damage":null,"lost_in_post":null,"other_logs":null,"out_stock_days":0,"lost_sales":0,"has_location":null,"update_date":"2026-04-27T07:08:39","atum_locations":[],"atum_stock_status":"instock","restock_status":false,"low_stock_amount":"","sales_update_date":"2025-09-03T00:16:38","calc_backorders":null,"_links":{"self":[{"href":"https:\/\/aromasentia.com\/no\/wp-json\/wp\/v2\/product\/203899","targetHints":{"allow":["GET"]}}],"collection":[{"href":"https:\/\/aromasentia.com\/no\/wp-json\/wp\/v2\/product"}],"about":[{"href":"https:\/\/aromasentia.com\/no\/wp-json\/wp\/v2\/types\/product"}],"replies":[{"embeddable":true,"href":"https:\/\/aromasentia.com\/no\/wp-json\/wp\/v2\/comments?post=203899"}],"version-history":[{"count":0,"href":"https:\/\/aromasentia.com\/no\/wp-json\/wp\/v2\/product\/203899\/revisions"}],"wp:featuredmedia":[{"embeddable":true,"href":"https:\/\/aromasentia.com\/no\/wp-json\/wp\/v2\/media\/422415"}],"wp:attachment":[{"href":"https:\/\/aromasentia.com\/no\/wp-json\/wp\/v2\/media?parent=203899"}],"wp:term":[{"taxonomy":"product_brand","embeddable":true,"href":"https:\/\/aromasentia.com\/no\/wp-json\/wp\/v2\/product_brand?post=203899"},{"taxonomy":"product_cat","embeddable":true,"href":"https:\/\/aromasentia.com\/no\/wp-json\/wp\/v2\/product_cat?post=203899"},{"taxonomy":"product_tag","embeddable":true,"href":"https:\/\/aromasentia.com\/no\/wp-json\/wp\/v2\/product_tag?post=203899"}],"curies":[{"name":"wp","href":"https:\/\/api.w.org\/{rel}","templated":true}]}}