{"id":203898,"date":"2025-03-23T11:06:24","date_gmt":"2025-03-23T11:06:24","guid":{"rendered":"https:\/\/aromasentia.com\/product\/tree-of-life-gemstone-necklace-black-onyx\/"},"modified":"2025-05-31T00:19:41","modified_gmt":"2025-05-31T00:19:41","slug":"livets-tre-halskjede-med-edelstener-svart-onyks","status":"publish","type":"product","link":"https:\/\/aromasentia.com\/no\/livets-tre-halskjede-med-edelstener-svart-onyks\/","title":{"rendered":"Livets Tre &#8211; Halskjede med Edelstener &#8211; Svart Onyks"},"content":{"rendered":"<h2>Grosshandel Livets Tre Edelsten Halskjede &#8211; Svart Onyx<\/h2>\n<p style=\"text-align: justify;\">Innf\u00f8rer det fengslende Livets Tre Edelsten Halskjede prydet med en fascinerende svart onyx edelsten, en fantastisk syntese av symbolsk dybde og elegant lokke. Dette ekstraordin\u00e6re smykket kombinerer s\u00f8ml\u00f8st den tidl\u00f8se betydningen av Livets tre med den fengslende skj\u00f8nnheten til Black Onyx, noe som resulterer i et virkelig fortryllende tilbeh\u00f8r som utstr\u00e5ler b\u00e5de raffinement og mystikk.&nbsp;<\/p>\n<p style=\"text-align: justify;\">Renommert for sin dype, ugjennomsiktige svarte fargetone, b\u00e6rer Black Onyx en kraftig energi som er forbundet med beskyttelse og jording. Edelstenen tilf\u00f8rer ikke bare halskjedet et streif av g\u00e5tefull skj\u00f8nnhet, men fungerer ogs\u00e5 som en kilde til styrke og stabilitet. Med sin aura av mystikk og motstandskraft er Black Onyx et symbol p\u00e5 indre styrke og selvbeherskelse. Smyk deg med Livets tre-halskjede med svart onyks og la dets fengslende skj\u00f8nnhet og symbolske dybde v\u00e6re en refleksjon av din indre kraft og tilknytning til naturen.<\/p>\n<p style=\"text-align: justify;\">G\u00e5 ikke glipp av denne gylne muligheten! Bestill v\u00e5re halskjeder med edelstener i dag, og l\u00f8ft virksomheten din til nye h\u00f8yder. Bli med i rekken av vellykkede forhandlere som har omfavnet lokken til <a href=\"https:\/\/aromasentia.com\/wholesale-indian-gemstone-necklaces\" rel=\"noopener noreferrer\" target=\"_blank\"><strong>grossist halskjeder med edelstener<\/strong><\/a> og sett salget skyte i v\u00e6ret. <\/p>\n<p><\/p>\n<p><em>Kjedelengde: ca. 50 cm<\/em><\/p>\n","protected":false},"excerpt":{"rendered":"<p>Grosshandel Livets Tre Edelsten Halskjede &#8211; Svart Onyx Innf\u00f8rer det fengslende Livets Tre Edelsten Halskjede prydet med en fascinerende svart onyx edelsten, en fantastisk syntese av symbolsk dybde og elegant lokke. Dette ekstraordin\u00e6re smykket kombinerer s\u00f8ml\u00f8st den tidl\u00f8se betydningen av Livets tre med den fengslende skj\u00f8nnheten til Black Onyx, noe som resulterer i et virkelig [&hellip;]<\/p>\n","protected":false},"featured_media":422398,"comment_status":"closed","ping_status":"open","template":"","meta":{"_angie_page":false},"product_brand":[],"product_cat":[25214,25221,25700,8586],"product_tag":[],"class_list":{"0":"post-203898","1":"product","2":"type-product","3":"status-publish","4":"has-post-thumbnail","6":"product_cat-halskjeder-og-anheng","7":"product_cat-krystaller-edelsteiner","8":"product_cat-onyx","9":"product_cat-smykker-og-tilbehor","10":"pa_collection-indian-gemstone-necklaces-no","11":"pa_made-in-india","13":"first","14":"instock","15":"purchasable","16":"product-type-simple"},"supplier_id":null,"supplier_sku":"IGJ-04","barcode":null,"atum_controlled":true,"out_stock_date":null,"out_stock_threshold":null,"inheritable":false,"inbound_stock":null,"stock_on_hold":0,"sold_today":0,"sales_last_days":0,"reserved_stock":null,"customer_returns":null,"warehouse_damage":null,"lost_in_post":null,"other_logs":null,"out_stock_days":0,"lost_sales":0,"has_location":null,"update_date":"2026-04-27T07:08:39","atum_locations":[],"atum_stock_status":"instock","restock_status":false,"low_stock_amount":"","sales_update_date":"2026-01-30T01:25:01","calc_backorders":null,"_links":{"self":[{"href":"https:\/\/aromasentia.com\/no\/wp-json\/wp\/v2\/product\/203898","targetHints":{"allow":["GET"]}}],"collection":[{"href":"https:\/\/aromasentia.com\/no\/wp-json\/wp\/v2\/product"}],"about":[{"href":"https:\/\/aromasentia.com\/no\/wp-json\/wp\/v2\/types\/product"}],"replies":[{"embeddable":true,"href":"https:\/\/aromasentia.com\/no\/wp-json\/wp\/v2\/comments?post=203898"}],"version-history":[{"count":0,"href":"https:\/\/aromasentia.com\/no\/wp-json\/wp\/v2\/product\/203898\/revisions"}],"wp:featuredmedia":[{"embeddable":true,"href":"https:\/\/aromasentia.com\/no\/wp-json\/wp\/v2\/media\/422398"}],"wp:attachment":[{"href":"https:\/\/aromasentia.com\/no\/wp-json\/wp\/v2\/media?parent=203898"}],"wp:term":[{"taxonomy":"product_brand","embeddable":true,"href":"https:\/\/aromasentia.com\/no\/wp-json\/wp\/v2\/product_brand?post=203898"},{"taxonomy":"product_cat","embeddable":true,"href":"https:\/\/aromasentia.com\/no\/wp-json\/wp\/v2\/product_cat?post=203898"},{"taxonomy":"product_tag","embeddable":true,"href":"https:\/\/aromasentia.com\/no\/wp-json\/wp\/v2\/product_tag?post=203898"}],"curies":[{"name":"wp","href":"https:\/\/api.w.org\/{rel}","templated":true}]}}