{"id":203884,"date":"2025-03-23T11:06:32","date_gmt":"2025-03-23T11:06:32","guid":{"rendered":"https:\/\/aromasentia.com\/product\/magnetic-gemstone-bracelet-tiger-eye\/"},"modified":"2025-05-31T00:19:01","modified_gmt":"2025-05-31T00:19:01","slug":"magnetisk-armband-tigeroye","status":"publish","type":"product","link":"https:\/\/aromasentia.com\/no\/magnetisk-armband-tigeroye\/","title":{"rendered":"Magnetisk Armb\u00e5nd &#8211; Tiger\u00f8ye"},"content":{"rendered":"<p>Denne serien med magnetiske edelstensarmb\u00e5nd er laget for deg som liker \u00e5 uttrykke sin personlighet!<\/p>\n<p>Ideelt produkt \u00e5 mikse og matche, siden du gjerne vil skape et \u00ablook\u00bb med tre eller fire.<\/p>\n<p>For mange \u00e5r siden var disse enormt popul\u00e6re, med p\u00e5stander om helbredende eller mystiske tiltrekningsegenskaper \u2013 edelstener har mange magiske egenskaper, og med tiger\u00f8ye-, sodalitt- og r\u00f8dsteinsserier kan du dekke enhver smak.<\/p>\n<p>En perfekt gave til enhver anledning.<\/p>\n<p>Alle armb\u00e5ndene er festet sammen med sterk strikk, slik at de vil strekke seg for \u00e5 passe til alle h\u00e5ndleddsst\u00f8rrelser.<\/p>\n<p>Pyp opp smykkeseksjonen din og legg til litt farge med disse magnetiske armb\u00e5ndene. Fyll opp lageret i dag!<\/p>\n","protected":false},"excerpt":{"rendered":"<p>Denne serien med magnetiske edelstensarmb\u00e5nd er laget for deg som liker \u00e5 uttrykke sin personlighet! Ideelt produkt \u00e5 mikse og matche, siden du gjerne vil skape et \u00ablook\u00bb med tre eller fire. For mange \u00e5r siden var disse enormt popul\u00e6re, med p\u00e5stander om helbredende eller mystiske tiltrekningsegenskaper \u2013 edelstener har mange magiske egenskaper, og med [&hellip;]<\/p>\n","protected":false},"featured_media":424957,"comment_status":"closed","ping_status":"open","template":"","meta":{"_angie_page":false},"product_brand":[],"product_cat":[25207,25221,8586,25783],"product_tag":[],"class_list":{"0":"post-203884","1":"product","2":"type-product","3":"status-publish","4":"has-post-thumbnail","6":"product_cat-armband","7":"product_cat-krystaller-edelsteiner","8":"product_cat-smykker-og-tilbehor","9":"product_cat-tigeroye","10":"pa_collection-magnetic-gemstone-bracelets-no","11":"pa_made-in-kina","13":"first","14":"instock","15":"purchasable","16":"product-type-simple"},"supplier_id":null,"supplier_sku":"MGBS-04","barcode":null,"atum_controlled":true,"out_stock_date":null,"out_stock_threshold":null,"inheritable":false,"inbound_stock":null,"stock_on_hold":0,"sold_today":0,"sales_last_days":0,"reserved_stock":null,"customer_returns":null,"warehouse_damage":null,"lost_in_post":null,"other_logs":null,"out_stock_days":0,"lost_sales":0,"has_location":null,"update_date":"2026-05-04T00:03:58","atum_locations":[],"atum_stock_status":"instock","restock_status":false,"low_stock_amount":"","sales_update_date":"2026-02-06T00:02:28","calc_backorders":null,"_links":{"self":[{"href":"https:\/\/aromasentia.com\/no\/wp-json\/wp\/v2\/product\/203884","targetHints":{"allow":["GET"]}}],"collection":[{"href":"https:\/\/aromasentia.com\/no\/wp-json\/wp\/v2\/product"}],"about":[{"href":"https:\/\/aromasentia.com\/no\/wp-json\/wp\/v2\/types\/product"}],"replies":[{"embeddable":true,"href":"https:\/\/aromasentia.com\/no\/wp-json\/wp\/v2\/comments?post=203884"}],"version-history":[{"count":0,"href":"https:\/\/aromasentia.com\/no\/wp-json\/wp\/v2\/product\/203884\/revisions"}],"wp:featuredmedia":[{"embeddable":true,"href":"https:\/\/aromasentia.com\/no\/wp-json\/wp\/v2\/media\/424957"}],"wp:attachment":[{"href":"https:\/\/aromasentia.com\/no\/wp-json\/wp\/v2\/media?parent=203884"}],"wp:term":[{"taxonomy":"product_brand","embeddable":true,"href":"https:\/\/aromasentia.com\/no\/wp-json\/wp\/v2\/product_brand?post=203884"},{"taxonomy":"product_cat","embeddable":true,"href":"https:\/\/aromasentia.com\/no\/wp-json\/wp\/v2\/product_cat?post=203884"},{"taxonomy":"product_tag","embeddable":true,"href":"https:\/\/aromasentia.com\/no\/wp-json\/wp\/v2\/product_tag?post=203884"}],"curies":[{"name":"wp","href":"https:\/\/api.w.org\/{rel}","templated":true}]}}