{"id":203875,"date":"2025-03-23T11:06:32","date_gmt":"2025-03-23T11:06:32","guid":{"rendered":"https:\/\/aromasentia.com\/product\/gemstone-manifestation-bracelet-rare-mookiate-wisdom\/"},"modified":"2025-05-31T00:18:36","modified_gmt":"2025-05-31T00:18:36","slug":"manifestasjons-armband-sjelden-mookiate-visdom","status":"publish","type":"product","link":"https:\/\/aromasentia.com\/no\/manifestasjons-armband-sjelden-mookiate-visdom\/","title":{"rendered":"Manifestasjons Armb\u00e5nd &#8211; Sjelden Mookiate &#8211; Visdom"},"content":{"rendered":"<p><span style=\"color: rgb(75, 80, 88);\"><strong>Edelstensmanifestasjonsarmb\u00e5nd &#8211; Sjelden Mookaitt &#8211; Visdom<\/strong><\/span><\/p>\n<p><span style=\"color: rgb(75, 80, 88);\">\u00d8k utvalget i butikken din med et fengslende edelstensmanifestasjonsarmb\u00e5nd med sjelden Mookaitt, en stein med dyp visdom. Laget med ekte sjeldne Mookaittperler, legemliggj\u00f8r dette armb\u00e5ndet innsikt og kunnskap.<\/span><\/p>\n<p><span style=\"color: rgb(75, 80, 88);\">Hvert armb\u00e5nd er omhyggelig h\u00e5ndlaget og viser frem de uts\u00f8kte og unike m\u00f8nstrene til sjelden Mookaitt.<\/span><\/p>\n<p><span style=\"color: rgb(75, 80, 88);\">Inviter kundene dine til \u00e5 omfavne sin indre visdom og intuisjon med dette uts\u00f8kte smykket. La dem manifestere en vei til st\u00f8rre forst\u00e5else og opplysning med <strong>Edelstensmanifestasjonsarmb\u00e5ndet &#8211; Sjelden Mookaitt &#8211; Visdom<\/strong>.<\/span><\/p>\n","protected":false},"excerpt":{"rendered":"<p>Edelstensmanifestasjonsarmb\u00e5nd &#8211; Sjelden Mookaitt &#8211; Visdom \u00d8k utvalget i butikken din med et fengslende edelstensmanifestasjonsarmb\u00e5nd med sjelden Mookaitt, en stein med dyp visdom. Laget med ekte sjeldne Mookaittperler, legemliggj\u00f8r dette armb\u00e5ndet innsikt og kunnskap. Hvert armb\u00e5nd er omhyggelig h\u00e5ndlaget og viser frem de uts\u00f8kte og unike m\u00f8nstrene til sjelden Mookaitt. Inviter kundene dine til \u00e5 [&hellip;]<\/p>\n","protected":false},"featured_media":424364,"comment_status":"closed","ping_status":"open","template":"","meta":{"_angie_page":false},"product_brand":[],"product_cat":[25207,8586],"product_tag":[],"class_list":{"0":"post-203875","1":"product","2":"type-product","3":"status-publish","4":"has-post-thumbnail","6":"product_cat-armband","7":"product_cat-smykker-og-tilbehor","8":"pa_collection-gemstone-bracelets-for-manifestation-no","9":"pa_made-in-kina","11":"first","12":"instock","13":"purchasable","14":"product-type-simple"},"supplier_id":null,"supplier_sku":"ManB-12","barcode":null,"atum_controlled":true,"out_stock_date":null,"out_stock_threshold":null,"inheritable":false,"inbound_stock":null,"stock_on_hold":0,"sold_today":0,"sales_last_days":0,"reserved_stock":null,"customer_returns":null,"warehouse_damage":null,"lost_in_post":null,"other_logs":null,"out_stock_days":0,"lost_sales":0,"has_location":null,"update_date":"2026-05-08T05:13:08","atum_locations":[],"atum_stock_status":"instock","restock_status":false,"low_stock_amount":"","sales_update_date":"2026-01-30T01:24:51","calc_backorders":null,"_links":{"self":[{"href":"https:\/\/aromasentia.com\/no\/wp-json\/wp\/v2\/product\/203875","targetHints":{"allow":["GET"]}}],"collection":[{"href":"https:\/\/aromasentia.com\/no\/wp-json\/wp\/v2\/product"}],"about":[{"href":"https:\/\/aromasentia.com\/no\/wp-json\/wp\/v2\/types\/product"}],"replies":[{"embeddable":true,"href":"https:\/\/aromasentia.com\/no\/wp-json\/wp\/v2\/comments?post=203875"}],"version-history":[{"count":0,"href":"https:\/\/aromasentia.com\/no\/wp-json\/wp\/v2\/product\/203875\/revisions"}],"wp:featuredmedia":[{"embeddable":true,"href":"https:\/\/aromasentia.com\/no\/wp-json\/wp\/v2\/media\/424364"}],"wp:attachment":[{"href":"https:\/\/aromasentia.com\/no\/wp-json\/wp\/v2\/media?parent=203875"}],"wp:term":[{"taxonomy":"product_brand","embeddable":true,"href":"https:\/\/aromasentia.com\/no\/wp-json\/wp\/v2\/product_brand?post=203875"},{"taxonomy":"product_cat","embeddable":true,"href":"https:\/\/aromasentia.com\/no\/wp-json\/wp\/v2\/product_cat?post=203875"},{"taxonomy":"product_tag","embeddable":true,"href":"https:\/\/aromasentia.com\/no\/wp-json\/wp\/v2\/product_tag?post=203875"}],"curies":[{"name":"wp","href":"https:\/\/api.w.org\/{rel}","templated":true}]}}