{"id":203873,"date":"2025-03-23T11:06:32","date_gmt":"2025-03-23T11:06:32","guid":{"rendered":"https:\/\/aromasentia.com\/product\/gemstone-manifestation-bracelet-blood-spider-stone-family-bonds\/"},"modified":"2025-05-31T00:18:32","modified_gmt":"2025-05-31T00:18:32","slug":"manifestasjons-armband-blodedderkoppstein-familieband","status":"publish","type":"product","link":"https:\/\/aromasentia.com\/no\/manifestasjons-armband-blodedderkoppstein-familieband\/","title":{"rendered":"Manifestasjons Armb\u00e5nd &#8211; Blodedderkoppstein &#8211; Familieb\u00e5nd"},"content":{"rendered":"<p><strong><span style=\"color: rgb(75, 80, 88);\">Edelstensmanifestasjonsarmb\u00e5nd &#8211; Blodedderkoppstein &#8211; Familieb\u00e5nd<\/span><\/strong><\/p>\n<p><span style=\"color: rgb(75, 80, 88);\">L\u00f8ft butikkens utvalg med et forlokkende edelstensbekreftelsesarmb\u00e5nd som viser frem Blodedderkoppstein, en representasjon av varige familieb\u00e5nd. Dette armb\u00e5ndet er omhyggelig laget med ekte Blodedderkoppsteinperler, og legemliggj\u00f8r enhet og en f\u00f8lelse av tilknytning.<\/span> <\/p>\n<p><span style=\"color: rgb(75, 80, 88);\">Hvert armb\u00e5nd er omhyggelig laget og viser frem de unike m\u00f8nstrene til Blodedderkoppstein.<\/span><\/p>\n<p><span style=\"color: rgb(75, 80, 88);\">Oppfordre kundene dine til \u00e5 feire b\u00e5ndene som knyttes til dette uts\u00f8kte smykket. La dem manifestere en dypere forbindelse og harmoni i familien sin med <strong>Edelstensmanifestasjonsarmb\u00e5ndet &#8211; Blodedderkoppstein &#8211; Familieb\u00e5nd<\/strong>.<\/span><\/p>\n","protected":false},"excerpt":{"rendered":"<p>Edelstensmanifestasjonsarmb\u00e5nd &#8211; Blodedderkoppstein &#8211; Familieb\u00e5nd L\u00f8ft butikkens utvalg med et forlokkende edelstensbekreftelsesarmb\u00e5nd som viser frem Blodedderkoppstein, en representasjon av varige familieb\u00e5nd. Dette armb\u00e5ndet er omhyggelig laget med ekte Blodedderkoppsteinperler, og legemliggj\u00f8r enhet og en f\u00f8lelse av tilknytning. Hvert armb\u00e5nd er omhyggelig laget og viser frem de unike m\u00f8nstrene til Blodedderkoppstein. Oppfordre kundene dine til \u00e5 [&hellip;]<\/p>\n","protected":false},"featured_media":424298,"comment_status":"closed","ping_status":"open","template":"","meta":{"_angie_page":false},"product_brand":[],"product_cat":[25207,8586],"product_tag":[],"class_list":{"0":"post-203873","1":"product","2":"type-product","3":"status-publish","4":"has-post-thumbnail","6":"product_cat-armband","7":"product_cat-smykker-og-tilbehor","8":"pa_collection-gemstone-bracelets-for-manifestation-no","9":"pa_made-in-kina","11":"first","12":"instock","13":"purchasable","14":"product-type-simple"},"supplier_id":null,"supplier_sku":"ManB-10","barcode":null,"atum_controlled":true,"out_stock_date":null,"out_stock_threshold":null,"inheritable":false,"inbound_stock":null,"stock_on_hold":0,"sold_today":0,"sales_last_days":0,"reserved_stock":null,"customer_returns":null,"warehouse_damage":null,"lost_in_post":null,"other_logs":null,"out_stock_days":0,"lost_sales":0,"has_location":null,"update_date":"2026-05-08T05:13:08","atum_locations":[],"atum_stock_status":"instock","restock_status":false,"low_stock_amount":"","sales_update_date":"2026-01-30T01:24:27","calc_backorders":null,"_links":{"self":[{"href":"https:\/\/aromasentia.com\/no\/wp-json\/wp\/v2\/product\/203873","targetHints":{"allow":["GET"]}}],"collection":[{"href":"https:\/\/aromasentia.com\/no\/wp-json\/wp\/v2\/product"}],"about":[{"href":"https:\/\/aromasentia.com\/no\/wp-json\/wp\/v2\/types\/product"}],"replies":[{"embeddable":true,"href":"https:\/\/aromasentia.com\/no\/wp-json\/wp\/v2\/comments?post=203873"}],"version-history":[{"count":0,"href":"https:\/\/aromasentia.com\/no\/wp-json\/wp\/v2\/product\/203873\/revisions"}],"wp:featuredmedia":[{"embeddable":true,"href":"https:\/\/aromasentia.com\/no\/wp-json\/wp\/v2\/media\/424298"}],"wp:attachment":[{"href":"https:\/\/aromasentia.com\/no\/wp-json\/wp\/v2\/media?parent=203873"}],"wp:term":[{"taxonomy":"product_brand","embeddable":true,"href":"https:\/\/aromasentia.com\/no\/wp-json\/wp\/v2\/product_brand?post=203873"},{"taxonomy":"product_cat","embeddable":true,"href":"https:\/\/aromasentia.com\/no\/wp-json\/wp\/v2\/product_cat?post=203873"},{"taxonomy":"product_tag","embeddable":true,"href":"https:\/\/aromasentia.com\/no\/wp-json\/wp\/v2\/product_tag?post=203873"}],"curies":[{"name":"wp","href":"https:\/\/api.w.org\/{rel}","templated":true}]}}