{"id":203872,"date":"2025-03-23T11:06:32","date_gmt":"2025-03-23T11:06:32","guid":{"rendered":"https:\/\/aromasentia.com\/product\/gemstone-manifestation-bracelet-olive-jade-healing\/"},"modified":"2025-05-31T00:18:29","modified_gmt":"2025-05-31T00:18:29","slug":"manifestasjons-armband-olive-jade-healing","status":"publish","type":"product","link":"https:\/\/aromasentia.com\/no\/manifestasjons-armband-olive-jade-healing\/","title":{"rendered":"Manifestasjons Armb\u00e5nd &#8211; Olive Jade &#8211; Healing"},"content":{"rendered":"<p><span style=\"color: rgb(75, 80, 88);\"><strong>Edelstensmanifestasjonsarmb\u00e5nd &#8211; Olivenjade &#8211; Helbredelse<\/strong><\/span><\/p>\n<p><span style=\"color: rgb(75, 80, 88);\">Forbedre butikkens tilbud med et fortryllende edelstensbekreftelsesarmb\u00e5nd med olivenjade, en \u00e6ret edelsten kjent for sine revitaliserende egenskaper. Dette armb\u00e5ndet er omhyggelig laget med ekte olivenjadeperler, og innkapsler \u00e5nden av fornyelse og helhetlig velv\u00e6re. <br \/><\/span><\/p>\n<p><span style=\"color: rgb(75, 80, 88);\">Hvert armb\u00e5nd er kj\u00e6rlig h\u00e5ndlaget, og fremhever de beroligende nyansene av olivenjade.<\/span><\/p>\n<p><span style=\"color: rgb(75, 80, 88);\">Oppmuntre kundene dine til \u00e5 omfavne helhetlig helbredelse og indre harmoni med dette uts\u00f8kte smykket. La dem manifestere en vei til velv\u00e6re og vitalitet med <strong>Edelstensmanifestasjonsarmb\u00e5ndet &#8211; Oliven Jade &#8211; Healing<\/strong>.<\/span><\/p>\n","protected":false},"excerpt":{"rendered":"<p>Edelstensmanifestasjonsarmb\u00e5nd &#8211; Olivenjade &#8211; Helbredelse Forbedre butikkens tilbud med et fortryllende edelstensbekreftelsesarmb\u00e5nd med olivenjade, en \u00e6ret edelsten kjent for sine revitaliserende egenskaper. Dette armb\u00e5ndet er omhyggelig laget med ekte olivenjadeperler, og innkapsler \u00e5nden av fornyelse og helhetlig velv\u00e6re. Hvert armb\u00e5nd er kj\u00e6rlig h\u00e5ndlaget, og fremhever de beroligende nyansene av olivenjade. Oppmuntre kundene dine til \u00e5 [&hellip;]<\/p>\n","protected":false},"featured_media":424265,"comment_status":"closed","ping_status":"open","template":"","meta":{"_angie_page":false},"product_brand":[],"product_cat":[25207,25636,25221,8586],"product_tag":[],"class_list":{"0":"post-203872","1":"product","2":"type-product","3":"status-publish","4":"has-post-thumbnail","6":"product_cat-armband","7":"product_cat-jade","8":"product_cat-krystaller-edelsteiner","9":"product_cat-smykker-og-tilbehor","10":"pa_collection-gemstone-bracelets-for-manifestation-no","11":"pa_made-in-kina","13":"first","14":"instock","15":"purchasable","16":"product-type-simple"},"supplier_id":null,"supplier_sku":"ManB-09","barcode":null,"atum_controlled":true,"out_stock_date":null,"out_stock_threshold":null,"inheritable":false,"inbound_stock":null,"stock_on_hold":0,"sold_today":0,"sales_last_days":0,"reserved_stock":null,"customer_returns":null,"warehouse_damage":null,"lost_in_post":null,"other_logs":null,"out_stock_days":0,"lost_sales":0,"has_location":null,"update_date":"2026-04-27T07:12:04","atum_locations":[],"atum_stock_status":"instock","restock_status":false,"low_stock_amount":"","sales_update_date":"2026-01-30T01:24:41","calc_backorders":null,"_links":{"self":[{"href":"https:\/\/aromasentia.com\/no\/wp-json\/wp\/v2\/product\/203872","targetHints":{"allow":["GET"]}}],"collection":[{"href":"https:\/\/aromasentia.com\/no\/wp-json\/wp\/v2\/product"}],"about":[{"href":"https:\/\/aromasentia.com\/no\/wp-json\/wp\/v2\/types\/product"}],"replies":[{"embeddable":true,"href":"https:\/\/aromasentia.com\/no\/wp-json\/wp\/v2\/comments?post=203872"}],"version-history":[{"count":0,"href":"https:\/\/aromasentia.com\/no\/wp-json\/wp\/v2\/product\/203872\/revisions"}],"wp:featuredmedia":[{"embeddable":true,"href":"https:\/\/aromasentia.com\/no\/wp-json\/wp\/v2\/media\/424265"}],"wp:attachment":[{"href":"https:\/\/aromasentia.com\/no\/wp-json\/wp\/v2\/media?parent=203872"}],"wp:term":[{"taxonomy":"product_brand","embeddable":true,"href":"https:\/\/aromasentia.com\/no\/wp-json\/wp\/v2\/product_brand?post=203872"},{"taxonomy":"product_cat","embeddable":true,"href":"https:\/\/aromasentia.com\/no\/wp-json\/wp\/v2\/product_cat?post=203872"},{"taxonomy":"product_tag","embeddable":true,"href":"https:\/\/aromasentia.com\/no\/wp-json\/wp\/v2\/product_tag?post=203872"}],"curies":[{"name":"wp","href":"https:\/\/api.w.org\/{rel}","templated":true}]}}