{"id":203871,"date":"2025-03-23T11:06:32","date_gmt":"2025-03-23T11:06:32","guid":{"rendered":"https:\/\/aromasentia.com\/product\/gemstone-manifestation-bracelet-white-jasper-peace\/"},"modified":"2025-05-31T00:18:26","modified_gmt":"2025-05-31T00:18:26","slug":"manifestasjons-armband-hvit-jaspis-fred","status":"publish","type":"product","link":"https:\/\/aromasentia.com\/no\/manifestasjons-armband-hvit-jaspis-fred\/","title":{"rendered":"Manifestasjons Armb\u00e5nd &#8211; Hvit Jaspis &#8211; Fred"},"content":{"rendered":"<p><span style=\"color: rgb(75, 80, 88);\">&nbsp;<strong>Manifestasjonsarmb\u00e5nd med edelstener &#8211; Fred<\/strong><\/span><\/p>\n<p><span style=\"color: rgb(75, 80, 88);\">Vekk den ubegrensede kraften i form\u00e5l med fengslende edelstensb\u00e5nd, n\u00f8ye utformet for \u00e5 oppmuntre kundene dine til \u00e5 bringe deres mest kj\u00e6re ambisjoner til live og katalysere betydelig positiv transformasjon i deres reiser.<\/span><\/p>\n<p><span style=\"color: rgb(75, 80, 88);\">Hvis du er en forhandler, b\u00f8r du vurdere disse armb\u00e5ndene som et viktig tillegg til varelageret ditt.&nbsp;Manifestasjon har \u00f8kt i popularitet,&nbsp;og disse armb\u00e5ndene gir en h\u00e5ndgripelig inngangsport for kundene dine til \u00e5 skape en dyp forbindelse med sine ambisjoner og intensjoner. De overskrider ren estetikk; De er dynamiske instrumenter med kraften til \u00e5 magnetisere et voksende publikum til din virksomhet.<\/span><\/p>\n<p><span style=\"color: rgb(75, 80, 88);\">Legg ut p\u00e5 en reise til indre fred og ro med <strong>Hvit Jaspis Manifestasjonsarmb\u00e5nd<\/strong>. Denne edelstenens beroligende aura legger til rette for manifestasjon av ro midt i livets n\u00e5del\u00f8se utfordringer.<\/span><\/p>\n","protected":false},"excerpt":{"rendered":"<p>&nbsp;Manifestasjonsarmb\u00e5nd med edelstener &#8211; Fred Vekk den ubegrensede kraften i form\u00e5l med fengslende edelstensb\u00e5nd, n\u00f8ye utformet for \u00e5 oppmuntre kundene dine til \u00e5 bringe deres mest kj\u00e6re ambisjoner til live og katalysere betydelig positiv transformasjon i deres reiser. Hvis du er en forhandler, b\u00f8r du vurdere disse armb\u00e5ndene som et viktig tillegg til varelageret ditt.&nbsp;Manifestasjon [&hellip;]<\/p>\n","protected":false},"featured_media":424232,"comment_status":"closed","ping_status":"open","template":"","meta":{"_angie_page":false},"product_brand":[],"product_cat":[25207,25647,25221,8586],"product_tag":[],"class_list":{"0":"post-203871","1":"product","2":"type-product","3":"status-publish","4":"has-post-thumbnail","6":"product_cat-armband","7":"product_cat-jaspis","8":"product_cat-krystaller-edelsteiner","9":"product_cat-smykker-og-tilbehor","10":"pa_collection-gemstone-bracelets-for-manifestation-no","11":"pa_made-in-kina","13":"first","14":"instock","15":"purchasable","16":"product-type-simple"},"supplier_id":null,"supplier_sku":"ManB-08","barcode":null,"atum_controlled":true,"out_stock_date":null,"out_stock_threshold":null,"inheritable":false,"inbound_stock":null,"stock_on_hold":0,"sold_today":0,"sales_last_days":0,"reserved_stock":null,"customer_returns":null,"warehouse_damage":null,"lost_in_post":null,"other_logs":null,"out_stock_days":0,"lost_sales":0,"has_location":null,"update_date":"2026-04-29T01:07:01","atum_locations":[],"atum_stock_status":"instock","restock_status":false,"low_stock_amount":"","sales_update_date":"2026-01-30T01:24:42","calc_backorders":null,"_links":{"self":[{"href":"https:\/\/aromasentia.com\/no\/wp-json\/wp\/v2\/product\/203871","targetHints":{"allow":["GET"]}}],"collection":[{"href":"https:\/\/aromasentia.com\/no\/wp-json\/wp\/v2\/product"}],"about":[{"href":"https:\/\/aromasentia.com\/no\/wp-json\/wp\/v2\/types\/product"}],"replies":[{"embeddable":true,"href":"https:\/\/aromasentia.com\/no\/wp-json\/wp\/v2\/comments?post=203871"}],"version-history":[{"count":0,"href":"https:\/\/aromasentia.com\/no\/wp-json\/wp\/v2\/product\/203871\/revisions"}],"wp:featuredmedia":[{"embeddable":true,"href":"https:\/\/aromasentia.com\/no\/wp-json\/wp\/v2\/media\/424232"}],"wp:attachment":[{"href":"https:\/\/aromasentia.com\/no\/wp-json\/wp\/v2\/media?parent=203871"}],"wp:term":[{"taxonomy":"product_brand","embeddable":true,"href":"https:\/\/aromasentia.com\/no\/wp-json\/wp\/v2\/product_brand?post=203871"},{"taxonomy":"product_cat","embeddable":true,"href":"https:\/\/aromasentia.com\/no\/wp-json\/wp\/v2\/product_cat?post=203871"},{"taxonomy":"product_tag","embeddable":true,"href":"https:\/\/aromasentia.com\/no\/wp-json\/wp\/v2\/product_tag?post=203871"}],"curies":[{"name":"wp","href":"https:\/\/api.w.org\/{rel}","templated":true}]}}