{"id":203870,"date":"2025-03-23T11:06:32","date_gmt":"2025-03-23T11:06:32","guid":{"rendered":"https:\/\/aromasentia.com\/product\/gemstone-manifestation-bracelet-map-stone-prosperity\/"},"modified":"2025-05-31T00:18:23","modified_gmt":"2025-05-31T00:18:23","slug":"manifestasjons-armband-kartstein-velstand","status":"publish","type":"product","link":"https:\/\/aromasentia.com\/no\/manifestasjons-armband-kartstein-velstand\/","title":{"rendered":"Manifestasjons Armb\u00e5nd &#8211; Kartstein &#8211; Velstand"},"content":{"rendered":"<p><strong><span style=\"color: rgb(75, 80, 88);\">Manifestasjonsarmb\u00e5nd med edelstener &#8211; Velstand<\/span><\/strong><\/p>\n<p><span style=\"color: rgb(75, 80, 88);\">Utnytt den formidable kraften i intensjoner med fengslende edelstensb\u00e5nd, omhyggelig designet for \u00e5 oppmuntre kundene dine til \u00e5 realisere sine mest kj\u00e6re dr\u00f8mmer og tenne et dyptg\u00e5ende positivt skifte i livets retning. <br \/><\/span><\/p>\n<p><span style=\"color: rgb(75, 80, 88);\">For forhandlere er disse armb\u00e5ndene en absolutt n\u00f8dvendighet i varelageret ditt. Manifestasjon er en blomstrende og bredt omfavnet praksis, og disse armb\u00e5ndene gir en h\u00e5ndgripelig kanal for kundene dine til \u00e5 skape en forbindelse med sine ambisjoner og intensjoner. De overg\u00e5r bare estetisk appell; De er dynamiske instrumenter som er i stand til \u00e5 trekke et voksende publikum til din virksomhet.<\/span><\/p>\n<p><span style=\"color: rgb(75, 80, 88);\">Omfavn velstand og velstand med<strong>&nbsp;Map Stone Manifestation Bracelet<\/strong>. Denne edelstenen er et symbol p\u00e5 \u00f8konomisk vekst og muligheter, noe som gj\u00f8r den til det ultimate valget for de som \u00f8nsker \u00e5 manifestere rikdom.<\/span><\/p>\n<p><span style=\"color: rgb(75, 80, 88);\">Avdekk intensjonens fortryllelse med Manifestation Gemstone Bracelets.<\/span><\/p>\n","protected":false},"excerpt":{"rendered":"<p>Manifestasjonsarmb\u00e5nd med edelstener &#8211; Velstand Utnytt den formidable kraften i intensjoner med fengslende edelstensb\u00e5nd, omhyggelig designet for \u00e5 oppmuntre kundene dine til \u00e5 realisere sine mest kj\u00e6re dr\u00f8mmer og tenne et dyptg\u00e5ende positivt skifte i livets retning. For forhandlere er disse armb\u00e5ndene en absolutt n\u00f8dvendighet i varelageret ditt. Manifestasjon er en blomstrende og bredt omfavnet [&hellip;]<\/p>\n","protected":false},"featured_media":424199,"comment_status":"closed","ping_status":"open","template":"","meta":{"_angie_page":false},"product_brand":[],"product_cat":[25207,8586],"product_tag":[],"class_list":{"0":"post-203870","1":"product","2":"type-product","3":"status-publish","4":"has-post-thumbnail","6":"product_cat-armband","7":"product_cat-smykker-og-tilbehor","8":"pa_collection-gemstone-bracelets-for-manifestation-no","9":"pa_made-in-kina","11":"first","12":"instock","13":"purchasable","14":"product-type-simple"},"supplier_id":null,"supplier_sku":"ManB-07","barcode":null,"atum_controlled":true,"out_stock_date":null,"out_stock_threshold":null,"inheritable":false,"inbound_stock":null,"stock_on_hold":0,"sold_today":0,"sales_last_days":0,"reserved_stock":null,"customer_returns":null,"warehouse_damage":null,"lost_in_post":null,"other_logs":null,"out_stock_days":0,"lost_sales":0,"has_location":null,"update_date":"2026-05-08T05:13:08","atum_locations":[],"atum_stock_status":"instock","restock_status":false,"low_stock_amount":"","sales_update_date":"2026-02-06T00:01:20","calc_backorders":null,"_links":{"self":[{"href":"https:\/\/aromasentia.com\/no\/wp-json\/wp\/v2\/product\/203870","targetHints":{"allow":["GET"]}}],"collection":[{"href":"https:\/\/aromasentia.com\/no\/wp-json\/wp\/v2\/product"}],"about":[{"href":"https:\/\/aromasentia.com\/no\/wp-json\/wp\/v2\/types\/product"}],"replies":[{"embeddable":true,"href":"https:\/\/aromasentia.com\/no\/wp-json\/wp\/v2\/comments?post=203870"}],"version-history":[{"count":0,"href":"https:\/\/aromasentia.com\/no\/wp-json\/wp\/v2\/product\/203870\/revisions"}],"wp:featuredmedia":[{"embeddable":true,"href":"https:\/\/aromasentia.com\/no\/wp-json\/wp\/v2\/media\/424199"}],"wp:attachment":[{"href":"https:\/\/aromasentia.com\/no\/wp-json\/wp\/v2\/media?parent=203870"}],"wp:term":[{"taxonomy":"product_brand","embeddable":true,"href":"https:\/\/aromasentia.com\/no\/wp-json\/wp\/v2\/product_brand?post=203870"},{"taxonomy":"product_cat","embeddable":true,"href":"https:\/\/aromasentia.com\/no\/wp-json\/wp\/v2\/product_cat?post=203870"},{"taxonomy":"product_tag","embeddable":true,"href":"https:\/\/aromasentia.com\/no\/wp-json\/wp\/v2\/product_tag?post=203870"}],"curies":[{"name":"wp","href":"https:\/\/api.w.org\/{rel}","templated":true}]}}