{"id":203869,"date":"2025-03-23T11:06:32","date_gmt":"2025-03-23T11:06:32","guid":{"rendered":"https:\/\/aromasentia.com\/product\/gemstone-manifestation-bracelet-black-agate-protection\/"},"modified":"2025-05-31T00:18:19","modified_gmt":"2025-05-31T00:18:19","slug":"manifestasjons-armband-svart-agat-beskyttelse","status":"publish","type":"product","link":"https:\/\/aromasentia.com\/no\/manifestasjons-armband-svart-agat-beskyttelse\/","title":{"rendered":"Manifestasjons Armb\u00e5nd &#8211; Svart Agat &#8211; Beskyttelse"},"content":{"rendered":"<p><span style=\"color: rgb(75, 80, 88);\"><strong>Edelstensmanifestasjonsarmb\u00e5nd &#8211; Blodgranat &#8211; Beskyttelse<\/strong><\/span><\/p>\n<p><span style=\"color: rgb(75, 80, 88);\">Forbedre butikkens tilbud med et forlokkende edelstensbekreftelsesarmb\u00e5nd som viser frem Blodgranat, en edelsten kjent for sine standhaftige beskyttende egenskaper. Dette armb\u00e5ndet er omhyggelig laget med autentiske Blodgranatperler, og fungerer som et kraftig skjold mot negative energier, en sann verge for brukeren.<\/span> <\/p>\n<p><span style=\"color: rgb(75, 80, 88);\">Hvert armb\u00e5nd er omhyggelig laget og fremhever den dypr\u00f8de skj\u00f8nnheten til Blodgranat.<\/span><\/p>\n<p><span style=\"color: rgb(75, 80, 88);\">Inviter kundene dine til \u00e5 utnytte den beskyttende energien til dette uts\u00f8kte smykket. Hjelp dem \u00e5 manifestere et skjold av trygghet og styrke i livene sine med <strong>Edelstensmanifestasjonsarmb\u00e5ndet &#8211; Blodgranat &#8211; Beskyttelse.<\/strong><\/span><\/p>\n","protected":false},"excerpt":{"rendered":"<p>Edelstensmanifestasjonsarmb\u00e5nd &#8211; Blodgranat &#8211; Beskyttelse Forbedre butikkens tilbud med et forlokkende edelstensbekreftelsesarmb\u00e5nd som viser frem Blodgranat, en edelsten kjent for sine standhaftige beskyttende egenskaper. Dette armb\u00e5ndet er omhyggelig laget med autentiske Blodgranatperler, og fungerer som et kraftig skjold mot negative energier, en sann verge for brukeren. Hvert armb\u00e5nd er omhyggelig laget og fremhever den dypr\u00f8de [&hellip;]<\/p>\n","protected":false},"featured_media":424166,"comment_status":"closed","ping_status":"open","template":"","meta":{"_angie_page":false},"product_brand":[],"product_cat":[25539,25207,25221,8586],"product_tag":[],"class_list":{"0":"post-203869","1":"product","2":"type-product","3":"status-publish","4":"has-post-thumbnail","6":"product_cat-agat","7":"product_cat-armband","8":"product_cat-krystaller-edelsteiner","9":"product_cat-smykker-og-tilbehor","10":"pa_collection-gemstone-bracelets-for-manifestation-no","11":"pa_made-in-kina","13":"first","14":"instock","15":"purchasable","16":"product-type-simple"},"supplier_id":null,"supplier_sku":"ManB-06","barcode":null,"atum_controlled":true,"out_stock_date":null,"out_stock_threshold":null,"inheritable":false,"inbound_stock":null,"stock_on_hold":0,"sold_today":0,"sales_last_days":0,"reserved_stock":null,"customer_returns":null,"warehouse_damage":null,"lost_in_post":null,"other_logs":null,"out_stock_days":0,"lost_sales":0,"has_location":null,"update_date":"2026-05-08T05:13:08","atum_locations":[],"atum_stock_status":"instock","restock_status":false,"low_stock_amount":"","sales_update_date":"2026-02-06T00:02:22","calc_backorders":null,"_links":{"self":[{"href":"https:\/\/aromasentia.com\/no\/wp-json\/wp\/v2\/product\/203869","targetHints":{"allow":["GET"]}}],"collection":[{"href":"https:\/\/aromasentia.com\/no\/wp-json\/wp\/v2\/product"}],"about":[{"href":"https:\/\/aromasentia.com\/no\/wp-json\/wp\/v2\/types\/product"}],"replies":[{"embeddable":true,"href":"https:\/\/aromasentia.com\/no\/wp-json\/wp\/v2\/comments?post=203869"}],"version-history":[{"count":0,"href":"https:\/\/aromasentia.com\/no\/wp-json\/wp\/v2\/product\/203869\/revisions"}],"wp:featuredmedia":[{"embeddable":true,"href":"https:\/\/aromasentia.com\/no\/wp-json\/wp\/v2\/media\/424166"}],"wp:attachment":[{"href":"https:\/\/aromasentia.com\/no\/wp-json\/wp\/v2\/media?parent=203869"}],"wp:term":[{"taxonomy":"product_brand","embeddable":true,"href":"https:\/\/aromasentia.com\/no\/wp-json\/wp\/v2\/product_brand?post=203869"},{"taxonomy":"product_cat","embeddable":true,"href":"https:\/\/aromasentia.com\/no\/wp-json\/wp\/v2\/product_cat?post=203869"},{"taxonomy":"product_tag","embeddable":true,"href":"https:\/\/aromasentia.com\/no\/wp-json\/wp\/v2\/product_tag?post=203869"}],"curies":[{"name":"wp","href":"https:\/\/api.w.org\/{rel}","templated":true}]}}