{"id":203866,"date":"2025-03-23T11:06:32","date_gmt":"2025-03-23T11:06:32","guid":{"rendered":"https:\/\/aromasentia.com\/product\/gemstone-manifestation-bracelet-blue-lace-agate-independence\/"},"modified":"2025-05-31T00:17:50","modified_gmt":"2025-05-31T00:17:50","slug":"manifestasjons-armband-blue-lace-agate-independence","status":"publish","type":"product","link":"https:\/\/aromasentia.com\/no\/manifestasjons-armband-blue-lace-agate-independence\/","title":{"rendered":"Manifestasjons Armb\u00e5nd &#8211; Blue Lace Agate &#8211; Independence"},"content":{"rendered":"<p><span style=\"color: rgb(75, 80, 88);\"><strong>Edelstensmanifestasjonsarmb\u00e5nd &#8211; Bl\u00e5 blondeagat &#8211; Uavhengighet<\/strong><\/span><\/p>\n<p><span style=\"color: rgb(75, 80, 88);\">L\u00f8ft tilbudet i butikken din med et <strong>Edelstensmanifestasjonsarmb\u00e5nd<\/strong> med bl\u00e5 blondeagat, en stein for uavhengighet og selvutfoldelse. Laget med ekte bl\u00e5 blondeagatperler, er dette armb\u00e5ndet et symbol p\u00e5 klarhet, selvtillit og frihet.<\/span><\/p>\n<p><span style=\"color: rgb(75, 80, 88);\">Inspirer kundene dine til \u00e5 omfavne sin unikhet og finne sin stemme med dette uts\u00f8kte armb\u00e5ndet. Hvert stykke er omhyggelig laget, noe som gj\u00f8r det til et verdifullt tillegg til beholdningen din.<\/span><\/p>\n<p><span style=\"color: rgb(75, 80, 88);\">Gi kundene dine muligheten til \u00e5 manifestere sin egen vei til uavhengighet med <strong>Edelstensmanifestasjonsarmb\u00e5ndet &#8211; Bl\u00e5 blondeagat &#8211; Uavhengighet.<\/strong><\/span><\/p>\n","protected":false},"excerpt":{"rendered":"<p>Edelstensmanifestasjonsarmb\u00e5nd &#8211; Bl\u00e5 blondeagat &#8211; Uavhengighet L\u00f8ft tilbudet i butikken din med et Edelstensmanifestasjonsarmb\u00e5nd med bl\u00e5 blondeagat, en stein for uavhengighet og selvutfoldelse. Laget med ekte bl\u00e5 blondeagatperler, er dette armb\u00e5ndet et symbol p\u00e5 klarhet, selvtillit og frihet. Inspirer kundene dine til \u00e5 omfavne sin unikhet og finne sin stemme med dette uts\u00f8kte armb\u00e5ndet. Hvert [&hellip;]<\/p>\n","protected":false},"featured_media":424067,"comment_status":"closed","ping_status":"open","template":"","meta":{"_angie_page":false},"product_brand":[],"product_cat":[25539,25207,25221,8586],"product_tag":[],"class_list":{"0":"post-203866","1":"product","2":"type-product","3":"status-publish","4":"has-post-thumbnail","6":"product_cat-agat","7":"product_cat-armband","8":"product_cat-krystaller-edelsteiner","9":"product_cat-smykker-og-tilbehor","10":"pa_collection-gemstone-bracelets-for-manifestation-no","11":"pa_made-in-kina","13":"first","14":"instock","15":"purchasable","16":"product-type-simple"},"supplier_id":null,"supplier_sku":"ManB-03","barcode":null,"atum_controlled":true,"out_stock_date":null,"out_stock_threshold":null,"inheritable":false,"inbound_stock":null,"stock_on_hold":0,"sold_today":0,"sales_last_days":0,"reserved_stock":null,"customer_returns":null,"warehouse_damage":null,"lost_in_post":null,"other_logs":null,"out_stock_days":0,"lost_sales":0,"has_location":null,"update_date":"2026-05-08T05:13:08","atum_locations":[],"atum_stock_status":"instock","restock_status":false,"low_stock_amount":"","sales_update_date":"2025-09-03T00:16:28","calc_backorders":null,"_links":{"self":[{"href":"https:\/\/aromasentia.com\/no\/wp-json\/wp\/v2\/product\/203866","targetHints":{"allow":["GET"]}}],"collection":[{"href":"https:\/\/aromasentia.com\/no\/wp-json\/wp\/v2\/product"}],"about":[{"href":"https:\/\/aromasentia.com\/no\/wp-json\/wp\/v2\/types\/product"}],"replies":[{"embeddable":true,"href":"https:\/\/aromasentia.com\/no\/wp-json\/wp\/v2\/comments?post=203866"}],"version-history":[{"count":0,"href":"https:\/\/aromasentia.com\/no\/wp-json\/wp\/v2\/product\/203866\/revisions"}],"wp:featuredmedia":[{"embeddable":true,"href":"https:\/\/aromasentia.com\/no\/wp-json\/wp\/v2\/media\/424067"}],"wp:attachment":[{"href":"https:\/\/aromasentia.com\/no\/wp-json\/wp\/v2\/media?parent=203866"}],"wp:term":[{"taxonomy":"product_brand","embeddable":true,"href":"https:\/\/aromasentia.com\/no\/wp-json\/wp\/v2\/product_brand?post=203866"},{"taxonomy":"product_cat","embeddable":true,"href":"https:\/\/aromasentia.com\/no\/wp-json\/wp\/v2\/product_cat?post=203866"},{"taxonomy":"product_tag","embeddable":true,"href":"https:\/\/aromasentia.com\/no\/wp-json\/wp\/v2\/product_tag?post=203866"}],"curies":[{"name":"wp","href":"https:\/\/api.w.org\/{rel}","templated":true}]}}