{"id":203865,"date":"2025-03-23T11:06:32","date_gmt":"2025-03-23T11:06:32","guid":{"rendered":"https:\/\/aromasentia.com\/product\/gemstone-manifestation-bracelet-lepard-skin-courage\/"},"modified":"2025-05-31T00:17:48","modified_gmt":"2025-05-31T00:17:48","slug":"manifestasjons-armband-lepard-skin-mot","status":"publish","type":"product","link":"https:\/\/aromasentia.com\/no\/manifestasjons-armband-lepard-skin-mot\/","title":{"rendered":"Manifestasjons Armb\u00e5nd &#8211; Lepard Skin &#8211; Mot"},"content":{"rendered":"<p><span style=\"color: rgb(75, 80, 88);\"><strong>Armb\u00e5nd med edelstensmanifestasjon &#8211; Leopardhud &#8211; Mot<\/strong><\/span><\/p>\n<p><span style=\"color: rgb(75, 80, 88);\">Forbedre utvalget i butikken din med dette fengslende armb\u00e5ndet med edelstensmanifestasjon med jaspis i leopardhud. Dette armb\u00e5ndet legemliggj\u00f8r mot og styrke, noe som gj\u00f8r det til et essensielt tilbeh\u00f8r for de som \u00f8nsker \u00e5 styrke sin indre besluttsomhet.<\/span><\/p>\n<p><span style=\"color: rgb(75, 80, 88);\">Laget av autentiske leopardskinnsjaspisperler, er hvert armb\u00e5nd et unikt kunstverk som gjenspeiler den ville og utemmede \u00e5nden i deg.<\/span><\/p>\n<p><span style=\"color: rgb(75, 80, 88);\">Inviter kundene dine til \u00e5 tappe inn i sitt indre mot og g\u00e5 frimodig inn p\u00e5 reisen sin med dette <strong>Edelstensmanifestasjonsarmb\u00e5ndet &#8211; Leopardskinn &#8211; Mot.<\/strong><\/span><\/p>\n","protected":false},"excerpt":{"rendered":"<p>Armb\u00e5nd med edelstensmanifestasjon &#8211; Leopardhud &#8211; Mot Forbedre utvalget i butikken din med dette fengslende armb\u00e5ndet med edelstensmanifestasjon med jaspis i leopardhud. Dette armb\u00e5ndet legemliggj\u00f8r mot og styrke, noe som gj\u00f8r det til et essensielt tilbeh\u00f8r for de som \u00f8nsker \u00e5 styrke sin indre besluttsomhet. Laget av autentiske leopardskinnsjaspisperler, er hvert armb\u00e5nd et unikt kunstverk [&hellip;]<\/p>\n","protected":false},"featured_media":424034,"comment_status":"closed","ping_status":"open","template":"","meta":{"_angie_page":false},"product_brand":[],"product_cat":[25207,8586],"product_tag":[],"class_list":{"0":"post-203865","1":"product","2":"type-product","3":"status-publish","4":"has-post-thumbnail","6":"product_cat-armband","7":"product_cat-smykker-og-tilbehor","8":"pa_collection-gemstone-bracelets-for-manifestation-no","9":"pa_made-in-kina","11":"first","12":"instock","13":"purchasable","14":"product-type-simple"},"supplier_id":null,"supplier_sku":"ManB-02","barcode":null,"atum_controlled":true,"out_stock_date":null,"out_stock_threshold":null,"inheritable":false,"inbound_stock":null,"stock_on_hold":0,"sold_today":0,"sales_last_days":0,"reserved_stock":null,"customer_returns":null,"warehouse_damage":null,"lost_in_post":null,"other_logs":null,"out_stock_days":0,"lost_sales":0,"has_location":null,"update_date":"2026-05-08T05:13:08","atum_locations":[],"atum_stock_status":"instock","restock_status":false,"low_stock_amount":"","sales_update_date":"2026-02-06T00:01:59","calc_backorders":null,"_links":{"self":[{"href":"https:\/\/aromasentia.com\/no\/wp-json\/wp\/v2\/product\/203865","targetHints":{"allow":["GET"]}}],"collection":[{"href":"https:\/\/aromasentia.com\/no\/wp-json\/wp\/v2\/product"}],"about":[{"href":"https:\/\/aromasentia.com\/no\/wp-json\/wp\/v2\/types\/product"}],"replies":[{"embeddable":true,"href":"https:\/\/aromasentia.com\/no\/wp-json\/wp\/v2\/comments?post=203865"}],"version-history":[{"count":0,"href":"https:\/\/aromasentia.com\/no\/wp-json\/wp\/v2\/product\/203865\/revisions"}],"wp:featuredmedia":[{"embeddable":true,"href":"https:\/\/aromasentia.com\/no\/wp-json\/wp\/v2\/media\/424034"}],"wp:attachment":[{"href":"https:\/\/aromasentia.com\/no\/wp-json\/wp\/v2\/media?parent=203865"}],"wp:term":[{"taxonomy":"product_brand","embeddable":true,"href":"https:\/\/aromasentia.com\/no\/wp-json\/wp\/v2\/product_brand?post=203865"},{"taxonomy":"product_cat","embeddable":true,"href":"https:\/\/aromasentia.com\/no\/wp-json\/wp\/v2\/product_cat?post=203865"},{"taxonomy":"product_tag","embeddable":true,"href":"https:\/\/aromasentia.com\/no\/wp-json\/wp\/v2\/product_tag?post=203865"}],"curies":[{"name":"wp","href":"https:\/\/api.w.org\/{rel}","templated":true}]}}