{"id":203864,"date":"2025-03-23T11:06:32","date_gmt":"2025-03-23T11:06:32","guid":{"rendered":"https:\/\/aromasentia.com\/product\/gemstone-manifestation-bracelet-rose-quartz-love\/"},"modified":"2025-05-31T00:17:45","modified_gmt":"2025-05-31T00:17:45","slug":"manifestasjons-armband-rosekvarts-kjaerlighet","status":"publish","type":"product","link":"https:\/\/aromasentia.com\/no\/manifestasjons-armband-rosekvarts-kjaerlighet\/","title":{"rendered":"Manifestasjons Armb\u00e5nd &#8211; Rosekvarts &#8211; Kj\u00e6rlighet"},"content":{"rendered":"<p><span style=\"color: rgb(75, 80, 88);\"><strong>Edelstensmanifestasjonsarmb\u00e5nd &#8211; Rosenkvarts &#8211; Kj\u00e6rlighet<\/strong><\/span><\/p>\n<p><span style=\"color: rgb(75, 80, 88);\">Berik utvalget i butikken din med et fengslende edelstensbekreftelsesarmb\u00e5nd med den milde omfavnelsen av rosenkvarts. Dette uts\u00f8kte smykket er gjennomsyret av kj\u00e6rlighetens essens og utstr\u00e5ler en harmonisk og oppl\u00f8ftende energi. Det er omhyggelig laget med autentiske rosenkvartsperler og st\u00e5r som et kraftig symbol p\u00e5 kj\u00e6rlighet, harmoni og medf\u00f8lelse.<\/span><\/p>\n<p><span style=\"color: rgb(75, 80, 88);\">Dette armb\u00e5ndet er ideelt for \u00e5 tiltrekke kj\u00e6rlighet og fordype eksisterende forhold, og er et must i samlingen din. Hver og en er h\u00e5ndlaget til perfeksjon, noe som gj\u00f8r den til et unikt tilskudd til beholdningen din.<\/span><\/p>\n<p><span style=\"color: rgb(75, 80, 88);\">Hjelp kundene dine med \u00e5 manifestere kj\u00e6rlighet i livene sine med dette<strong>&nbsp;Edelstensmanifestasjonsarmb\u00e5ndet &#8211; Rosenkvarts &#8211; Kj\u00e6rlighet.<\/strong><\/span><\/p>\n<p><span style=\"color: rgb(75, 80, 88);\"><em>Perlest\u00f8rrelse 1 (edelsten) &#8211; 5 mm<\/em><\/span><\/p>\n<p><span style=\"color: rgb(75, 80, 88);\"><em>Armb\u00e5ndets omkrets &#8211; 9,5 cm<\/em><\/span><\/p>\n","protected":false},"excerpt":{"rendered":"<p>Edelstensmanifestasjonsarmb\u00e5nd &#8211; Rosenkvarts &#8211; Kj\u00e6rlighet Berik utvalget i butikken din med et fengslende edelstensbekreftelsesarmb\u00e5nd med den milde omfavnelsen av rosenkvarts. Dette uts\u00f8kte smykket er gjennomsyret av kj\u00e6rlighetens essens og utstr\u00e5ler en harmonisk og oppl\u00f8ftende energi. Det er omhyggelig laget med autentiske rosenkvartsperler og st\u00e5r som et kraftig symbol p\u00e5 kj\u00e6rlighet, harmoni og medf\u00f8lelse. Dette armb\u00e5ndet [&hellip;]<\/p>\n","protected":false},"featured_media":424001,"comment_status":"closed","ping_status":"open","template":"","meta":[],"product_brand":[],"product_cat":[25207,25221,25734,25746,8586],"product_tag":[],"class_list":{"0":"post-203864","1":"product","2":"type-product","3":"status-publish","4":"has-post-thumbnail","6":"product_cat-armband","7":"product_cat-krystaller-edelsteiner","8":"product_cat-kvarts","9":"product_cat-rosenkvarts","10":"product_cat-smykker-og-tilbehor","11":"pa_collection-gemstone-bracelets-for-manifestation-no","12":"pa_made-in-kina","14":"first","15":"instock","16":"purchasable","17":"product-type-simple"},"supplier_id":null,"supplier_sku":"ManB-01","barcode":null,"atum_controlled":true,"out_stock_date":null,"out_stock_threshold":null,"inheritable":false,"inbound_stock":null,"stock_on_hold":0,"sold_today":0,"sales_last_days":0,"reserved_stock":null,"customer_returns":null,"warehouse_damage":null,"lost_in_post":null,"other_logs":null,"out_stock_days":0,"lost_sales":0,"has_location":null,"update_date":"2026-02-04T10:32:53","atum_locations":[],"atum_stock_status":"instock","restock_status":false,"low_stock_amount":"","sales_update_date":"2025-09-03T00:16:27","calc_backorders":null,"_links":{"self":[{"href":"https:\/\/aromasentia.com\/no\/wp-json\/wp\/v2\/product\/203864","targetHints":{"allow":["GET"]}}],"collection":[{"href":"https:\/\/aromasentia.com\/no\/wp-json\/wp\/v2\/product"}],"about":[{"href":"https:\/\/aromasentia.com\/no\/wp-json\/wp\/v2\/types\/product"}],"replies":[{"embeddable":true,"href":"https:\/\/aromasentia.com\/no\/wp-json\/wp\/v2\/comments?post=203864"}],"version-history":[{"count":0,"href":"https:\/\/aromasentia.com\/no\/wp-json\/wp\/v2\/product\/203864\/revisions"}],"wp:featuredmedia":[{"embeddable":true,"href":"https:\/\/aromasentia.com\/no\/wp-json\/wp\/v2\/media\/424001"}],"wp:attachment":[{"href":"https:\/\/aromasentia.com\/no\/wp-json\/wp\/v2\/media?parent=203864"}],"wp:term":[{"taxonomy":"product_brand","embeddable":true,"href":"https:\/\/aromasentia.com\/no\/wp-json\/wp\/v2\/product_brand?post=203864"},{"taxonomy":"product_cat","embeddable":true,"href":"https:\/\/aromasentia.com\/no\/wp-json\/wp\/v2\/product_cat?post=203864"},{"taxonomy":"product_tag","embeddable":true,"href":"https:\/\/aromasentia.com\/no\/wp-json\/wp\/v2\/product_tag?post=203864"}],"curies":[{"name":"wp","href":"https:\/\/api.w.org\/{rel}","templated":true}]}}