{"id":203850,"date":"2025-03-23T11:06:32","date_gmt":"2025-03-23T11:06:32","guid":{"rendered":"https:\/\/aromasentia.com\/product\/laced-gemstone-hexagon-pendant-white-howlite\/"},"modified":"2025-05-31T00:17:16","modified_gmt":"2025-05-31T00:17:16","slug":"hexagonanheng-med-snorte-edelstener-hvit-howlite","status":"publish","type":"product","link":"https:\/\/aromasentia.com\/no\/hexagonanheng-med-snorte-edelstener-hvit-howlite\/","title":{"rendered":"Hexagonanheng med Sn\u00f8rte Edelstener &#8211; Hvit Howlite"},"content":{"rendered":"<p><span style=\"color: rgb(75, 80, 88);\">Oppdag det fengslende <strong>Laced Gemstone Hexagon Pendant<\/strong>, som viser frem den rolige hvite howlitten, laget i India.<\/span><\/p>\n<p><span style=\"color: rgb(75, 80, 88);\">Dette anhenget, med sin harmoniske sekskantede form, komplementerer vakkert den rolige essensen av <strong>hvit howlitt<\/strong>. Dens sn\u00f8hvite hudfarge utsmykket med delikate gr\u00e5 \u00e5rer fremkaller en f\u00f8lelse av ren ro og mindfulness. Hvit howlitt er kjent for sin evne til \u00e5 <strong>innpode avslapning, t\u00e5lmodighet og emosjonell helbredelse<\/strong>, noe som gj\u00f8r den til en perfekt f\u00f8lgesvenn for de som s\u00f8ker indre fred.<\/span><\/p>\n<p><span style=\"color: rgb(75, 80, 88);\">Hvert hvitt howlitt sekskantanheng er intrikat sn\u00f8ret, slik at edelstenens naturlige sjarm kan str\u00e5le ut med hver bruk. Den <strong>justerbare snoren<\/strong> sikrer ikke bare en komfortabel, men ogs\u00e5 en personlig passform.<\/span><\/p>\n<p><span style=\"color: rgb(75, 80, 88);\">Omfavn roen og mindfulnessen som Hvit Howlitt forestiller med dette eksepsjonelle anhenget.<\/span><\/p>\n<p><span style=\"color: rgb(75, 80, 88);\">Grip sjansen til \u00e5 introdusere kundene dine for skj\u00f8nnheten og symbolikken til Hvit Howlitt. La dem b\u00e6re med seg et stykke ro og emosjonell balanse uansett hvor de g\u00e5r.<\/span><\/p>\n<p><span style=\"color: rgb(75, 80, 88);\"><strong>Snorlengde:<\/strong> Omtrent 40 cm<\/span><\/p>\n","protected":false},"excerpt":{"rendered":"<p>Oppdag det fengslende Laced Gemstone Hexagon Pendant, som viser frem den rolige hvite howlitten, laget i India. Dette anhenget, med sin harmoniske sekskantede form, komplementerer vakkert den rolige essensen av hvit howlitt. Dens sn\u00f8hvite hudfarge utsmykket med delikate gr\u00e5 \u00e5rer fremkaller en f\u00f8lelse av ren ro og mindfulness. Hvit howlitt er kjent for sin evne [&hellip;]<\/p>\n","protected":false},"featured_media":423595,"comment_status":"closed","ping_status":"open","template":"","meta":[],"product_brand":[],"product_cat":[25214,25627,25221,8586],"product_tag":[],"class_list":{"0":"post-203850","1":"product","2":"type-product","3":"status-publish","4":"has-post-thumbnail","6":"product_cat-halskjeder-og-anheng","7":"product_cat-howlite","8":"product_cat-krystaller-edelsteiner","9":"product_cat-smykker-og-tilbehor","10":"pa_collection-laced-gemstone-pendants-no","11":"pa_made-in-india","13":"first","14":"instock","15":"purchasable","16":"product-type-simple"},"supplier_id":null,"supplier_sku":"LGemP-06","barcode":null,"atum_controlled":true,"out_stock_date":null,"out_stock_threshold":null,"inheritable":false,"inbound_stock":null,"stock_on_hold":0,"sold_today":0,"sales_last_days":0,"reserved_stock":null,"customer_returns":null,"warehouse_damage":null,"lost_in_post":null,"other_logs":null,"out_stock_days":0,"lost_sales":0,"has_location":null,"update_date":"2026-01-30T01:25:52","atum_locations":[],"atum_stock_status":"instock","restock_status":false,"low_stock_amount":"","sales_update_date":"2026-01-30T01:25:52","calc_backorders":null,"_links":{"self":[{"href":"https:\/\/aromasentia.com\/no\/wp-json\/wp\/v2\/product\/203850","targetHints":{"allow":["GET"]}}],"collection":[{"href":"https:\/\/aromasentia.com\/no\/wp-json\/wp\/v2\/product"}],"about":[{"href":"https:\/\/aromasentia.com\/no\/wp-json\/wp\/v2\/types\/product"}],"replies":[{"embeddable":true,"href":"https:\/\/aromasentia.com\/no\/wp-json\/wp\/v2\/comments?post=203850"}],"version-history":[{"count":0,"href":"https:\/\/aromasentia.com\/no\/wp-json\/wp\/v2\/product\/203850\/revisions"}],"wp:featuredmedia":[{"embeddable":true,"href":"https:\/\/aromasentia.com\/no\/wp-json\/wp\/v2\/media\/423595"}],"wp:attachment":[{"href":"https:\/\/aromasentia.com\/no\/wp-json\/wp\/v2\/media?parent=203850"}],"wp:term":[{"taxonomy":"product_brand","embeddable":true,"href":"https:\/\/aromasentia.com\/no\/wp-json\/wp\/v2\/product_brand?post=203850"},{"taxonomy":"product_cat","embeddable":true,"href":"https:\/\/aromasentia.com\/no\/wp-json\/wp\/v2\/product_cat?post=203850"},{"taxonomy":"product_tag","embeddable":true,"href":"https:\/\/aromasentia.com\/no\/wp-json\/wp\/v2\/product_tag?post=203850"}],"curies":[{"name":"wp","href":"https:\/\/api.w.org\/{rel}","templated":true}]}}