{"id":203849,"date":"2025-03-23T11:06:32","date_gmt":"2025-03-23T11:06:32","guid":{"rendered":"https:\/\/aromasentia.com\/product\/laced-gemstone-hexagon-pendant-moss-agate\/"},"modified":"2025-05-31T00:17:13","modified_gmt":"2025-05-31T00:17:13","slug":"sekskantet-anheng-med-snorte-edelstener-moss-agate","status":"publish","type":"product","link":"https:\/\/aromasentia.com\/no\/sekskantet-anheng-med-snorte-edelstener-moss-agate\/","title":{"rendered":"Sekskantet Anheng med Sn\u00f8rte Edelstener &#8211; Moss Agate"},"content":{"rendered":"<p><span style=\"color: rgb(75, 80, 88);\">Avdekk en virkelig unik og harmonisk edelsten i smykkesamlingen din med v\u00e5rt <strong>sekskantanheng med sn\u00f8ring<\/strong> med den fortryllende <strong>moseagat<\/strong>. Dette anhenget er h\u00e5ndlaget med omhu i hjertet av India, og er et mesterverk av kunst og spiritualitet.<\/span><\/p>\n<p><span style=\"color: rgb(75, 80, 88);\"><strong>sekskantformen<\/strong>, et symbol p\u00e5 perfekt balanse og harmoni, komplementerer grasi\u00f8st de naturlige underverkene til <strong>moseagat<\/strong>. De frodige, gr\u00f8nne og jordaktige innslagene ligner en frodig skog innkapslet i stein. Brukere vil f\u00f8le en umiddelbar forbindelse til naturen, en b\u00f8lge av mental klarhet og en dyp f\u00f8lelse av personlig vekst.<\/span><\/p>\n<p><span style=\"color: rgb(75, 80, 88);\">Hvert sekskantede anheng i moseagat er omtenksomt sn\u00f8ret, slik at edelstenens intrikate m\u00f8nstre kan str\u00e5le ut ved hvert blikk. Den ekstra <strong>justerbare snoren<\/strong> sikrer at den gir en komfortabel og tilpasset passform for hvert enkelt individ.<\/span><\/p>\n<p><span style=\"color: rgb(75, 80, 88);\">Del den fengslende skj\u00f8nnheten og dype symbolikken til moseagat med kundene dine, og la dem legge ut p\u00e5 en reise med selvoppdagelse og forbindelse med naturen.<\/span><\/p>\n<p><span style=\"color: rgb(75, 80, 88);\"><strong>Snorlengde:<\/strong> Omtrent 40 cm<\/span><\/p>\n","protected":false},"excerpt":{"rendered":"<p>Avdekk en virkelig unik og harmonisk edelsten i smykkesamlingen din med v\u00e5rt sekskantanheng med sn\u00f8ring med den fortryllende moseagat. Dette anhenget er h\u00e5ndlaget med omhu i hjertet av India, og er et mesterverk av kunst og spiritualitet. sekskantformen, et symbol p\u00e5 perfekt balanse og harmoni, komplementerer grasi\u00f8st de naturlige underverkene til moseagat. De frodige, gr\u00f8nne [&hellip;]<\/p>\n","protected":false},"featured_media":423570,"comment_status":"closed","ping_status":"open","template":"","meta":{"_angie_page":false},"product_brand":[],"product_cat":[25539,25214,25221,8586],"product_tag":[],"class_list":{"0":"post-203849","1":"product","2":"type-product","3":"status-publish","4":"has-post-thumbnail","6":"product_cat-agat","7":"product_cat-halskjeder-og-anheng","8":"product_cat-krystaller-edelsteiner","9":"product_cat-smykker-og-tilbehor","10":"pa_collection-laced-gemstone-pendants-no","11":"pa_made-in-india","13":"first","14":"instock","15":"purchasable","16":"product-type-simple"},"supplier_id":null,"supplier_sku":"LGemP-05","barcode":null,"atum_controlled":true,"out_stock_date":null,"out_stock_threshold":null,"inheritable":false,"inbound_stock":null,"stock_on_hold":0,"sold_today":0,"sales_last_days":0,"reserved_stock":null,"customer_returns":null,"warehouse_damage":null,"lost_in_post":null,"other_logs":null,"out_stock_days":0,"lost_sales":0,"has_location":null,"update_date":"2026-04-27T07:11:06","atum_locations":[],"atum_stock_status":"instock","restock_status":false,"low_stock_amount":"","sales_update_date":"2026-01-20T05:14:02","calc_backorders":null,"_links":{"self":[{"href":"https:\/\/aromasentia.com\/no\/wp-json\/wp\/v2\/product\/203849","targetHints":{"allow":["GET"]}}],"collection":[{"href":"https:\/\/aromasentia.com\/no\/wp-json\/wp\/v2\/product"}],"about":[{"href":"https:\/\/aromasentia.com\/no\/wp-json\/wp\/v2\/types\/product"}],"replies":[{"embeddable":true,"href":"https:\/\/aromasentia.com\/no\/wp-json\/wp\/v2\/comments?post=203849"}],"version-history":[{"count":0,"href":"https:\/\/aromasentia.com\/no\/wp-json\/wp\/v2\/product\/203849\/revisions"}],"wp:featuredmedia":[{"embeddable":true,"href":"https:\/\/aromasentia.com\/no\/wp-json\/wp\/v2\/media\/423570"}],"wp:attachment":[{"href":"https:\/\/aromasentia.com\/no\/wp-json\/wp\/v2\/media?parent=203849"}],"wp:term":[{"taxonomy":"product_brand","embeddable":true,"href":"https:\/\/aromasentia.com\/no\/wp-json\/wp\/v2\/product_brand?post=203849"},{"taxonomy":"product_cat","embeddable":true,"href":"https:\/\/aromasentia.com\/no\/wp-json\/wp\/v2\/product_cat?post=203849"},{"taxonomy":"product_tag","embeddable":true,"href":"https:\/\/aromasentia.com\/no\/wp-json\/wp\/v2\/product_tag?post=203849"}],"curies":[{"name":"wp","href":"https:\/\/api.w.org\/{rel}","templated":true}]}}