{"id":203848,"date":"2025-03-23T11:06:32","date_gmt":"2025-03-23T11:06:32","guid":{"rendered":"https:\/\/aromasentia.com\/product\/laced-gemstone-teardrop-pendant-rose-quartz\/"},"modified":"2025-05-31T00:17:11","modified_gmt":"2025-05-31T00:17:11","slug":"laced-edelsten-teardrop-anheng-rosenkvarts","status":"publish","type":"product","link":"https:\/\/aromasentia.com\/no\/laced-edelsten-teardrop-anheng-rosenkvarts\/","title":{"rendered":"Laced Edelsten Teardrop Anheng &#8211; Rosenkvarts"},"content":{"rendered":"<p><span style=\"color: rgb(75, 80, 88);\">Tilf\u00f8y et snev av raffinement og kj\u00e6rlighet til smykkeutvalget ditt med v\u00e5rt<strong>&nbsp;dr\u00e5peformede anheng med sn\u00f8ret edelsten<\/strong>, laget av den dyrebare rosenkvarts, h\u00e5ndlaget i hjertet av India.<\/span><\/p>\n<p><span style=\"color: rgb(75, 80, 88);\">Dette <strong>dr\u00e5peformede anhenget<\/strong> har ikke bare et tidl\u00f8st og grasi\u00f8st design, men fremhever ogs\u00e5 vakkert de myke og beroligende fargetonene til <strong>rosenkvarts<\/strong>. De milde rosa tonene symboliserer kj\u00e6rlighet, medf\u00f8lelse og kraften i emosjonell helbredelse. Den er kjent for \u00e5 \u00e5pne hjertechakraet, og inviterer en f\u00f8lelse av ro og \u00f8mhet inn i livet, noe som gj\u00f8r den til en sann perle for b\u00e5de stilbevisste og \u00e5ndelig tilb\u00f8yelige.<\/span><\/p>\n<p><span style=\"color: rgb(75, 80, 88);\">Hvert rosenkvarts-dr\u00e5peformet anheng er sn\u00f8ret for \u00e5 fremheve edelstenens iboende tiltrekningskraft, og den <strong>justerbare snoren<\/strong> sikrer en tilpasset passform, perfekt for enhver anledning.<\/span><\/p>\n<p><span style=\"color: rgb(75, 80, 88);\">Enten kundene dine bruker den for dens estetiske sjarm eller l\u00f8ftet om metafysiske fordeler, lover dette anhenget \u00e5 fange hjertene deres og bli et verdsatt tilskudd til smykkesamlingen deres.<\/span><\/p>\n<p><span style=\"color: rgb(75, 80, 88);\">Ikke g\u00e5 glipp av sjansen til \u00e5 tilby dette symbolet p\u00e5 eleganse og hengivenhet i butikken din; Det er en sann perle!<\/span><\/p>\n<p><span style=\"color: rgb(75, 80, 88);\"><strong>Strenglengde:<\/strong>Omtrent 35 cm<\/span><\/p>\n","protected":false},"excerpt":{"rendered":"<p>Tilf\u00f8y et snev av raffinement og kj\u00e6rlighet til smykkeutvalget ditt med v\u00e5rt&nbsp;dr\u00e5peformede anheng med sn\u00f8ret edelsten, laget av den dyrebare rosenkvarts, h\u00e5ndlaget i hjertet av India. Dette dr\u00e5peformede anhenget har ikke bare et tidl\u00f8st og grasi\u00f8st design, men fremhever ogs\u00e5 vakkert de myke og beroligende fargetonene til rosenkvarts. De milde rosa tonene symboliserer kj\u00e6rlighet, medf\u00f8lelse [&hellip;]<\/p>\n","protected":false},"featured_media":423545,"comment_status":"closed","ping_status":"open","template":"","meta":{"_angie_page":false},"product_brand":[],"product_cat":[25214,25221,25734,25746,8586],"product_tag":[],"class_list":{"0":"post-203848","1":"product","2":"type-product","3":"status-publish","4":"has-post-thumbnail","6":"product_cat-halskjeder-og-anheng","7":"product_cat-krystaller-edelsteiner","8":"product_cat-kvarts","9":"product_cat-rosenkvarts","10":"product_cat-smykker-og-tilbehor","11":"pa_collection-laced-gemstone-pendants-no","12":"pa_made-in-india","14":"first","15":"instock","16":"purchasable","17":"product-type-simple"},"supplier_id":null,"supplier_sku":"LGemP-04","barcode":null,"atum_controlled":true,"out_stock_date":null,"out_stock_threshold":null,"inheritable":false,"inbound_stock":null,"stock_on_hold":0,"sold_today":0,"sales_last_days":0,"reserved_stock":null,"customer_returns":null,"warehouse_damage":null,"lost_in_post":null,"other_logs":null,"out_stock_days":0,"lost_sales":0,"has_location":null,"update_date":"2026-04-27T07:11:06","atum_locations":[],"atum_stock_status":"instock","restock_status":false,"low_stock_amount":"","sales_update_date":"2026-01-30T01:24:41","calc_backorders":null,"_links":{"self":[{"href":"https:\/\/aromasentia.com\/no\/wp-json\/wp\/v2\/product\/203848","targetHints":{"allow":["GET"]}}],"collection":[{"href":"https:\/\/aromasentia.com\/no\/wp-json\/wp\/v2\/product"}],"about":[{"href":"https:\/\/aromasentia.com\/no\/wp-json\/wp\/v2\/types\/product"}],"replies":[{"embeddable":true,"href":"https:\/\/aromasentia.com\/no\/wp-json\/wp\/v2\/comments?post=203848"}],"version-history":[{"count":0,"href":"https:\/\/aromasentia.com\/no\/wp-json\/wp\/v2\/product\/203848\/revisions"}],"wp:featuredmedia":[{"embeddable":true,"href":"https:\/\/aromasentia.com\/no\/wp-json\/wp\/v2\/media\/423545"}],"wp:attachment":[{"href":"https:\/\/aromasentia.com\/no\/wp-json\/wp\/v2\/media?parent=203848"}],"wp:term":[{"taxonomy":"product_brand","embeddable":true,"href":"https:\/\/aromasentia.com\/no\/wp-json\/wp\/v2\/product_brand?post=203848"},{"taxonomy":"product_cat","embeddable":true,"href":"https:\/\/aromasentia.com\/no\/wp-json\/wp\/v2\/product_cat?post=203848"},{"taxonomy":"product_tag","embeddable":true,"href":"https:\/\/aromasentia.com\/no\/wp-json\/wp\/v2\/product_tag?post=203848"}],"curies":[{"name":"wp","href":"https:\/\/api.w.org\/{rel}","templated":true}]}}