{"id":203814,"date":"2025-03-23T11:06:40","date_gmt":"2025-03-23T11:06:40","guid":{"rendered":"https:\/\/aromasentia.com\/product\/twentyfour-compartment-display-tray\/"},"modified":"2025-05-31T00:15:35","modified_gmt":"2025-05-31T00:15:35","slug":"displaybrett-med-tjuefire-rom","status":"publish","type":"product","link":"https:\/\/aromasentia.com\/no\/displaybrett-med-tjuefire-rom\/","title":{"rendered":"Displaybrett med Tjuefire Rom"},"content":{"rendered":"<p><strong>Smykkeskrin for engrossalg<\/strong>, laget av naturlig polyuretan, h\u00e5ndbehandlet med et display med tjuefire rom, ideelt for utstilling av smykker og edelstener.&nbsp;<\/p>\n<p><span style=\"background-color: rgb(255, 255, 255); color: rgb(85, 85, 85);\">Smykkebrettet&nbsp;<\/span>er perfekt for benkeplater, vitrineskap og andre utstillinger p\u00e5 butikkgulvet.<\/p>\n<p><strong>Bestill i dag for \u00e5 skape det perfekte smykkehj\u00f8rnet i butikken din.<\/strong><\/p>\n<p itemprop=\"description\"><strong>St\u00f8rrelser:<\/strong><\/p>\n<p itemprop=\"description\"><strong>Displaybrett:<\/strong><\/p>\n<p itemprop=\"description\"><strong>Lengde: 35 cm, Bredde: 24 cm, H\u00f8yde 3 cm<\/strong><\/p>\n<p itemprop=\"description\"><strong>Individuelle rom:<\/strong><\/p>\n<p itemprop=\"description\"><strong>Lengde: 5 cm, Bredde: 5 cm, H\u00f8yde 2,5 cm,<\/strong><\/p>\n<p itemprop=\"description\"><strong>Lengde: 5 cm, Bredde: 5 cm, H\u00f8yde 2,5 cm,<\/strong><\/p>\n<p5cm,&nbsp;<\/strong>\n<p itemprop=\"description\"><strong>Vekt 605g<\/strong><\/p>\n","protected":false},"excerpt":{"rendered":"<p>Smykkeskrin for engrossalg, laget av naturlig polyuretan, h\u00e5ndbehandlet med et display med tjuefire rom, ideelt for utstilling av smykker og edelstener.&nbsp; Smykkebrettet&nbsp;er perfekt for benkeplater, vitrineskap og andre utstillinger p\u00e5 butikkgulvet. Bestill i dag for \u00e5 skape det perfekte smykkehj\u00f8rnet i butikken din. St\u00f8rrelser: Displaybrett: Lengde: 35 cm, Bredde: 24 cm, H\u00f8yde 3 cm Individuelle [&hellip;]<\/p>\n","protected":false},"featured_media":425889,"comment_status":"closed","ping_status":"open","template":"","meta":{"_angie_page":false},"product_brand":[],"product_cat":[8586],"product_tag":[],"class_list":{"0":"post-203814","1":"product","2":"type-product","3":"status-publish","4":"has-post-thumbnail","6":"product_cat-smykker-og-tilbehor","7":"pa_collection-natural-rattan-jewellery-display-stands-no","8":"pa_made-in-kina","10":"first","11":"instock","12":"purchasable","13":"product-type-simple"},"supplier_id":null,"supplier_sku":"NatJD-14","barcode":null,"atum_controlled":true,"out_stock_date":null,"out_stock_threshold":null,"inheritable":false,"inbound_stock":null,"stock_on_hold":0,"sold_today":0,"sales_last_days":0,"reserved_stock":null,"customer_returns":null,"warehouse_damage":null,"lost_in_post":null,"other_logs":null,"out_stock_days":0,"lost_sales":0,"has_location":null,"update_date":"2026-05-08T05:14:28","atum_locations":[],"atum_stock_status":"instock","restock_status":false,"low_stock_amount":"","sales_update_date":"2025-09-03T00:16:17","calc_backorders":null,"_links":{"self":[{"href":"https:\/\/aromasentia.com\/no\/wp-json\/wp\/v2\/product\/203814","targetHints":{"allow":["GET"]}}],"collection":[{"href":"https:\/\/aromasentia.com\/no\/wp-json\/wp\/v2\/product"}],"about":[{"href":"https:\/\/aromasentia.com\/no\/wp-json\/wp\/v2\/types\/product"}],"replies":[{"embeddable":true,"href":"https:\/\/aromasentia.com\/no\/wp-json\/wp\/v2\/comments?post=203814"}],"version-history":[{"count":0,"href":"https:\/\/aromasentia.com\/no\/wp-json\/wp\/v2\/product\/203814\/revisions"}],"wp:featuredmedia":[{"embeddable":true,"href":"https:\/\/aromasentia.com\/no\/wp-json\/wp\/v2\/media\/425889"}],"wp:attachment":[{"href":"https:\/\/aromasentia.com\/no\/wp-json\/wp\/v2\/media?parent=203814"}],"wp:term":[{"taxonomy":"product_brand","embeddable":true,"href":"https:\/\/aromasentia.com\/no\/wp-json\/wp\/v2\/product_brand?post=203814"},{"taxonomy":"product_cat","embeddable":true,"href":"https:\/\/aromasentia.com\/no\/wp-json\/wp\/v2\/product_cat?post=203814"},{"taxonomy":"product_tag","embeddable":true,"href":"https:\/\/aromasentia.com\/no\/wp-json\/wp\/v2\/product_tag?post=203814"}],"curies":[{"name":"wp","href":"https:\/\/api.w.org\/{rel}","templated":true}]}}