{"id":203811,"date":"2025-03-23T11:06:40","date_gmt":"2025-03-23T11:06:40","guid":{"rendered":"https:\/\/aromasentia.com\/product\/large-bangle-t-stand-cream\/"},"modified":"2025-05-31T00:15:29","modified_gmt":"2025-05-31T00:15:29","slug":"stort-armlenke-t-stativ-kremfarget","status":"publish","type":"product","link":"https:\/\/aromasentia.com\/no\/stort-armlenke-t-stativ-kremfarget\/","title":{"rendered":"Stort Armlenke &laquo;T&raquo;-Stativ &#8211; Kremfarget"},"content":{"rendered":"<p itemprop=\"description\"><strong>Smykkeutstillingsstativ for armringer<\/strong>, stort armringstativ laget av naturlig polyuretan, h\u00e5ndbehandlet for \u00e5 vise frem armringer, armb\u00e5nd og andre motesmykker.&nbsp;<\/p>\n<p itemprop=\"description\">Disse formene i polyuretan er pakket tett med tvunnet naturpapir for \u00e5 gi en smart og i\u00f8ynefallende naturlig<strong>&nbsp;rottingeffekt&nbsp;<\/strong>som st\u00e5r i kontrast til smykkene og gir dem ekstra stil og raffinement.<\/p>\n<p itemprop=\"description\">F\u00e5s i tre forskjellige st\u00f8rrelser og farger for \u00e5 gi maksimalt utstillingspotensial. Perfekt for benkeplater, vitrineskap og andre utstillinger p\u00e5 butikkgulvet.<\/p>\n<p itemprop=\"description\"><strong>Bestill i dag for \u00e5 skape det perfekte smykkehj\u00f8rnet i butikken din.<\/strong><\/p>\n<p itemprop=\"description\"><\/p>\n<p itemprop=\"description\"><strong>St\u00f8rrelser:<\/strong><\/p>\n<p itemprop=\"description\"><strong>H\u00f8yde 25 cm, bredde 24 cm, diameter 5 cm, lengde 14 cm<\/strong><\/p>\n<p itemprop=\"description\"><strong>Vekt 670 g<\/strong><\/p>\n","protected":false},"excerpt":{"rendered":"<p>Smykkeutstillingsstativ for armringer, stort armringstativ laget av naturlig polyuretan, h\u00e5ndbehandlet for \u00e5 vise frem armringer, armb\u00e5nd og andre motesmykker.&nbsp; Disse formene i polyuretan er pakket tett med tvunnet naturpapir for \u00e5 gi en smart og i\u00f8ynefallende naturlig&nbsp;rottingeffekt&nbsp;som st\u00e5r i kontrast til smykkene og gir dem ekstra stil og raffinement. F\u00e5s i tre forskjellige st\u00f8rrelser og [&hellip;]<\/p>\n","protected":false},"featured_media":425838,"comment_status":"closed","ping_status":"open","template":"","meta":[],"product_brand":[],"product_cat":[8586],"product_tag":[],"class_list":{"0":"post-203811","1":"product","2":"type-product","3":"status-publish","4":"has-post-thumbnail","6":"product_cat-smykker-og-tilbehor","7":"pa_collection-natural-rattan-jewellery-display-stands-no","8":"pa_made-in-kina","10":"first","11":"instock","12":"purchasable","13":"product-type-simple"},"supplier_id":null,"supplier_sku":"NatJD-04","barcode":null,"atum_controlled":true,"out_stock_date":null,"out_stock_threshold":null,"inheritable":false,"inbound_stock":null,"stock_on_hold":0,"sold_today":0,"sales_last_days":0,"reserved_stock":null,"customer_returns":null,"warehouse_damage":null,"lost_in_post":null,"other_logs":null,"out_stock_days":0,"lost_sales":0,"has_location":null,"update_date":"2026-01-30T01:24:33","atum_locations":[],"atum_stock_status":"instock","restock_status":false,"low_stock_amount":"","sales_update_date":"2026-01-30T01:24:33","calc_backorders":null,"_links":{"self":[{"href":"https:\/\/aromasentia.com\/no\/wp-json\/wp\/v2\/product\/203811","targetHints":{"allow":["GET"]}}],"collection":[{"href":"https:\/\/aromasentia.com\/no\/wp-json\/wp\/v2\/product"}],"about":[{"href":"https:\/\/aromasentia.com\/no\/wp-json\/wp\/v2\/types\/product"}],"replies":[{"embeddable":true,"href":"https:\/\/aromasentia.com\/no\/wp-json\/wp\/v2\/comments?post=203811"}],"version-history":[{"count":0,"href":"https:\/\/aromasentia.com\/no\/wp-json\/wp\/v2\/product\/203811\/revisions"}],"wp:featuredmedia":[{"embeddable":true,"href":"https:\/\/aromasentia.com\/no\/wp-json\/wp\/v2\/media\/425838"}],"wp:attachment":[{"href":"https:\/\/aromasentia.com\/no\/wp-json\/wp\/v2\/media?parent=203811"}],"wp:term":[{"taxonomy":"product_brand","embeddable":true,"href":"https:\/\/aromasentia.com\/no\/wp-json\/wp\/v2\/product_brand?post=203811"},{"taxonomy":"product_cat","embeddable":true,"href":"https:\/\/aromasentia.com\/no\/wp-json\/wp\/v2\/product_cat?post=203811"},{"taxonomy":"product_tag","embeddable":true,"href":"https:\/\/aromasentia.com\/no\/wp-json\/wp\/v2\/product_tag?post=203811"}],"curies":[{"name":"wp","href":"https:\/\/api.w.org\/{rel}","templated":true}]}}