{"id":203804,"date":"2025-03-23T11:06:40","date_gmt":"2025-03-23T11:06:40","guid":{"rendered":"https:\/\/aromasentia.com\/product\/magnetic-hematite-shamballa-bracelet-tiger-eye-cuboids\/"},"modified":"2025-05-31T00:15:01","modified_gmt":"2025-05-31T00:15:01","slug":"magnetisk-armband-hematitt-shamballa-tigeroye-kuboider","status":"publish","type":"product","link":"https:\/\/aromasentia.com\/no\/magnetisk-armband-hematitt-shamballa-tigeroye-kuboider\/","title":{"rendered":"Magnetisk Armb\u00e5nd Hematitt Shamballa &#8211; Tiger\u00f8ye-Kuboider"},"content":{"rendered":"<p><span style=\"color: rgb(75, 80, 88);\">Dette<strong>magnetiske hematitt-Shamballa-armb\u00e5ndet &#8211; Tiger\u00f8ye-kuber<\/strong>er<strong>&nbsp;<\/strong>unisex, one-size, helsvart utseende, alle vil finne det rette for seg selv.<\/span><\/p>\n<p><span style=\"color: rgb(75, 80, 88);\">Dette fantastiske armb\u00e5ndet er en type smykke som vanligvis er laget av sm\u00e5 hematittperler, et mineral som er naturlig magnetisk. Armb\u00e5ndet er laget med en glidende makrame-knute for justerbar passform som gj\u00f8r at armb\u00e5ndet kan strekkes over h\u00e5nden og passe komfortabelt p\u00e5 h\u00e5ndleddet.<\/span><\/p>\n<p><span style=\"color: rgb(75, 80, 88);\">Shamballa-stilen er et tradisjonelt buddhistisk symbol p\u00e5 indre fred og opplysning, og den magnetiske hematitten sies \u00e5 ha helbredende egenskaper og fremme generell velv\u00e6re. &nbsp;<\/span><\/p>\n<p><span style=\"color: rgb(141, 186, 216);\"><strong>F\u00e5 tak i disse armb\u00e5ndene og se dem fly av hyllene dine.<\/strong><\/span><\/p>\n","protected":false},"excerpt":{"rendered":"<p>Dettemagnetiske hematitt-Shamballa-armb\u00e5ndet &#8211; Tiger\u00f8ye-kuberer&nbsp;unisex, one-size, helsvart utseende, alle vil finne det rette for seg selv. Dette fantastiske armb\u00e5ndet er en type smykke som vanligvis er laget av sm\u00e5 hematittperler, et mineral som er naturlig magnetisk. Armb\u00e5ndet er laget med en glidende makrame-knute for justerbar passform som gj\u00f8r at armb\u00e5ndet kan strekkes over h\u00e5nden og passe [&hellip;]<\/p>\n","protected":false},"featured_media":425671,"comment_status":"closed","ping_status":"open","template":"","meta":{"_angie_page":false},"product_brand":[],"product_cat":[25207,25621,25221,8586,25783],"product_tag":[],"class_list":{"0":"post-203804","1":"product","2":"type-product","3":"status-publish","4":"has-post-thumbnail","6":"product_cat-armband","7":"product_cat-hematitt","8":"product_cat-krystaller-edelsteiner","9":"product_cat-smykker-og-tilbehor","10":"product_cat-tigeroye","11":"pa_collection-magnetic-hematite-shamballa-bracelet-no","12":"pa_made-in-kina","14":"first","15":"instock","16":"purchasable","17":"product-type-simple"},"supplier_id":null,"supplier_sku":"MHSB-10","barcode":null,"atum_controlled":true,"out_stock_date":null,"out_stock_threshold":null,"inheritable":false,"inbound_stock":null,"stock_on_hold":0,"sold_today":0,"sales_last_days":0,"reserved_stock":null,"customer_returns":null,"warehouse_damage":null,"lost_in_post":null,"other_logs":null,"out_stock_days":0,"lost_sales":0,"has_location":null,"update_date":"2026-05-04T00:03:58","atum_locations":[],"atum_stock_status":"instock","restock_status":false,"low_stock_amount":"","sales_update_date":"2025-09-03T00:16:15","calc_backorders":null,"_links":{"self":[{"href":"https:\/\/aromasentia.com\/no\/wp-json\/wp\/v2\/product\/203804","targetHints":{"allow":["GET"]}}],"collection":[{"href":"https:\/\/aromasentia.com\/no\/wp-json\/wp\/v2\/product"}],"about":[{"href":"https:\/\/aromasentia.com\/no\/wp-json\/wp\/v2\/types\/product"}],"replies":[{"embeddable":true,"href":"https:\/\/aromasentia.com\/no\/wp-json\/wp\/v2\/comments?post=203804"}],"version-history":[{"count":0,"href":"https:\/\/aromasentia.com\/no\/wp-json\/wp\/v2\/product\/203804\/revisions"}],"wp:featuredmedia":[{"embeddable":true,"href":"https:\/\/aromasentia.com\/no\/wp-json\/wp\/v2\/media\/425671"}],"wp:attachment":[{"href":"https:\/\/aromasentia.com\/no\/wp-json\/wp\/v2\/media?parent=203804"}],"wp:term":[{"taxonomy":"product_brand","embeddable":true,"href":"https:\/\/aromasentia.com\/no\/wp-json\/wp\/v2\/product_brand?post=203804"},{"taxonomy":"product_cat","embeddable":true,"href":"https:\/\/aromasentia.com\/no\/wp-json\/wp\/v2\/product_cat?post=203804"},{"taxonomy":"product_tag","embeddable":true,"href":"https:\/\/aromasentia.com\/no\/wp-json\/wp\/v2\/product_tag?post=203804"}],"curies":[{"name":"wp","href":"https:\/\/api.w.org\/{rel}","templated":true}]}}