{"id":203751,"date":"2025-03-23T11:06:48","date_gmt":"2025-03-23T11:06:48","guid":{"rendered":"https:\/\/aromasentia.com\/product\/orgonite-power-pendant-power-block-in-dome\/"},"modified":"2025-05-31T00:12:35","modified_gmt":"2025-05-31T00:12:35","slug":"orgonite-orgonitt-power-pendant-power-block-i-kuppel","status":"publish","type":"product","link":"https:\/\/aromasentia.com\/no\/orgonite-orgonitt-power-pendant-power-block-i-kuppel\/","title":{"rendered":"Orgonite Orgonitt Power Pendant &#8211; Power Block I Kuppel"},"content":{"rendered":"<p>Wow, det blir ikke mer magisk eller esoterisk enn dette. Disse orgonitt-anhengene, noen ganger kjent som kraftflytobjekter, er laget med edelstensbiter, kobber, metallspon og har esoteriske gjenstander inni. Orgonitt har blitt veldig popul\u00e6rt som et \u00e5ndelig helbredelsesverkt\u00f8y og som beskyttelse mot elektromagnetisk forurensning.<\/p>\n<p>Mange merker positive emosjonelle effekter i n\u00e6rv\u00e6r av orgongeneratorer, hum\u00f8r og f\u00f8lelser har en tendens til \u00e5 heve seg. Noen rapporterer at de kan sove bedre og tryggere med en orgongenerator p\u00e5 soverommet.<br \/>Disse orgonittene er h\u00e5ndlaget med \u00e5ndelig inspirasjon, s\u00e5 designene kan avvike noe fra de som er avbildet.<\/p>\n<p>NB: P\u00e5 grunn av varens natur og produksjonsprosessen kan designene variere, og bildene er kun ment som illustrasjonsform\u00e5l.<\/p>\n","protected":false},"excerpt":{"rendered":"<p>Wow, det blir ikke mer magisk eller esoterisk enn dette. Disse orgonitt-anhengene, noen ganger kjent som kraftflytobjekter, er laget med edelstensbiter, kobber, metallspon og har esoteriske gjenstander inni. Orgonitt har blitt veldig popul\u00e6rt som et \u00e5ndelig helbredelsesverkt\u00f8y og som beskyttelse mot elektromagnetisk forurensning. Mange merker positive emosjonelle effekter i n\u00e6rv\u00e6r av orgongeneratorer, hum\u00f8r og f\u00f8lelser [&hellip;]<\/p>\n","protected":false},"featured_media":426868,"comment_status":"closed","ping_status":"open","template":"","meta":[],"product_brand":[],"product_cat":[25214,8586],"product_tag":[],"class_list":{"0":"post-203751","1":"product","2":"type-product","3":"status-publish","4":"has-post-thumbnail","6":"product_cat-halskjeder-og-anheng","7":"product_cat-smykker-og-tilbehor","8":"pa_collection-orgonite-power-pendants-no","9":"pa_made-in-india","11":"first","12":"instock","13":"purchasable","14":"product-type-simple"},"supplier_id":null,"supplier_sku":"OPP-07","barcode":null,"atum_controlled":true,"out_stock_date":null,"out_stock_threshold":null,"inheritable":false,"inbound_stock":null,"stock_on_hold":0,"sold_today":0,"sales_last_days":0,"reserved_stock":null,"customer_returns":null,"warehouse_damage":null,"lost_in_post":null,"other_logs":null,"out_stock_days":0,"lost_sales":0,"has_location":null,"update_date":"2026-01-30T01:25:31","atum_locations":[],"atum_stock_status":"instock","restock_status":false,"low_stock_amount":"","sales_update_date":"2026-01-30T01:25:31","calc_backorders":null,"_links":{"self":[{"href":"https:\/\/aromasentia.com\/no\/wp-json\/wp\/v2\/product\/203751","targetHints":{"allow":["GET"]}}],"collection":[{"href":"https:\/\/aromasentia.com\/no\/wp-json\/wp\/v2\/product"}],"about":[{"href":"https:\/\/aromasentia.com\/no\/wp-json\/wp\/v2\/types\/product"}],"replies":[{"embeddable":true,"href":"https:\/\/aromasentia.com\/no\/wp-json\/wp\/v2\/comments?post=203751"}],"version-history":[{"count":0,"href":"https:\/\/aromasentia.com\/no\/wp-json\/wp\/v2\/product\/203751\/revisions"}],"wp:featuredmedia":[{"embeddable":true,"href":"https:\/\/aromasentia.com\/no\/wp-json\/wp\/v2\/media\/426868"}],"wp:attachment":[{"href":"https:\/\/aromasentia.com\/no\/wp-json\/wp\/v2\/media?parent=203751"}],"wp:term":[{"taxonomy":"product_brand","embeddable":true,"href":"https:\/\/aromasentia.com\/no\/wp-json\/wp\/v2\/product_brand?post=203751"},{"taxonomy":"product_cat","embeddable":true,"href":"https:\/\/aromasentia.com\/no\/wp-json\/wp\/v2\/product_cat?post=203751"},{"taxonomy":"product_tag","embeddable":true,"href":"https:\/\/aromasentia.com\/no\/wp-json\/wp\/v2\/product_tag?post=203751"}],"curies":[{"name":"wp","href":"https:\/\/api.w.org\/{rel}","templated":true}]}}