{"id":203729,"date":"2025-03-23T11:06:55","date_gmt":"2025-03-23T11:06:55","guid":{"rendered":"https:\/\/aromasentia.com\/product\/selenite-heart-pendant\/"},"modified":"2025-05-31T00:11:24","modified_gmt":"2025-05-31T00:11:24","slug":"selenitt-hjerteanheng","status":"publish","type":"product","link":"https:\/\/aromasentia.com\/no\/selenitt-hjerteanheng\/","title":{"rendered":"Selenitt Hjerteanheng"},"content":{"rendered":"<p><font color=\"#4b5058\">Selenitt har v\u00e6rt en stor suksess i det siste, og derfor tilbyr vi ogs\u00e5 tilbeh\u00f8r og smykker laget av dette fascinerende materialet! Selenitt er en praktisk talt gjennomskinnelig naturstein.<\/font> <\/p>\n","protected":false},"excerpt":{"rendered":"<p>Selenitt har v\u00e6rt en stor suksess i det siste, og derfor tilbyr vi ogs\u00e5 tilbeh\u00f8r og smykker laget av dette fascinerende materialet! Selenitt er en praktisk talt gjennomskinnelig naturstein.<\/p>\n","protected":false},"featured_media":429171,"comment_status":"closed","ping_status":"open","template":"","meta":{"_angie_page":false},"product_brand":[],"product_cat":[25214,25221,10872,8586],"product_tag":[],"class_list":{"0":"post-203729","1":"product","2":"type-product","3":"status-publish","4":"has-post-thumbnail","6":"product_cat-halskjeder-og-anheng","7":"product_cat-krystaller-edelsteiner","8":"product_cat-selenitt","9":"product_cat-smykker-og-tilbehor","10":"pa_collection-selenite-pendants-no","11":"pa_made-in-marokko","13":"first","14":"instock","15":"purchasable","16":"product-type-simple"},"supplier_id":null,"supplier_sku":"SelPen-01","barcode":null,"atum_controlled":true,"out_stock_date":null,"out_stock_threshold":null,"inheritable":false,"inbound_stock":null,"stock_on_hold":0,"sold_today":0,"sales_last_days":0,"reserved_stock":null,"customer_returns":null,"warehouse_damage":null,"lost_in_post":null,"other_logs":null,"out_stock_days":0,"lost_sales":0,"has_location":null,"update_date":"2026-05-04T00:04:58","atum_locations":[],"atum_stock_status":"instock","restock_status":false,"low_stock_amount":"","sales_update_date":"2025-09-03T00:16:00","calc_backorders":null,"_links":{"self":[{"href":"https:\/\/aromasentia.com\/no\/wp-json\/wp\/v2\/product\/203729","targetHints":{"allow":["GET"]}}],"collection":[{"href":"https:\/\/aromasentia.com\/no\/wp-json\/wp\/v2\/product"}],"about":[{"href":"https:\/\/aromasentia.com\/no\/wp-json\/wp\/v2\/types\/product"}],"replies":[{"embeddable":true,"href":"https:\/\/aromasentia.com\/no\/wp-json\/wp\/v2\/comments?post=203729"}],"version-history":[{"count":0,"href":"https:\/\/aromasentia.com\/no\/wp-json\/wp\/v2\/product\/203729\/revisions"}],"wp:featuredmedia":[{"embeddable":true,"href":"https:\/\/aromasentia.com\/no\/wp-json\/wp\/v2\/media\/429171"}],"wp:attachment":[{"href":"https:\/\/aromasentia.com\/no\/wp-json\/wp\/v2\/media?parent=203729"}],"wp:term":[{"taxonomy":"product_brand","embeddable":true,"href":"https:\/\/aromasentia.com\/no\/wp-json\/wp\/v2\/product_brand?post=203729"},{"taxonomy":"product_cat","embeddable":true,"href":"https:\/\/aromasentia.com\/no\/wp-json\/wp\/v2\/product_cat?post=203729"},{"taxonomy":"product_tag","embeddable":true,"href":"https:\/\/aromasentia.com\/no\/wp-json\/wp\/v2\/product_tag?post=203729"}],"curies":[{"name":"wp","href":"https:\/\/api.w.org\/{rel}","templated":true}]}}