{"id":203720,"date":"2025-03-23T11:06:55","date_gmt":"2025-03-23T11:06:55","guid":{"rendered":"https:\/\/aromasentia.com\/product\/silver-angel-bell-romance-18mm\/"},"modified":"2025-05-31T00:10:53","modified_gmt":"2025-05-31T00:10:53","slug":"engelsklokke-i-solv-romance-18mm","status":"publish","type":"product","link":"https:\/\/aromasentia.com\/no\/engelsklokke-i-solv-romance-18mm\/","title":{"rendered":"Engelsklokke I S\u00f8lv &#8211; Romance &#8211; 18mm"},"content":{"rendered":"<p>Disse s\u00f8lvklokkene, laget p\u00e5 bredden av det hellige fjellet Ubud, i hjertet av den dypt spirituelle \u00f8ya Bali, er kj\u00e6rlig laget og velsignet med ynde og kj\u00e6rlighet.<\/p>\n<p>Den milde lyden av den lille klokken vil ledsage brukeren og alltid bringe tankene p\u00e5 mulig tilstedev\u00e6relse av engler. Med hell og et \u00e5pent hjerte h\u00e5per man at klokken ogs\u00e5 kan tiltrekke seg oppmerksomhet fra himmelske vesener.<\/p>\n<p>Hver s\u00f8lvengleklokke har f\u00e5tt et navn, bare du, som kjenner dette navnet, kan gi klokken mening og form\u00e5l.<\/p>\n<p>En gave i form av en s\u00f8lvengleklokke er virkelig en gave fra hjertet. H\u00e5ndverksmessig laget av Bali 925 s\u00f8lv. Halssnorer ogs\u00e5 med s\u00f8lvdetaljer og spenner.<\/p>\n<p>Klokkene er balansert messing eller keramikk og harpiks.<\/p>\n","protected":false},"excerpt":{"rendered":"<p>Disse s\u00f8lvklokkene, laget p\u00e5 bredden av det hellige fjellet Ubud, i hjertet av den dypt spirituelle \u00f8ya Bali, er kj\u00e6rlig laget og velsignet med ynde og kj\u00e6rlighet. Den milde lyden av den lille klokken vil ledsage brukeren og alltid bringe tankene p\u00e5 mulig tilstedev\u00e6relse av engler. Med hell og et \u00e5pent hjerte h\u00e5per man at [&hellip;]<\/p>\n","protected":false},"featured_media":428922,"comment_status":"closed","ping_status":"open","template":"","meta":{"_angie_page":false},"product_brand":[],"product_cat":[8586],"product_tag":[],"class_list":{"0":"post-203720","1":"product","2":"type-product","3":"status-publish","4":"has-post-thumbnail","6":"product_cat-smykker-og-tilbehor","7":"pa_collection-925-silver-angel-bells-no","8":"pa_made-in-indonesia","10":"first","11":"outofstock","12":"purchasable","13":"product-type-simple"},"supplier_id":null,"supplier_sku":"SABall-03","barcode":null,"atum_controlled":true,"out_stock_date":"2025-09-05 14:08:56","out_stock_threshold":null,"inheritable":false,"inbound_stock":null,"stock_on_hold":0,"sold_today":0,"sales_last_days":0,"reserved_stock":null,"customer_returns":null,"warehouse_damage":null,"lost_in_post":null,"other_logs":null,"out_stock_days":0,"lost_sales":0,"has_location":null,"update_date":"2026-04-27T07:20:12","atum_locations":[],"atum_stock_status":"outofstock","restock_status":false,"low_stock_amount":"","sales_update_date":"2025-09-03T00:15:59","calc_backorders":null,"_links":{"self":[{"href":"https:\/\/aromasentia.com\/no\/wp-json\/wp\/v2\/product\/203720","targetHints":{"allow":["GET"]}}],"collection":[{"href":"https:\/\/aromasentia.com\/no\/wp-json\/wp\/v2\/product"}],"about":[{"href":"https:\/\/aromasentia.com\/no\/wp-json\/wp\/v2\/types\/product"}],"replies":[{"embeddable":true,"href":"https:\/\/aromasentia.com\/no\/wp-json\/wp\/v2\/comments?post=203720"}],"version-history":[{"count":0,"href":"https:\/\/aromasentia.com\/no\/wp-json\/wp\/v2\/product\/203720\/revisions"}],"wp:featuredmedia":[{"embeddable":true,"href":"https:\/\/aromasentia.com\/no\/wp-json\/wp\/v2\/media\/428922"}],"wp:attachment":[{"href":"https:\/\/aromasentia.com\/no\/wp-json\/wp\/v2\/media?parent=203720"}],"wp:term":[{"taxonomy":"product_brand","embeddable":true,"href":"https:\/\/aromasentia.com\/no\/wp-json\/wp\/v2\/product_brand?post=203720"},{"taxonomy":"product_cat","embeddable":true,"href":"https:\/\/aromasentia.com\/no\/wp-json\/wp\/v2\/product_cat?post=203720"},{"taxonomy":"product_tag","embeddable":true,"href":"https:\/\/aromasentia.com\/no\/wp-json\/wp\/v2\/product_tag?post=203720"}],"curies":[{"name":"wp","href":"https:\/\/api.w.org\/{rel}","templated":true}]}}