{"id":203703,"date":"2025-03-23T11:06:55","date_gmt":"2025-03-23T11:06:55","guid":{"rendered":"https:\/\/aromasentia.com\/product\/earrings-festive-fir-leaf-silver\/"},"modified":"2025-05-31T00:09:53","modified_gmt":"2025-05-31T00:09:53","slug":"oredobber-festlig-granblad-solv","status":"publish","type":"product","link":"https:\/\/aromasentia.com\/no\/oredobber-festlig-granblad-solv\/","title":{"rendered":"\u00d8redobber &#8211; Festlig Granblad &#8211; S\u00f8lv"},"content":{"rendered":"<p>Utrolig &nbsp;Aroma Sentia-ping&nbsp; Smykker med ekte blader &#8211; \u00d8redobber &#8211; Festive Gran Leaf &#8211; S\u00f8lv er laget med ekte blader, h\u00e5ndplukket og h\u00f8stet spesielt blad for blad. Deretter, ved hjelp av en unik elektropletteringsmetode, blir bladene gradvis, magisk &#8230; forvandlet til metall. Siden dette er ekte blader, er ikke ett eneste smykke helt likt, s\u00e5 hvert smykke som kj\u00f8pes er unikt for kunden!<\/p>\n<p>En perfekt romantisk gave til alle som elsker naturen. Ideelt for enhver gavebutikk, men de som bor p\u00e5 landsbygda kan finne mer tilknytning til dette herlige utvalget av naturlige smykker.<\/p>\n<p>\u00d8redobbenhenget m\u00e5ler omtrent 4&#215;2 (cm).<\/p>\n","protected":false},"excerpt":{"rendered":"<p>Utrolig &nbsp;Aroma Sentia-ping&nbsp; Smykker med ekte blader &#8211; \u00d8redobber &#8211; Festive Gran Leaf &#8211; S\u00f8lv er laget med ekte blader, h\u00e5ndplukket og h\u00f8stet spesielt blad for blad. Deretter, ved hjelp av en unik elektropletteringsmetode, blir bladene gradvis, magisk &#8230; forvandlet til metall. Siden dette er ekte blader, er ikke ett eneste smykke helt likt, s\u00e5 [&hellip;]<\/p>\n","protected":false},"featured_media":428225,"comment_status":"closed","ping_status":"open","template":"","meta":[],"product_brand":[],"product_cat":[8586],"product_tag":[],"class_list":{"0":"post-203703","1":"product","2":"type-product","3":"status-publish","4":"has-post-thumbnail","6":"product_cat-smykker-og-tilbehor","7":"pa_collection-real-leaf-jewellery-no","8":"pa_made-in-kina","10":"first","11":"outofstock","12":"purchasable","13":"product-type-simple"},"supplier_id":null,"supplier_sku":"POT-16A","barcode":null,"atum_controlled":true,"out_stock_date":"2025-10-09 11:00:31","out_stock_threshold":null,"inheritable":false,"inbound_stock":null,"stock_on_hold":0,"sold_today":0,"sales_last_days":0,"reserved_stock":null,"customer_returns":null,"warehouse_damage":null,"lost_in_post":null,"other_logs":null,"out_stock_days":112,"lost_sales":0,"has_location":null,"update_date":"2026-01-30T01:25:03","atum_locations":[],"atum_stock_status":"outofstock","restock_status":false,"low_stock_amount":"","sales_update_date":"2026-01-30T01:25:03","calc_backorders":null,"_links":{"self":[{"href":"https:\/\/aromasentia.com\/no\/wp-json\/wp\/v2\/product\/203703","targetHints":{"allow":["GET"]}}],"collection":[{"href":"https:\/\/aromasentia.com\/no\/wp-json\/wp\/v2\/product"}],"about":[{"href":"https:\/\/aromasentia.com\/no\/wp-json\/wp\/v2\/types\/product"}],"replies":[{"embeddable":true,"href":"https:\/\/aromasentia.com\/no\/wp-json\/wp\/v2\/comments?post=203703"}],"version-history":[{"count":0,"href":"https:\/\/aromasentia.com\/no\/wp-json\/wp\/v2\/product\/203703\/revisions"}],"wp:featuredmedia":[{"embeddable":true,"href":"https:\/\/aromasentia.com\/no\/wp-json\/wp\/v2\/media\/428225"}],"wp:attachment":[{"href":"https:\/\/aromasentia.com\/no\/wp-json\/wp\/v2\/media?parent=203703"}],"wp:term":[{"taxonomy":"product_brand","embeddable":true,"href":"https:\/\/aromasentia.com\/no\/wp-json\/wp\/v2\/product_brand?post=203703"},{"taxonomy":"product_cat","embeddable":true,"href":"https:\/\/aromasentia.com\/no\/wp-json\/wp\/v2\/product_cat?post=203703"},{"taxonomy":"product_tag","embeddable":true,"href":"https:\/\/aromasentia.com\/no\/wp-json\/wp\/v2\/product_tag?post=203703"}],"curies":[{"name":"wp","href":"https:\/\/api.w.org\/{rel}","templated":true}]}}