{"id":203695,"date":"2025-03-23T11:07:03","date_gmt":"2025-03-23T11:07:03","guid":{"rendered":"https:\/\/aromasentia.com\/product\/wide-flat-necklace-display-28x18x9cm\/"},"modified":"2025-05-31T00:09:37","modified_gmt":"2025-05-31T00:09:37","slug":"bredt-flatt-halskjede-display-28x18x9cm","status":"publish","type":"product","link":"https:\/\/aromasentia.com\/no\/bredt-flatt-halskjede-display-28x18x9cm\/","title":{"rendered":"Bredt, Flatt Halskjede-Display 28x18x9Cm"},"content":{"rendered":"<p>V\u00e5r Wide Flat Necklace Display er en allsidig og stilig l\u00f8sning for \u00e5 vise frem halskjedesamlingen din. Den store, flate overflaten, trukket i <strong>myk bl\u00e5gr\u00f8nn fl\u00f8yel<\/strong>, gir en luksuri\u00f8s og sikker bakgrunn for smykkene dine.&nbsp;<\/p>\n<p>Den <strong>naturlige trerammen<\/strong> tilf\u00f8rer et snev av varme og raffinement, og utfyller en rekke forskjellige interi\u00f8restetikker. Denne skjermen er designet for \u00e5 romme et bredt spekter av halskjedestiler, fra delikate kjeder til statement-smykker, slik at du kan skape en visuelt tiltalende og organisert presentasjon. <\/p><\/p>\n","protected":false},"excerpt":{"rendered":"<p>V\u00e5r Wide Flat Necklace Display er en allsidig og stilig l\u00f8sning for \u00e5 vise frem halskjedesamlingen din. Den store, flate overflaten, trukket i myk bl\u00e5gr\u00f8nn fl\u00f8yel, gir en luksuri\u00f8s og sikker bakgrunn for smykkene dine.&nbsp; Den naturlige trerammen tilf\u00f8rer et snev av varme og raffinement, og utfyller en rekke forskjellige interi\u00f8restetikker. Denne skjermen er designet [&hellip;]<\/p>\n","protected":false},"featured_media":431811,"comment_status":"closed","ping_status":"open","template":"","meta":[],"product_brand":[],"product_cat":[25214,8586],"product_tag":[],"class_list":{"0":"post-203695","1":"product","2":"type-product","3":"status-publish","4":"has-post-thumbnail","6":"product_cat-halskjeder-og-anheng","7":"product_cat-smykker-og-tilbehor","8":"pa_collection-velvet-jewellery-displays-no","9":"pa_made-in-kina","11":"first","12":"instock","13":"purchasable","14":"product-type-simple"},"supplier_id":null,"supplier_sku":"VJD-12","barcode":null,"atum_controlled":true,"out_stock_date":null,"out_stock_threshold":null,"inheritable":false,"inbound_stock":null,"stock_on_hold":0,"sold_today":0,"sales_last_days":0,"reserved_stock":null,"customer_returns":null,"warehouse_damage":null,"lost_in_post":null,"other_logs":null,"out_stock_days":0,"lost_sales":0,"has_location":null,"update_date":"2026-02-11T08:32:22","atum_locations":[],"atum_stock_status":"instock","restock_status":false,"low_stock_amount":"","sales_update_date":"2026-02-06T00:02:07","calc_backorders":null,"_links":{"self":[{"href":"https:\/\/aromasentia.com\/no\/wp-json\/wp\/v2\/product\/203695","targetHints":{"allow":["GET"]}}],"collection":[{"href":"https:\/\/aromasentia.com\/no\/wp-json\/wp\/v2\/product"}],"about":[{"href":"https:\/\/aromasentia.com\/no\/wp-json\/wp\/v2\/types\/product"}],"replies":[{"embeddable":true,"href":"https:\/\/aromasentia.com\/no\/wp-json\/wp\/v2\/comments?post=203695"}],"version-history":[{"count":0,"href":"https:\/\/aromasentia.com\/no\/wp-json\/wp\/v2\/product\/203695\/revisions"}],"wp:featuredmedia":[{"embeddable":true,"href":"https:\/\/aromasentia.com\/no\/wp-json\/wp\/v2\/media\/431811"}],"wp:attachment":[{"href":"https:\/\/aromasentia.com\/no\/wp-json\/wp\/v2\/media?parent=203695"}],"wp:term":[{"taxonomy":"product_brand","embeddable":true,"href":"https:\/\/aromasentia.com\/no\/wp-json\/wp\/v2\/product_brand?post=203695"},{"taxonomy":"product_cat","embeddable":true,"href":"https:\/\/aromasentia.com\/no\/wp-json\/wp\/v2\/product_cat?post=203695"},{"taxonomy":"product_tag","embeddable":true,"href":"https:\/\/aromasentia.com\/no\/wp-json\/wp\/v2\/product_tag?post=203695"}],"curies":[{"name":"wp","href":"https:\/\/api.w.org\/{rel}","templated":true}]}}