{"id":203687,"date":"2025-03-23T11:07:03","date_gmt":"2025-03-23T11:07:03","guid":{"rendered":"https:\/\/aromasentia.com\/product\/selection-display-tray-35x24cm\/"},"modified":"2025-05-31T00:09:20","modified_gmt":"2025-05-31T00:09:20","slug":"utvalg-displaybrett-35x24cm","status":"publish","type":"product","link":"https:\/\/aromasentia.com\/no\/utvalg-displaybrett-35x24cm\/","title":{"rendered":"Utvalg Displaybrett 35x24Cm"},"content":{"rendered":"<p>V\u00e5r Selection Display Tray er en allsidig og elegant plattform for \u00e5 vise frem smykkesamlingen din. Brettet er laget av naturlig tre og utstr\u00e5ler varme og raffinement. Den romslige, flate overflaten, polstret med myk bl\u00e5gr\u00f8nn fl\u00f8yel, gir en luksuri\u00f8s og sikker ramme for en rekke smykker. Den minimalistiske designen gj\u00f8r at smykkene dine kan skinne uten distraksjoner.<\/p>\n<p>Med m\u00e5lene <strong>35 x 24 cm<\/strong> gir brettet god plass til \u00e5 sette sammen en fengslende utstilling. Fl\u00f8yelsf\u00f4ret beskytter de dyrebare smykkene dine mot riper, samtidig som det fremhever deres tiltrekningskraft.nbsp;<\/p>\n<p>Skap et innbydende utstillingsvindu med Selection Display Tray!<\/p><\/p>\n","protected":false},"excerpt":{"rendered":"<p>V\u00e5r Selection Display Tray er en allsidig og elegant plattform for \u00e5 vise frem smykkesamlingen din. Brettet er laget av naturlig tre og utstr\u00e5ler varme og raffinement. Den romslige, flate overflaten, polstret med myk bl\u00e5gr\u00f8nn fl\u00f8yel, gir en luksuri\u00f8s og sikker ramme for en rekke smykker. Den minimalistiske designen gj\u00f8r at smykkene dine kan skinne [&hellip;]<\/p>\n","protected":false},"featured_media":431531,"comment_status":"closed","ping_status":"open","template":"","meta":{"_angie_page":false},"product_brand":[],"product_cat":[8586],"product_tag":[],"class_list":{"0":"post-203687","1":"product","2":"type-product","3":"status-publish","4":"has-post-thumbnail","6":"product_cat-smykker-og-tilbehor","7":"pa_collection-velvet-jewellery-displays-no","8":"pa_made-in-kina","10":"first","11":"instock","12":"purchasable","13":"product-type-simple"},"supplier_id":null,"supplier_sku":"VJD-04","barcode":null,"atum_controlled":true,"out_stock_date":null,"out_stock_threshold":null,"inheritable":false,"inbound_stock":null,"stock_on_hold":0,"sold_today":0,"sales_last_days":0,"reserved_stock":null,"customer_returns":null,"warehouse_damage":null,"lost_in_post":null,"other_logs":null,"out_stock_days":0,"lost_sales":0,"has_location":null,"update_date":"2026-04-27T07:26:25","atum_locations":[],"atum_stock_status":"instock","restock_status":false,"low_stock_amount":"","sales_update_date":"2026-01-20T05:14:22","calc_backorders":null,"_links":{"self":[{"href":"https:\/\/aromasentia.com\/no\/wp-json\/wp\/v2\/product\/203687","targetHints":{"allow":["GET"]}}],"collection":[{"href":"https:\/\/aromasentia.com\/no\/wp-json\/wp\/v2\/product"}],"about":[{"href":"https:\/\/aromasentia.com\/no\/wp-json\/wp\/v2\/types\/product"}],"replies":[{"embeddable":true,"href":"https:\/\/aromasentia.com\/no\/wp-json\/wp\/v2\/comments?post=203687"}],"version-history":[{"count":0,"href":"https:\/\/aromasentia.com\/no\/wp-json\/wp\/v2\/product\/203687\/revisions"}],"wp:featuredmedia":[{"embeddable":true,"href":"https:\/\/aromasentia.com\/no\/wp-json\/wp\/v2\/media\/431531"}],"wp:attachment":[{"href":"https:\/\/aromasentia.com\/no\/wp-json\/wp\/v2\/media?parent=203687"}],"wp:term":[{"taxonomy":"product_brand","embeddable":true,"href":"https:\/\/aromasentia.com\/no\/wp-json\/wp\/v2\/product_brand?post=203687"},{"taxonomy":"product_cat","embeddable":true,"href":"https:\/\/aromasentia.com\/no\/wp-json\/wp\/v2\/product_cat?post=203687"},{"taxonomy":"product_tag","embeddable":true,"href":"https:\/\/aromasentia.com\/no\/wp-json\/wp\/v2\/product_tag?post=203687"}],"curies":[{"name":"wp","href":"https:\/\/api.w.org\/{rel}","templated":true}]}}