{"id":203685,"date":"2025-03-23T11:07:03","date_gmt":"2025-03-23T11:07:03","guid":{"rendered":"https:\/\/aromasentia.com\/product\/twelve-compartment-cushion-display-tray-35x24cm\/"},"modified":"2025-05-31T00:09:09","modified_gmt":"2025-05-31T00:09:09","slug":"displaybrett-med-tolv-rom-og-puter-35x24-cm","status":"publish","type":"product","link":"https:\/\/aromasentia.com\/no\/displaybrett-med-tolv-rom-og-puter-35x24-cm\/","title":{"rendered":"Displaybrett med Tolv Rom Og Puter 35&#215;24 cm"},"content":{"rendered":"<p>V\u00e5rt displaybrett med tolv rom og puter er en stilig og praktisk l\u00f8sning for \u00e5 vise frem smykkesamlingen din. Brettet er laget av naturlig tre og utstr\u00e5ler varme og eleganse. De <strong>tolv rommene<\/strong>, hvert av dem <strong>polstret med<\/strong> <strong>myk bl\u00e5gr\u00f8nn fl\u00f8yel<\/strong>, gir en luksuri\u00f8s og sikker ramme for \u00f8redobber, ringer, halskjeder og armb\u00e5nd.&nbsp;<\/p>\n<p>Kombinasjonen av tre og fl\u00f8yel skaper en sofistikert estetikk som utfyller ethvert interi\u00f8r. Dette allsidige brettet passer like godt hjemme i en smykkebutikk, en butikk som i en personlig garderobe.<\/p>\n<p>Med m\u00e5lene <strong>35 x 24 cm<\/strong> gir brettet god plass til \u00e5 organisere og vise frem de dyrebare smykkene dine. Fl\u00f8yelsputene <strong>beskytter smykkene dine mot riper<\/strong>, samtidig som de fremhever smykkenes utseende.&nbsp;<\/p>\n<p>Forbedre presentasjonen av smykkene dine med dette uts\u00f8kte utstillingsbrettet!<\/p>\n<\/p>\n<p>\n","protected":false},"excerpt":{"rendered":"<p>V\u00e5rt displaybrett med tolv rom og puter er en stilig og praktisk l\u00f8sning for \u00e5 vise frem smykkesamlingen din. Brettet er laget av naturlig tre og utstr\u00e5ler varme og eleganse. De tolv rommene, hvert av dem polstret med myk bl\u00e5gr\u00f8nn fl\u00f8yel, gir en luksuri\u00f8s og sikker ramme for \u00f8redobber, ringer, halskjeder og armb\u00e5nd.&nbsp; Kombinasjonen av [&hellip;]<\/p>\n","protected":false},"featured_media":431489,"comment_status":"closed","ping_status":"open","template":"","meta":{"_angie_page":false},"product_brand":[],"product_cat":[8586],"product_tag":[],"class_list":{"0":"post-203685","1":"product","2":"type-product","3":"status-publish","4":"has-post-thumbnail","6":"product_cat-smykker-og-tilbehor","7":"pa_collection-velvet-jewellery-displays-no","8":"pa_made-in-kina","10":"first","11":"instock","12":"purchasable","13":"product-type-simple"},"supplier_id":null,"supplier_sku":"VJD-02","barcode":null,"atum_controlled":true,"out_stock_date":null,"out_stock_threshold":null,"inheritable":false,"inbound_stock":null,"stock_on_hold":0,"sold_today":0,"sales_last_days":0,"reserved_stock":null,"customer_returns":null,"warehouse_damage":null,"lost_in_post":null,"other_logs":null,"out_stock_days":0,"lost_sales":0,"has_location":null,"update_date":"2026-04-27T07:26:25","atum_locations":[],"atum_stock_status":"instock","restock_status":false,"low_stock_amount":"","sales_update_date":"2026-01-20T05:14:22","calc_backorders":null,"_links":{"self":[{"href":"https:\/\/aromasentia.com\/no\/wp-json\/wp\/v2\/product\/203685","targetHints":{"allow":["GET"]}}],"collection":[{"href":"https:\/\/aromasentia.com\/no\/wp-json\/wp\/v2\/product"}],"about":[{"href":"https:\/\/aromasentia.com\/no\/wp-json\/wp\/v2\/types\/product"}],"replies":[{"embeddable":true,"href":"https:\/\/aromasentia.com\/no\/wp-json\/wp\/v2\/comments?post=203685"}],"version-history":[{"count":0,"href":"https:\/\/aromasentia.com\/no\/wp-json\/wp\/v2\/product\/203685\/revisions"}],"wp:featuredmedia":[{"embeddable":true,"href":"https:\/\/aromasentia.com\/no\/wp-json\/wp\/v2\/media\/431489"}],"wp:attachment":[{"href":"https:\/\/aromasentia.com\/no\/wp-json\/wp\/v2\/media?parent=203685"}],"wp:term":[{"taxonomy":"product_brand","embeddable":true,"href":"https:\/\/aromasentia.com\/no\/wp-json\/wp\/v2\/product_brand?post=203685"},{"taxonomy":"product_cat","embeddable":true,"href":"https:\/\/aromasentia.com\/no\/wp-json\/wp\/v2\/product_cat?post=203685"},{"taxonomy":"product_tag","embeddable":true,"href":"https:\/\/aromasentia.com\/no\/wp-json\/wp\/v2\/product_tag?post=203685"}],"curies":[{"name":"wp","href":"https:\/\/api.w.org\/{rel}","templated":true}]}}