{"id":203684,"date":"2025-03-23T11:07:03","date_gmt":"2025-03-23T11:07:03","guid":{"rendered":"https:\/\/aromasentia.com\/product\/twelve-compartment-display-tray-35x24cm\/"},"modified":"2025-05-31T00:09:06","modified_gmt":"2025-05-31T00:09:06","slug":"displaybrett-med-tolv-rom-35x24-cm","status":"publish","type":"product","link":"https:\/\/aromasentia.com\/no\/displaybrett-med-tolv-rom-35x24-cm\/","title":{"rendered":"Displaybrett med Tolv Rom 35&#215;24 cm"},"content":{"rendered":"<p>Dette elegante og allsidige utstillingsbrettet i fl\u00f8yel er perfekt til \u00e5 vise frem en rekke ulike smykker. Det har <strong>tolv rom av samme st\u00f8rrelse<\/strong>, slik at du kan organisere og vise frem <strong>\u00f8redobber, ringer, halskjeder og armb\u00e5nd<\/strong> p\u00e5 en ryddig m\u00e5te. Skuffen er <strong>foret med myk, bl\u00e5gr\u00f8nn fl\u00f8yel for \u00e5 beskytte smykkene<\/strong> og tilf\u00f8re et snev av luksus. Den naturlige trerammen gir en varm og innbydende touch. Dette brettet er ideelt for bruk i smykkebutikker, butikker og hjemme.<\/p>\n<p><em>M\u00e5l: 35 cm x 24 cm<\/em><\/p>\n","protected":false},"excerpt":{"rendered":"<p>Dette elegante og allsidige utstillingsbrettet i fl\u00f8yel er perfekt til \u00e5 vise frem en rekke ulike smykker. Det har tolv rom av samme st\u00f8rrelse, slik at du kan organisere og vise frem \u00f8redobber, ringer, halskjeder og armb\u00e5nd p\u00e5 en ryddig m\u00e5te. Skuffen er foret med myk, bl\u00e5gr\u00f8nn fl\u00f8yel for \u00e5 beskytte smykkene og tilf\u00f8re et [&hellip;]<\/p>\n","protected":false},"featured_media":431472,"comment_status":"closed","ping_status":"open","template":"","meta":{"_angie_page":false},"product_brand":[],"product_cat":[8586],"product_tag":[],"class_list":{"0":"post-203684","1":"product","2":"type-product","3":"status-publish","4":"has-post-thumbnail","6":"product_cat-smykker-og-tilbehor","7":"pa_collection-velvet-jewellery-displays-no","8":"pa_made-in-kina","10":"first","11":"instock","12":"purchasable","13":"product-type-simple"},"supplier_id":null,"supplier_sku":"VJD-01","barcode":null,"atum_controlled":true,"out_stock_date":null,"out_stock_threshold":null,"inheritable":false,"inbound_stock":null,"stock_on_hold":0,"sold_today":0,"sales_last_days":0,"reserved_stock":null,"customer_returns":null,"warehouse_damage":null,"lost_in_post":null,"other_logs":null,"out_stock_days":0,"lost_sales":0,"has_location":null,"update_date":"2026-04-27T07:26:25","atum_locations":[],"atum_stock_status":"instock","restock_status":false,"low_stock_amount":"","sales_update_date":"2026-01-20T05:14:33","calc_backorders":null,"_links":{"self":[{"href":"https:\/\/aromasentia.com\/no\/wp-json\/wp\/v2\/product\/203684","targetHints":{"allow":["GET"]}}],"collection":[{"href":"https:\/\/aromasentia.com\/no\/wp-json\/wp\/v2\/product"}],"about":[{"href":"https:\/\/aromasentia.com\/no\/wp-json\/wp\/v2\/types\/product"}],"replies":[{"embeddable":true,"href":"https:\/\/aromasentia.com\/no\/wp-json\/wp\/v2\/comments?post=203684"}],"version-history":[{"count":0,"href":"https:\/\/aromasentia.com\/no\/wp-json\/wp\/v2\/product\/203684\/revisions"}],"wp:featuredmedia":[{"embeddable":true,"href":"https:\/\/aromasentia.com\/no\/wp-json\/wp\/v2\/media\/431472"}],"wp:attachment":[{"href":"https:\/\/aromasentia.com\/no\/wp-json\/wp\/v2\/media?parent=203684"}],"wp:term":[{"taxonomy":"product_brand","embeddable":true,"href":"https:\/\/aromasentia.com\/no\/wp-json\/wp\/v2\/product_brand?post=203684"},{"taxonomy":"product_cat","embeddable":true,"href":"https:\/\/aromasentia.com\/no\/wp-json\/wp\/v2\/product_cat?post=203684"},{"taxonomy":"product_tag","embeddable":true,"href":"https:\/\/aromasentia.com\/no\/wp-json\/wp\/v2\/product_tag?post=203684"}],"curies":[{"name":"wp","href":"https:\/\/api.w.org\/{rel}","templated":true}]}}