{"id":203683,"date":"2025-03-23T11:07:03","date_gmt":"2025-03-23T11:07:03","guid":{"rendered":"https:\/\/aromasentia.com\/product\/temple-string-bracelet-spiritual-grounding\/"},"modified":"2025-05-31T00:09:04","modified_gmt":"2025-05-31T00:09:04","slug":"tempel-armband-snor-spirituell-jording","status":"publish","type":"product","link":"https:\/\/aromasentia.com\/no\/tempel-armband-snor-spirituell-jording\/","title":{"rendered":"Tempel Armb\u00e5nd Snor &#8211; Spirituell Jording"},"content":{"rendered":"<p><strong><span style=\"color: rgb(75, 80, 88);\">Tr\u00e5 inn i en verden av spirituell undring med disse tempelsnorarmb\u00e5ndene.<\/span><\/strong><\/p>\n<p><span style=\"color: rgb(75, 80, 88);\">Dette er ikke bare tilbeh\u00f8r; de er kundenes Guider til selvoppdagelse og opplysning, rett fra hjertet av Indonesia.<\/span><\/p>\n<p><span style=\"color: rgb(75, 80, 88);\">Hvert tempelsnor-armb\u00e5nd er unisex og one-size-fits-all, takket v\u00e6re en justerbar snor som passer komfortabelt til ethvert h\u00e5ndledd.<\/span><\/p>\n<p><span style=\"color: rgb(75, 80, 88);\">Den sjarmerende papirposeemballasjen har et fortryllende tempelbilde og armb\u00e5ndets navn. I tillegg lar en kort beskrivelse p\u00e5 engelsk deg veilede kundene dine til det perfekte armb\u00e5ndet for deres behov.<\/span><\/p>\n<p><span style=\"color: rgb(75, 80, 88);\"><strong>Bruk dette armb\u00e5ndet hvis du er fast bestemt p\u00e5 \u00e5 oppn\u00e5 noe.<\/strong><\/span><\/p>\n<p><span style=\"color: rgb(75, 80, 88);\">Det svarte snorarmb\u00e5ndet ditt symboliserer \u00e5ndelig jording, balanse og besluttsomhet. Du trenger kanskje et usynlig dytt, noe som vil holde deg i gang i livet. Med hjelp av \u00ab\u00e5ndelig jording\u00bb kan du fokusere og stoppe negative tanker fra \u00e5 \u00f8delegge veien til suksess. Med den endel\u00f8se knuten-amulett f\u00e5r denne symbolet p\u00e5 dualitet og balanse. Buddhismen l\u00e6rer at alle b\u00f8r finne en balanse mellom de feminine og maskuline egenskapene i livet. Denne balansen vekker sinnet og lar en se situasjoner i et nytt lys, og \u00e5pner deg for kreativitet og suksess.<\/p>\n","protected":false},"excerpt":{"rendered":"<p>Tr\u00e5 inn i en verden av spirituell undring med disse tempelsnorarmb\u00e5ndene. Dette er ikke bare tilbeh\u00f8r; de er kundenes Guider til selvoppdagelse og opplysning, rett fra hjertet av Indonesia. Hvert tempelsnor-armb\u00e5nd er unisex og one-size-fits-all, takket v\u00e6re en justerbar snor som passer komfortabelt til ethvert h\u00e5ndledd. Den sjarmerende papirposeemballasjen har et fortryllende tempelbilde og armb\u00e5ndets [&hellip;]<\/p>\n","protected":false},"featured_media":431431,"comment_status":"closed","ping_status":"open","template":"","meta":[],"product_brand":[],"product_cat":[25207,8586],"product_tag":[],"class_list":{"0":"post-203683","1":"product","2":"type-product","3":"status-publish","4":"has-post-thumbnail","6":"product_cat-armband","7":"product_cat-smykker-og-tilbehor","8":"pa_collection-temple-string-bracelet-no","9":"pa_made-in-indonesia","11":"first","12":"instock","13":"purchasable","14":"product-type-simple"},"supplier_id":null,"supplier_sku":"TSJ-08","barcode":null,"atum_controlled":true,"out_stock_date":null,"out_stock_threshold":null,"inheritable":false,"inbound_stock":null,"stock_on_hold":0,"sold_today":0,"sales_last_days":0,"reserved_stock":null,"customer_returns":null,"warehouse_damage":null,"lost_in_post":null,"other_logs":null,"out_stock_days":0,"lost_sales":0,"has_location":null,"update_date":"2026-02-02T12:54:47","atum_locations":[],"atum_stock_status":"instock","restock_status":false,"low_stock_amount":"","sales_update_date":"2026-01-30T01:24:26","calc_backorders":null,"_links":{"self":[{"href":"https:\/\/aromasentia.com\/no\/wp-json\/wp\/v2\/product\/203683","targetHints":{"allow":["GET"]}}],"collection":[{"href":"https:\/\/aromasentia.com\/no\/wp-json\/wp\/v2\/product"}],"about":[{"href":"https:\/\/aromasentia.com\/no\/wp-json\/wp\/v2\/types\/product"}],"replies":[{"embeddable":true,"href":"https:\/\/aromasentia.com\/no\/wp-json\/wp\/v2\/comments?post=203683"}],"version-history":[{"count":0,"href":"https:\/\/aromasentia.com\/no\/wp-json\/wp\/v2\/product\/203683\/revisions"}],"wp:featuredmedia":[{"embeddable":true,"href":"https:\/\/aromasentia.com\/no\/wp-json\/wp\/v2\/media\/431431"}],"wp:attachment":[{"href":"https:\/\/aromasentia.com\/no\/wp-json\/wp\/v2\/media?parent=203683"}],"wp:term":[{"taxonomy":"product_brand","embeddable":true,"href":"https:\/\/aromasentia.com\/no\/wp-json\/wp\/v2\/product_brand?post=203683"},{"taxonomy":"product_cat","embeddable":true,"href":"https:\/\/aromasentia.com\/no\/wp-json\/wp\/v2\/product_cat?post=203683"},{"taxonomy":"product_tag","embeddable":true,"href":"https:\/\/aromasentia.com\/no\/wp-json\/wp\/v2\/product_tag?post=203683"}],"curies":[{"name":"wp","href":"https:\/\/api.w.org\/{rel}","templated":true}]}}