{"id":203682,"date":"2025-03-23T11:07:03","date_gmt":"2025-03-23T11:07:03","guid":{"rendered":"https:\/\/aromasentia.com\/product\/temple-string-bracelet-unconditional-love\/"},"modified":"2025-05-31T00:09:02","modified_gmt":"2025-05-31T00:09:02","slug":"tempel-armband-snor-ubetinget-kjaerlighet","status":"publish","type":"product","link":"https:\/\/aromasentia.com\/no\/tempel-armband-snor-ubetinget-kjaerlighet\/","title":{"rendered":"Tempel Armb\u00e5nd Snor &#8211; Ubetinget Kj\u00e6rlighet"},"content":{"rendered":"<p><strong><span style=\"color: rgb(75, 80, 88);\">Tr\u00e5 inn i en verden av spirituell undring med disse tempelsnorarmb\u00e5ndene.<\/span><\/strong><\/p>\n<p><span style=\"color: rgb(75, 80, 88);\">Dette er ikke bare tilbeh\u00f8r; de er kundenes Guider til selvoppdagelse og opplysning, rett fra hjertet av Indonesia.<\/span><\/p>\n<p><span style=\"color: rgb(75, 80, 88);\">Hvert tempelstrengarmb\u00e5nd er unisex og one-size-fits-all, takket v\u00e6re en justerbar snor som passer komfortabelt til ethvert h\u00e5ndledd.<\/span><\/p>\n<p><span style=\"color: rgb(75, 80, 88);\">Den sjarmerende papirposeemballasjen har et fortryllende tempelbilde og armb\u00e5ndets navn. I tillegg lar en kort beskrivelse p\u00e5 engelsk deg veilede kundene dine til det perfekte armb\u00e5ndet for deres behov.<\/span><\/p>\n<p><span style=\"color: rgb(75, 80, 88);\"><strong>Bruk dette armb\u00e5ndet som en feiring av kj\u00e6rlighet.<\/strong><\/span><\/p>\n<p><span style=\"color: rgb(75, 80, 88);\">Den r\u00f8dfargede snoren p\u00e5 armb\u00e5ndet ditt er symbolsk for kj\u00e6rlighet. Det er broen mellom deg og alt. Ved \u00e5 rense sinnet for negativitet, kan denne tempelsnoren heve hum\u00f8ret ditt og hjelpe deg med \u00e5 komme i kontakt med din indre fred. Den \u00e5ndelige betydningen av hjertesymbolet handler om kj\u00e6rlighet og \u00f8mhet, men kombinert med den r\u00f8de snoren (symbolet p\u00e5 uendelig visdom) er dette armb\u00e5ndet en feiring av uendelig ubetinget kj\u00e6rlighet.<\/span><\/p>\n","protected":false},"excerpt":{"rendered":"<p>Tr\u00e5 inn i en verden av spirituell undring med disse tempelsnorarmb\u00e5ndene. Dette er ikke bare tilbeh\u00f8r; de er kundenes Guider til selvoppdagelse og opplysning, rett fra hjertet av Indonesia. Hvert tempelstrengarmb\u00e5nd er unisex og one-size-fits-all, takket v\u00e6re en justerbar snor som passer komfortabelt til ethvert h\u00e5ndledd. Den sjarmerende papirposeemballasjen har et fortryllende tempelbilde og armb\u00e5ndets [&hellip;]<\/p>\n","protected":false},"featured_media":431390,"comment_status":"closed","ping_status":"open","template":"","meta":{"_angie_page":false},"product_brand":[],"product_cat":[25207,8586],"product_tag":[],"class_list":{"0":"post-203682","1":"product","2":"type-product","3":"status-publish","4":"has-post-thumbnail","6":"product_cat-armband","7":"product_cat-smykker-og-tilbehor","8":"pa_collection-temple-string-bracelet-no","9":"pa_made-in-indonesia","11":"first","12":"instock","13":"purchasable","14":"product-type-simple"},"supplier_id":null,"supplier_sku":"TSJ-07","barcode":null,"atum_controlled":true,"out_stock_date":null,"out_stock_threshold":null,"inheritable":false,"inbound_stock":null,"stock_on_hold":0,"sold_today":0,"sales_last_days":0,"reserved_stock":null,"customer_returns":null,"warehouse_damage":null,"lost_in_post":null,"other_logs":null,"out_stock_days":0,"lost_sales":0,"has_location":null,"update_date":"2026-04-27T07:25:34","atum_locations":[],"atum_stock_status":"instock","restock_status":false,"low_stock_amount":"","sales_update_date":"2026-01-20T05:14:32","calc_backorders":null,"_links":{"self":[{"href":"https:\/\/aromasentia.com\/no\/wp-json\/wp\/v2\/product\/203682","targetHints":{"allow":["GET"]}}],"collection":[{"href":"https:\/\/aromasentia.com\/no\/wp-json\/wp\/v2\/product"}],"about":[{"href":"https:\/\/aromasentia.com\/no\/wp-json\/wp\/v2\/types\/product"}],"replies":[{"embeddable":true,"href":"https:\/\/aromasentia.com\/no\/wp-json\/wp\/v2\/comments?post=203682"}],"version-history":[{"count":0,"href":"https:\/\/aromasentia.com\/no\/wp-json\/wp\/v2\/product\/203682\/revisions"}],"wp:featuredmedia":[{"embeddable":true,"href":"https:\/\/aromasentia.com\/no\/wp-json\/wp\/v2\/media\/431390"}],"wp:attachment":[{"href":"https:\/\/aromasentia.com\/no\/wp-json\/wp\/v2\/media?parent=203682"}],"wp:term":[{"taxonomy":"product_brand","embeddable":true,"href":"https:\/\/aromasentia.com\/no\/wp-json\/wp\/v2\/product_brand?post=203682"},{"taxonomy":"product_cat","embeddable":true,"href":"https:\/\/aromasentia.com\/no\/wp-json\/wp\/v2\/product_cat?post=203682"},{"taxonomy":"product_tag","embeddable":true,"href":"https:\/\/aromasentia.com\/no\/wp-json\/wp\/v2\/product_tag?post=203682"}],"curies":[{"name":"wp","href":"https:\/\/api.w.org\/{rel}","templated":true}]}}