{"id":203680,"date":"2025-03-23T11:07:03","date_gmt":"2025-03-23T11:07:03","guid":{"rendered":"https:\/\/aromasentia.com\/product\/temple-string-bracelet-journey-of-life\/"},"modified":"2025-05-31T00:08:57","modified_gmt":"2025-05-31T00:08:57","slug":"tempel-armband-snor-livets-reise","status":"publish","type":"product","link":"https:\/\/aromasentia.com\/no\/tempel-armband-snor-livets-reise\/","title":{"rendered":"Tempel Armb\u00e5nd Snor &#8211; Livets Reise"},"content":{"rendered":"<p><strong><span style=\"color: rgb(75, 80, 88);\">Tr\u00e5 inn i en verden av spirituell undring med disse tempelsnorarmb\u00e5ndene.<\/span><\/strong><\/p>\n<p><span style=\"color: rgb(75, 80, 88);\">Dette er ikke bare tilbeh\u00f8r; de er kundenes Guider til selvoppdagelse og opplysning, rett fra hjertet av Indonesia.<\/span><\/p>\n<p><span style=\"color: rgb(75, 80, 88);\">Hvert tempelstrengarmb\u00e5nd er unisex og passer i \u00e9n st\u00f8rrelse, takket v\u00e6re en justerbar snor som passer komfortabelt til ethvert h\u00e5ndledd.<\/span><\/p>\n<p><span style=\"color: rgb(75, 80, 88);\">Den sjarmerende papirposeemballasjen har et fortryllende tempelbilde og armb\u00e5ndets navn. I tillegg lar en kort beskrivelse p\u00e5 engelsk deg veilede kundene dine til det perfekte armb\u00e5ndet for deres behov.<\/span><\/p>\n<p><span style=\"color: rgb(75, 80, 88);\"><strong>Bruk dette armb\u00e5ndet for \u00e5 sette ting i perspektiv. <\/strong><\/span><\/p>\n<p><span style=\"color: rgb(75, 80, 88);\">Armb\u00e5ndet ditt er laget med Tri Datu-tr\u00e5d fra tempelet. Dette er et symbol p\u00e5 b\u00e5ndet mellom de tre livsreisene i denne verden, som er f\u00f8dsel, liv og d\u00f8d. Tri betyr tre og Datu betyr styrke, s\u00e5 Tri Datu betyr krefter med tre styrker. De tre guddommelige kreftene i \u00e5 skape gjennom f\u00f8dsel, opprettholde i livet og vende tilbake til naturens opprinnelse i d\u00f8den. Ved \u00e5 huske p\u00e5 hele livsreisen kan vi unng\u00e5 negative tanker og tenke klokere. I nesten alle templer p\u00e5 Bali gis Tri Datu-tr\u00e5der til alle som minner oss om livets reise.<\/span><\/p>\n","protected":false},"excerpt":{"rendered":"<p>Tr\u00e5 inn i en verden av spirituell undring med disse tempelsnorarmb\u00e5ndene. Dette er ikke bare tilbeh\u00f8r; de er kundenes Guider til selvoppdagelse og opplysning, rett fra hjertet av Indonesia. Hvert tempelstrengarmb\u00e5nd er unisex og passer i \u00e9n st\u00f8rrelse, takket v\u00e6re en justerbar snor som passer komfortabelt til ethvert h\u00e5ndledd. Den sjarmerende papirposeemballasjen har et fortryllende [&hellip;]<\/p>\n","protected":false},"featured_media":431300,"comment_status":"closed","ping_status":"open","template":"","meta":[],"product_brand":[],"product_cat":[25207,8586],"product_tag":[],"class_list":{"0":"post-203680","1":"product","2":"type-product","3":"status-publish","4":"has-post-thumbnail","6":"product_cat-armband","7":"product_cat-smykker-og-tilbehor","8":"pa_collection-temple-string-bracelet-no","9":"pa_made-in-indonesia","11":"first","12":"instock","13":"purchasable","14":"product-type-simple"},"supplier_id":null,"supplier_sku":"TSJ-05","barcode":null,"atum_controlled":true,"out_stock_date":null,"out_stock_threshold":null,"inheritable":false,"inbound_stock":null,"stock_on_hold":0,"sold_today":0,"sales_last_days":0,"reserved_stock":null,"customer_returns":null,"warehouse_damage":null,"lost_in_post":null,"other_logs":null,"out_stock_days":0,"lost_sales":0,"has_location":null,"update_date":"2026-02-02T08:37:59","atum_locations":[],"atum_stock_status":"instock","restock_status":false,"low_stock_amount":"","sales_update_date":"2026-01-30T01:25:49","calc_backorders":null,"_links":{"self":[{"href":"https:\/\/aromasentia.com\/no\/wp-json\/wp\/v2\/product\/203680","targetHints":{"allow":["GET"]}}],"collection":[{"href":"https:\/\/aromasentia.com\/no\/wp-json\/wp\/v2\/product"}],"about":[{"href":"https:\/\/aromasentia.com\/no\/wp-json\/wp\/v2\/types\/product"}],"replies":[{"embeddable":true,"href":"https:\/\/aromasentia.com\/no\/wp-json\/wp\/v2\/comments?post=203680"}],"version-history":[{"count":0,"href":"https:\/\/aromasentia.com\/no\/wp-json\/wp\/v2\/product\/203680\/revisions"}],"wp:featuredmedia":[{"embeddable":true,"href":"https:\/\/aromasentia.com\/no\/wp-json\/wp\/v2\/media\/431300"}],"wp:attachment":[{"href":"https:\/\/aromasentia.com\/no\/wp-json\/wp\/v2\/media?parent=203680"}],"wp:term":[{"taxonomy":"product_brand","embeddable":true,"href":"https:\/\/aromasentia.com\/no\/wp-json\/wp\/v2\/product_brand?post=203680"},{"taxonomy":"product_cat","embeddable":true,"href":"https:\/\/aromasentia.com\/no\/wp-json\/wp\/v2\/product_cat?post=203680"},{"taxonomy":"product_tag","embeddable":true,"href":"https:\/\/aromasentia.com\/no\/wp-json\/wp\/v2\/product_tag?post=203680"}],"curies":[{"name":"wp","href":"https:\/\/api.w.org\/{rel}","templated":true}]}}