{"id":203677,"date":"2025-03-23T11:07:03","date_gmt":"2025-03-23T11:07:03","guid":{"rendered":"https:\/\/aromasentia.com\/product\/temple-string-bracelet-balance-of-nature\/"},"modified":"2025-05-31T00:08:50","modified_gmt":"2025-05-31T00:08:50","slug":"armband-med-tempelsnor-balance-of-nature","status":"publish","type":"product","link":"https:\/\/aromasentia.com\/no\/armband-med-tempelsnor-balance-of-nature\/","title":{"rendered":"Armb\u00e5nd med Tempelsnor &#8211; Balance Of Nature"},"content":{"rendered":"<p><strong><span style=\"color: rgb(75, 80, 88);\">Tr\u00e5 inn i en verden av spirituell undring med disse tempelsnorarmb\u00e5ndene.<\/span><\/strong><\/p>\n<p><span style=\"color: rgb(75, 80, 88);\">Dette er ikke bare tilbeh\u00f8r; de er kundenes Guider til selvoppdagelse og opplysning, rett fra hjertet av Indonesia.<\/span><\/p>\n<p><span style=\"color: rgb(75, 80, 88);\">Hvert tempelstrengarmb\u00e5nd er unisex og one-size-fits-all, takket v\u00e6re en justerbar snor som passer komfortabelt til ethvert h\u00e5ndledd.<\/span><\/p>\n<p><span style=\"color: rgb(75, 80, 88);\">Den sjarmerende papirposeemballasjen har et fortryllende tempelbilde og armb\u00e5ndets navn. I tillegg lar en kort beskrivelse p\u00e5 engelsk deg veilede kundene dine til det perfekte armb\u00e5ndet for deres behov.<\/span><\/p>\n<p><span style=\"color: rgb(75, 80, 88);\"><strong>Bruk dette armb\u00e5ndet for \u00e5 forst\u00e5 den mystiske balansen mellom godt og ondt.<\/strong><\/span><\/p>\n<p><span style=\"color: rgb(75, 80, 88);\">De vekslende svarte og hvite fargene p\u00e5 armb\u00e5ndet ditt er symboler p\u00e5 Rwa Bhineda, nemlig naturens balanse. I denne verden m\u00e5 det v\u00e6re svart og hvitt, godt og vondt, dette som er motsetninger, men som er n\u00f8dvendige for \u00e5 gj\u00f8re naturen balansert og harmonisk. Denne filosofien l\u00e6rer at forskjellige ting ikke kan skilles, slik som godt og vondt, dag og natt, varmt og kaldt, og denne svarte og hvite tr\u00e5den. Den kalles Poleng, et symbol p\u00e5 naturlig balanse mellom godt og ondt, velstand vil bli skapt i livet.<\/span><\/p>\n","protected":false},"excerpt":{"rendered":"<p>Tr\u00e5 inn i en verden av spirituell undring med disse tempelsnorarmb\u00e5ndene. Dette er ikke bare tilbeh\u00f8r; de er kundenes Guider til selvoppdagelse og opplysning, rett fra hjertet av Indonesia. Hvert tempelstrengarmb\u00e5nd er unisex og one-size-fits-all, takket v\u00e6re en justerbar snor som passer komfortabelt til ethvert h\u00e5ndledd. Den sjarmerende papirposeemballasjen har et fortryllende tempelbilde og armb\u00e5ndets [&hellip;]<\/p>\n","protected":false},"featured_media":431177,"comment_status":"closed","ping_status":"open","template":"","meta":[],"product_brand":[],"product_cat":[25207,8586],"product_tag":[],"class_list":{"0":"post-203677","1":"product","2":"type-product","3":"status-publish","4":"has-post-thumbnail","6":"product_cat-armband","7":"product_cat-smykker-og-tilbehor","8":"pa_collection-temple-string-bracelet-no","9":"pa_made-in-indonesia","11":"first","12":"instock","13":"purchasable","14":"product-type-simple"},"supplier_id":null,"supplier_sku":"TSJ-02","barcode":null,"atum_controlled":true,"out_stock_date":null,"out_stock_threshold":null,"inheritable":false,"inbound_stock":null,"stock_on_hold":0,"sold_today":0,"sales_last_days":0,"reserved_stock":null,"customer_returns":null,"warehouse_damage":null,"lost_in_post":null,"other_logs":null,"out_stock_days":0,"lost_sales":0,"has_location":null,"update_date":"2026-02-02T08:32:53","atum_locations":[],"atum_stock_status":"instock","restock_status":false,"low_stock_amount":"","sales_update_date":"2026-01-30T01:25:52","calc_backorders":null,"_links":{"self":[{"href":"https:\/\/aromasentia.com\/no\/wp-json\/wp\/v2\/product\/203677","targetHints":{"allow":["GET"]}}],"collection":[{"href":"https:\/\/aromasentia.com\/no\/wp-json\/wp\/v2\/product"}],"about":[{"href":"https:\/\/aromasentia.com\/no\/wp-json\/wp\/v2\/types\/product"}],"replies":[{"embeddable":true,"href":"https:\/\/aromasentia.com\/no\/wp-json\/wp\/v2\/comments?post=203677"}],"version-history":[{"count":0,"href":"https:\/\/aromasentia.com\/no\/wp-json\/wp\/v2\/product\/203677\/revisions"}],"wp:featuredmedia":[{"embeddable":true,"href":"https:\/\/aromasentia.com\/no\/wp-json\/wp\/v2\/media\/431177"}],"wp:attachment":[{"href":"https:\/\/aromasentia.com\/no\/wp-json\/wp\/v2\/media?parent=203677"}],"wp:term":[{"taxonomy":"product_brand","embeddable":true,"href":"https:\/\/aromasentia.com\/no\/wp-json\/wp\/v2\/product_brand?post=203677"},{"taxonomy":"product_cat","embeddable":true,"href":"https:\/\/aromasentia.com\/no\/wp-json\/wp\/v2\/product_cat?post=203677"},{"taxonomy":"product_tag","embeddable":true,"href":"https:\/\/aromasentia.com\/no\/wp-json\/wp\/v2\/product_tag?post=203677"}],"curies":[{"name":"wp","href":"https:\/\/api.w.org\/{rel}","templated":true}]}}